{"id":1635,"date":"2025-09-16T14:58:04","date_gmt":"2025-09-16T14:58:04","guid":{"rendered":"https:\/\/mabellevaisselle.com\/?post_type=product&#038;p=1635"},"modified":"2025-10-11T07:01:38","modified_gmt":"2025-10-11T07:01:38","slug":"casseroles-emaillees","status":"publish","type":"product","link":"https:\/\/mabellevaisselle.com\/en\/product\/casseroles-emaillees\/","title":{"rendered":"Casseroles \u00e9maill\u00e9es"},"content":{"rendered":"<p data-start=\"548\" data-end=\"859\">Ces <span style=\"color: #000000;\"><a style=\"color: #000000;\" href=\"https:\/\/mabellevaisselle.com\/en\/product\/ensemble-de-casseroles-emaillees\/\"><em>Casseroles \u00e9maill\u00e9es<\/em><\/a> <\/span>sont fabriqu\u00e9es \u00e0 partir d\u2019un acier de haute qualit\u00e9 recouvert d\u2019un <strong data-start=\"745\" data-end=\"770\">\u00e9maillage antiadh\u00e9sif<\/strong>, ces marmites garantissent une cuisson homog\u00e8ne et conservent parfaitement la chaleur.<\/p>\n<p data-start=\"861\" data-end=\"1123\">Leur <strong data-start=\"866\" data-end=\"884\">design moderne<\/strong> avec des motifs culinaires color\u00e9s apporte une touche artistique \u00e0 votre cuisine tout en restant pratique au quotidien. Adapt\u00e9es \u00e0 tous types de feux, elles sont id\u00e9ales pour mijoter, bouillir ou pr\u00e9parer de d\u00e9licieux plats familiaux.<\/p>\n<p data-start=\"1125\" data-end=\"1395\">Ces Casseroles \u00e9maill\u00e9es sont \u00e9quip\u00e9e de <strong data-start=\"1155\" data-end=\"1188\">poign\u00e9es solides et isolantes<\/strong>, et d\u2019un <strong data-start=\"1198\" data-end=\"1224\">couvercle en c\u00e9ramique<\/strong> pour pr\u00e9server la chaleur plus longtemps.<\/p>\n<p data-start=\"1125\" data-end=\"1395\">Faciles \u00e0 nettoyer et durables, elles conviennent \u00e0 une utilisation quotidienne tout en embellissant votre espace culinaire.<\/p>","protected":false},"excerpt":{"rendered":"<p>D\u00e9couvrez notre <strong data-start=\"564\" data-end=\"611\">ensemble de <span style=\"color: #000000;\"><em>Casseroles<\/em> \u00e9maill\u00e9es <\/span>multicolores<\/strong>, un parfait m\u00e9lange de <strong data-start=\"635\" data-end=\"678\">r\u00e9sistance, de design et de performance<\/strong>.<\/p>","protected":false},"featured_media":2193,"comment_status":"open","ping_status":"closed","template":"","meta":[],"product_brand":[],"product_cat":[36],"product_tag":[],"class_list":{"0":"post-1635","1":"product","2":"type-product","3":"status-publish","4":"has-post-thumbnail","6":"product_cat-tasses-super","8":"first","9":"instock","10":"sale","11":"taxable","12":"shipping-taxable","13":"purchasable","14":"product-type-simple"},"yoast_head":"<!-- This site is optimized with the Yoast SEO plugin v27.4 - https:\/\/yoast.com\/product\/yoast-seo-wordpress\/ -->\n<title>Casseroles \u00e9maill\u00e9es - Ma Belle Vaisselle<\/title>\n<meta name=\"description\" content=\"D\u00e9couvrez notre ensemble de Casseroles \u00e9maill\u00e9es multicolores, un parfait m\u00e9lange de r\u00e9sistance, de design et de performance.\" \/>\n<meta name=\"robots\" content=\"index, follow, max-snippet:-1, max-image-preview:large, max-video-preview:-1\" \/>\n<link rel=\"canonical\" href=\"https:\/\/mabellevaisselle.com\/en\/product\/casseroles-emaillees\/\" \/>\n<meta property=\"og:locale\" content=\"en_GB\" \/>\n<meta property=\"og:type\" content=\"article\" \/>\n<meta property=\"og:title\" content=\"Casseroles \u00e9maill\u00e9es - Ma Belle Vaisselle\" \/>\n<meta property=\"og:description\" content=\"D\u00e9couvrez notre ensemble de Casseroles \u00e9maill\u00e9es multicolores, un parfait m\u00e9lange de r\u00e9sistance, de design et de performance.\" \/>\n<meta property=\"og:url\" content=\"https:\/\/mabellevaisselle.com\/en\/product\/casseroles-emaillees\/\" \/>\n<meta property=\"og:site_name\" content=\"Ma Belle Vaisselle\" \/>\n<meta property=\"article:modified_time\" content=\"2025-10-11T07:01:38+00:00\" \/>\n<meta property=\"og:image\" content=\"https:\/\/mabellevaisselle.com\/wp-content\/uploads\/2025\/09\/IMG-20250914-WA0101-1.jpg\" \/>\n\t<meta property=\"og:image:width\" content=\"1080\" \/>\n\t<meta property=\"og:image:height\" content=\"742\" \/>\n\t<meta property=\"og:image:type\" content=\"image\/jpeg\" \/>\n<meta name=\"twitter:card\" content=\"summary_large_image\" \/>\n<meta name=\"twitter:label1\" content=\"Estimated reading time\" \/>\n\t<meta name=\"twitter:data1\" content=\"1 minute\" \/>\n<script type=\"application\/ld+json\" class=\"yoast-schema-graph\">{\"@context\":\"https:\\\/\\\/schema.org\",\"@graph\":[{\"@type\":\"WebPage\",\"@id\":\"https:\\\/\\\/mabellevaisselle.com\\\/product\\\/casseroles-emaillees\\\/\",\"url\":\"https:\\\/\\\/mabellevaisselle.com\\\/product\\\/casseroles-emaillees\\\/\",\"name\":\"Casseroles \u00e9maill\u00e9es - Ma Belle Vaisselle\",\"isPartOf\":{\"@id\":\"https:\\\/\\\/mabellevaisselle.com\\\/en\\\/#website\"},\"primaryImageOfPage\":{\"@id\":\"https:\\\/\\\/mabellevaisselle.com\\\/product\\\/casseroles-emaillees\\\/#primaryimage\"},\"image\":{\"@id\":\"https:\\\/\\\/mabellevaisselle.com\\\/product\\\/casseroles-emaillees\\\/#primaryimage\"},\"thumbnailUrl\":\"https:\\\/\\\/mabellevaisselle.com\\\/wp-content\\\/uploads\\\/2025\\\/09\\\/IMG-20250914-WA0101-1.jpg\",\"datePublished\":\"2025-09-16T14:58:04+00:00\",\"dateModified\":\"2025-10-11T07:01:38+00:00\",\"description\":\"D\u00e9couvrez notre ensemble de Casseroles \u00e9maill\u00e9es multicolores, un parfait m\u00e9lange de r\u00e9sistance, de design et de performance.\",\"breadcrumb\":{\"@id\":\"https:\\\/\\\/mabellevaisselle.com\\\/product\\\/casseroles-emaillees\\\/#breadcrumb\"},\"inLanguage\":\"en-GB\",\"potentialAction\":[{\"@type\":\"ReadAction\",\"target\":[\"https:\\\/\\\/mabellevaisselle.com\\\/product\\\/casseroles-emaillees\\\/\"]}]},{\"@type\":\"ImageObject\",\"inLanguage\":\"en-GB\",\"@id\":\"https:\\\/\\\/mabellevaisselle.com\\\/product\\\/casseroles-emaillees\\\/#primaryimage\",\"url\":\"https:\\\/\\\/mabellevaisselle.com\\\/wp-content\\\/uploads\\\/2025\\\/09\\\/IMG-20250914-WA0101-1.jpg\",\"contentUrl\":\"https:\\\/\\\/mabellevaisselle.com\\\/wp-content\\\/uploads\\\/2025\\\/09\\\/IMG-20250914-WA0101-1.jpg\",\"width\":1080,\"height\":742,\"caption\":\"Casserolle emaill\u00e9\"},{\"@type\":\"BreadcrumbList\",\"@id\":\"https:\\\/\\\/mabellevaisselle.com\\\/product\\\/casseroles-emaillees\\\/#breadcrumb\",\"itemListElement\":[{\"@type\":\"ListItem\",\"position\":1,\"name\":\"Home\",\"item\":\"https:\\\/\\\/mabellevaisselle.com\\\/\"},{\"@type\":\"ListItem\",\"position\":2,\"name\":\"Produits\",\"item\":\"https:\\\/\\\/mabellevaisselle.com\\\/en\\\/products\\\/\"},{\"@type\":\"ListItem\",\"position\":3,\"name\":\"Casseroles \u00e9maill\u00e9es\"}]},{\"@type\":\"WebSite\",\"@id\":\"https:\\\/\\\/mabellevaisselle.com\\\/en\\\/#website\",\"url\":\"https:\\\/\\\/mabellevaisselle.com\\\/en\\\/\",\"name\":\"Ma Belle Vaisselle\",\"description\":\"\",\"publisher\":{\"@id\":\"https:\\\/\\\/mabellevaisselle.com\\\/en\\\/#organization\"},\"potentialAction\":[{\"@type\":\"SearchAction\",\"target\":{\"@type\":\"EntryPoint\",\"urlTemplate\":\"https:\\\/\\\/mabellevaisselle.com\\\/en\\\/?s={search_term_string}\"},\"query-input\":{\"@type\":\"PropertyValueSpecification\",\"valueRequired\":true,\"valueName\":\"search_term_string\"}}],\"inLanguage\":\"en-GB\"},{\"@type\":\"Organization\",\"@id\":\"https:\\\/\\\/mabellevaisselle.com\\\/en\\\/#organization\",\"name\":\"Ma Belle Vaisselle\",\"url\":\"https:\\\/\\\/mabellevaisselle.com\\\/en\\\/\",\"logo\":{\"@type\":\"ImageObject\",\"inLanguage\":\"en-GB\",\"@id\":\"https:\\\/\\\/mabellevaisselle.com\\\/en\\\/#\\\/schema\\\/logo\\\/image\\\/\",\"url\":\"https:\\\/\\\/mabellevaisselle.com\\\/wp-content\\\/uploads\\\/2025\\\/09\\\/WhatsApp_Image_2025-09-17_a_15.49.09_381cc5bc-removebg-preview.png\",\"contentUrl\":\"https:\\\/\\\/mabellevaisselle.com\\\/wp-content\\\/uploads\\\/2025\\\/09\\\/WhatsApp_Image_2025-09-17_a_15.49.09_381cc5bc-removebg-preview.png\",\"width\":500,\"height\":500,\"caption\":\"Ma Belle Vaisselle\"},\"image\":{\"@id\":\"https:\\\/\\\/mabellevaisselle.com\\\/en\\\/#\\\/schema\\\/logo\\\/image\\\/\"},\"sameAs\":[\"https:\\\/\\\/www.tiktok.com\\\/@mabellevaiselle?lang=en-GB&is_from_webapp=1&sender_device=mobile&sender_web_id=7468115581947741701\"]}]}<\/script>\n<!-- \/ Yoast SEO plugin. -->","yoast_head_json":{"title":"Casseroles \u00e9maill\u00e9es - Ma Belle Vaisselle","description":"D\u00e9couvrez notre ensemble de Casseroles \u00e9maill\u00e9es multicolores, un parfait m\u00e9lange de r\u00e9sistance, de design et de performance.","robots":{"index":"index","follow":"follow","max-snippet":"max-snippet:-1","max-image-preview":"max-image-preview:large","max-video-preview":"max-video-preview:-1"},"canonical":"https:\/\/mabellevaisselle.com\/en\/product\/casseroles-emaillees\/","og_locale":"en_GB","og_type":"article","og_title":"Casseroles \u00e9maill\u00e9es - Ma Belle Vaisselle","og_description":"D\u00e9couvrez notre ensemble de Casseroles \u00e9maill\u00e9es multicolores, un parfait m\u00e9lange de r\u00e9sistance, de design et de performance.","og_url":"https:\/\/mabellevaisselle.com\/en\/product\/casseroles-emaillees\/","og_site_name":"Ma Belle Vaisselle","article_modified_time":"2025-10-11T07:01:38+00:00","og_image":[{"width":1080,"height":742,"url":"https:\/\/mabellevaisselle.com\/wp-content\/uploads\/2025\/09\/IMG-20250914-WA0101-1.jpg","type":"image\/jpeg"}],"twitter_card":"summary_large_image","twitter_misc":{"Estimated reading time":"1 minute"},"schema":{"@context":"https:\/\/schema.org","@graph":[{"@type":"WebPage","@id":"https:\/\/mabellevaisselle.com\/product\/casseroles-emaillees\/","url":"https:\/\/mabellevaisselle.com\/product\/casseroles-emaillees\/","name":"Casseroles \u00e9maill\u00e9es - Ma Belle Vaisselle","isPartOf":{"@id":"https:\/\/mabellevaisselle.com\/en\/#website"},"primaryImageOfPage":{"@id":"https:\/\/mabellevaisselle.com\/product\/casseroles-emaillees\/#primaryimage"},"image":{"@id":"https:\/\/mabellevaisselle.com\/product\/casseroles-emaillees\/#primaryimage"},"thumbnailUrl":"https:\/\/mabellevaisselle.com\/wp-content\/uploads\/2025\/09\/IMG-20250914-WA0101-1.jpg","datePublished":"2025-09-16T14:58:04+00:00","dateModified":"2025-10-11T07:01:38+00:00","description":"D\u00e9couvrez notre ensemble de Casseroles \u00e9maill\u00e9es multicolores, un parfait m\u00e9lange de r\u00e9sistance, de design et de performance.","breadcrumb":{"@id":"https:\/\/mabellevaisselle.com\/product\/casseroles-emaillees\/#breadcrumb"},"inLanguage":"en-GB","potentialAction":[{"@type":"ReadAction","target":["https:\/\/mabellevaisselle.com\/product\/casseroles-emaillees\/"]}]},{"@type":"ImageObject","inLanguage":"en-GB","@id":"https:\/\/mabellevaisselle.com\/product\/casseroles-emaillees\/#primaryimage","url":"https:\/\/mabellevaisselle.com\/wp-content\/uploads\/2025\/09\/IMG-20250914-WA0101-1.jpg","contentUrl":"https:\/\/mabellevaisselle.com\/wp-content\/uploads\/2025\/09\/IMG-20250914-WA0101-1.jpg","width":1080,"height":742,"caption":"Casserolle emaill\u00e9"},{"@type":"BreadcrumbList","@id":"https:\/\/mabellevaisselle.com\/product\/casseroles-emaillees\/#breadcrumb","itemListElement":[{"@type":"ListItem","position":1,"name":"Home","item":"https:\/\/mabellevaisselle.com\/"},{"@type":"ListItem","position":2,"name":"Produits","item":"https:\/\/mabellevaisselle.com\/en\/products\/"},{"@type":"ListItem","position":3,"name":"Casseroles \u00e9maill\u00e9es"}]},{"@type":"WebSite","@id":"https:\/\/mabellevaisselle.com\/en\/#website","url":"https:\/\/mabellevaisselle.com\/en\/","name":"Ma Belle Vaisselle","description":"","publisher":{"@id":"https:\/\/mabellevaisselle.com\/en\/#organization"},"potentialAction":[{"@type":"SearchAction","target":{"@type":"EntryPoint","urlTemplate":"https:\/\/mabellevaisselle.com\/en\/?s={search_term_string}"},"query-input":{"@type":"PropertyValueSpecification","valueRequired":true,"valueName":"search_term_string"}}],"inLanguage":"en-GB"},{"@type":"Organization","@id":"https:\/\/mabellevaisselle.com\/en\/#organization","name":"Ma Belle Vaisselle","url":"https:\/\/mabellevaisselle.com\/en\/","logo":{"@type":"ImageObject","inLanguage":"en-GB","@id":"https:\/\/mabellevaisselle.com\/en\/#\/schema\/logo\/image\/","url":"https:\/\/mabellevaisselle.com\/wp-content\/uploads\/2025\/09\/WhatsApp_Image_2025-09-17_a_15.49.09_381cc5bc-removebg-preview.png","contentUrl":"https:\/\/mabellevaisselle.com\/wp-content\/uploads\/2025\/09\/WhatsApp_Image_2025-09-17_a_15.49.09_381cc5bc-removebg-preview.png","width":500,"height":500,"caption":"Ma Belle Vaisselle"},"image":{"@id":"https:\/\/mabellevaisselle.com\/en\/#\/schema\/logo\/image\/"},"sameAs":["https:\/\/www.tiktok.com\/@mabellevaiselle?lang=en-GB&is_from_webapp=1&sender_device=mobile&sender_web_id=7468115581947741701"]}]}},"_links":{"self":[{"href":"https:\/\/mabellevaisselle.com\/en\/wp-json\/wp\/v2\/product\/1635","targetHints":{"allow":["GET"]}}],"collection":[{"href":"https:\/\/mabellevaisselle.com\/en\/wp-json\/wp\/v2\/product"}],"about":[{"href":"https:\/\/mabellevaisselle.com\/en\/wp-json\/wp\/v2\/types\/product"}],"replies":[{"embeddable":true,"href":"https:\/\/mabellevaisselle.com\/en\/wp-json\/wp\/v2\/comments?post=1635"}],"wp:featuredmedia":[{"embeddable":true,"href":"https:\/\/mabellevaisselle.com\/en\/wp-json\/wp\/v2\/media\/2193"}],"wp:attachment":[{"href":"https:\/\/mabellevaisselle.com\/en\/wp-json\/wp\/v2\/media?parent=1635"}],"wp:term":[{"taxonomy":"product_brand","embeddable":true,"href":"https:\/\/mabellevaisselle.com\/en\/wp-json\/wp\/v2\/product_brand?post=1635"},{"taxonomy":"product_cat","embeddable":true,"href":"https:\/\/mabellevaisselle.com\/en\/wp-json\/wp\/v2\/product_cat?post=1635"},{"taxonomy":"product_tag","embeddable":true,"href":"https:\/\/mabellevaisselle.com\/en\/wp-json\/wp\/v2\/product_tag?post=1635"}],"curies":[{"name":"wp","href":"https:\/\/api.w.org\/{rel}","templated":true}]}}