{"id":1644,"date":"2025-09-16T16:27:47","date_gmt":"2025-09-16T16:27:47","guid":{"rendered":"https:\/\/mabellevaisselle.com\/?post_type=product&#038;p=1644"},"modified":"2025-09-16T16:28:19","modified_gmt":"2025-09-16T16:28:19","slug":"set-de-casseroles-emaillees","status":"publish","type":"product","link":"https:\/\/mabellevaisselle.com\/en\/product\/set-de-casseroles-emaillees\/","title":{"rendered":"Set de casseroles \u00e9maill\u00e9es"},"content":{"rendered":"<p>Elles sont fabriqu\u00e9es \u00e0 partir de t\u00f4le m\u00e9tallique de qualit\u00e9 sup\u00e9rieure recouverte d&rsquo;une couche d&rsquo;\u00e9mail, ce qui leur conf\u00e8re une r\u00e9sistance \u00e0 la chaleur et au temps.<br \/>\nLe set pr\u00e9sent\u00e9 est de couleur blanche avec un motif de points jaunes et une bande jaune \u00e0 la base. Les casseroles \u00e9maill\u00e9es sont consid\u00e9r\u00e9es comme une option saine pour la cuisson de divers plats en comparaison avec les rev\u00eatements antiadh\u00e9sifs comme le T\u00e9flon.<\/p>","protected":false},"excerpt":{"rendered":"<p>Elles sont fabriqu\u00e9es \u00e0 partir de t\u00f4le m\u00e9tallique de qualit\u00e9 sup\u00e9rieure recouverte d&rsquo;une couche d&rsquo;\u00e9mail, ce qui leur conf\u00e8re une r\u00e9sistance \u00e0 la chaleur et au temps. Le set pr\u00e9sent\u00e9 est de couleur blanche avec un motif de points jaunes et une bande jaune \u00e0 la base. Les casseroles \u00e9maill\u00e9es sont consid\u00e9r\u00e9es comme une option [&hellip;]<\/p>","protected":false},"featured_media":1645,"comment_status":"open","ping_status":"closed","template":"","meta":[],"product_brand":[],"product_cat":[36],"product_tag":[],"class_list":{"0":"post-1644","1":"product","2":"type-product","3":"status-publish","4":"has-post-thumbnail","6":"product_cat-tasses-super","8":"first","9":"instock","10":"taxable","11":"shipping-taxable","12":"purchasable","13":"product-type-simple"},"yoast_head":"<!-- This site is optimized with the Yoast SEO plugin v27.4 - https:\/\/yoast.com\/product\/yoast-seo-wordpress\/ -->\n<title>Set de casseroles \u00e9maill\u00e9es - Ma Belle Vaisselle<\/title>\n<meta name=\"robots\" content=\"index, follow, max-snippet:-1, max-image-preview:large, max-video-preview:-1\" \/>\n<link rel=\"canonical\" href=\"https:\/\/mabellevaisselle.com\/en\/product\/set-de-casseroles-emaillees\/\" \/>\n<meta property=\"og:locale\" content=\"en_GB\" \/>\n<meta property=\"og:type\" content=\"article\" \/>\n<meta property=\"og:title\" content=\"Set de casseroles \u00e9maill\u00e9es - Ma Belle Vaisselle\" \/>\n<meta property=\"og:description\" content=\"Elles sont fabriqu\u00e9es \u00e0 partir de t\u00f4le m\u00e9tallique de qualit\u00e9 sup\u00e9rieure recouverte d&rsquo;une couche d&rsquo;\u00e9mail, ce qui leur conf\u00e8re une r\u00e9sistance \u00e0 la chaleur et au temps. Le set pr\u00e9sent\u00e9 est de couleur blanche avec un motif de points jaunes et une bande jaune \u00e0 la base. Les casseroles \u00e9maill\u00e9es sont consid\u00e9r\u00e9es comme une option [&hellip;]\" \/>\n<meta property=\"og:url\" content=\"https:\/\/mabellevaisselle.com\/en\/product\/set-de-casseroles-emaillees\/\" \/>\n<meta property=\"og:site_name\" content=\"Ma Belle Vaisselle\" \/>\n<meta property=\"article:modified_time\" content=\"2025-09-16T16:28:19+00:00\" \/>\n<meta property=\"og:image\" content=\"https:\/\/mabellevaisselle.com\/wp-content\/uploads\/2025\/09\/WhatsApp-Image-2025-09-16-a-08.25.10_6c014a69.jpg\" \/>\n\t<meta property=\"og:image:width\" content=\"1080\" \/>\n\t<meta property=\"og:image:height\" content=\"810\" \/>\n\t<meta property=\"og:image:type\" content=\"image\/jpeg\" \/>\n<meta name=\"twitter:card\" content=\"summary_large_image\" \/>\n<script type=\"application\/ld+json\" class=\"yoast-schema-graph\">{\"@context\":\"https:\\\/\\\/schema.org\",\"@graph\":[{\"@type\":\"WebPage\",\"@id\":\"https:\\\/\\\/mabellevaisselle.com\\\/product\\\/set-de-casseroles-emaillees\\\/\",\"url\":\"https:\\\/\\\/mabellevaisselle.com\\\/product\\\/set-de-casseroles-emaillees\\\/\",\"name\":\"Set de casseroles \u00e9maill\u00e9es - Ma Belle Vaisselle\",\"isPartOf\":{\"@id\":\"https:\\\/\\\/mabellevaisselle.com\\\/en\\\/#website\"},\"primaryImageOfPage\":{\"@id\":\"https:\\\/\\\/mabellevaisselle.com\\\/product\\\/set-de-casseroles-emaillees\\\/#primaryimage\"},\"image\":{\"@id\":\"https:\\\/\\\/mabellevaisselle.com\\\/product\\\/set-de-casseroles-emaillees\\\/#primaryimage\"},\"thumbnailUrl\":\"https:\\\/\\\/mabellevaisselle.com\\\/wp-content\\\/uploads\\\/2025\\\/09\\\/WhatsApp-Image-2025-09-16-a-08.25.10_6c014a69.jpg\",\"datePublished\":\"2025-09-16T16:27:47+00:00\",\"dateModified\":\"2025-09-16T16:28:19+00:00\",\"breadcrumb\":{\"@id\":\"https:\\\/\\\/mabellevaisselle.com\\\/product\\\/set-de-casseroles-emaillees\\\/#breadcrumb\"},\"inLanguage\":\"en-GB\",\"potentialAction\":[{\"@type\":\"ReadAction\",\"target\":[\"https:\\\/\\\/mabellevaisselle.com\\\/product\\\/set-de-casseroles-emaillees\\\/\"]}]},{\"@type\":\"ImageObject\",\"inLanguage\":\"en-GB\",\"@id\":\"https:\\\/\\\/mabellevaisselle.com\\\/product\\\/set-de-casseroles-emaillees\\\/#primaryimage\",\"url\":\"https:\\\/\\\/mabellevaisselle.com\\\/wp-content\\\/uploads\\\/2025\\\/09\\\/WhatsApp-Image-2025-09-16-a-08.25.10_6c014a69.jpg\",\"contentUrl\":\"https:\\\/\\\/mabellevaisselle.com\\\/wp-content\\\/uploads\\\/2025\\\/09\\\/WhatsApp-Image-2025-09-16-a-08.25.10_6c014a69.jpg\",\"width\":1080,\"height\":810},{\"@type\":\"BreadcrumbList\",\"@id\":\"https:\\\/\\\/mabellevaisselle.com\\\/product\\\/set-de-casseroles-emaillees\\\/#breadcrumb\",\"itemListElement\":[{\"@type\":\"ListItem\",\"position\":1,\"name\":\"Home\",\"item\":\"https:\\\/\\\/mabellevaisselle.com\\\/\"},{\"@type\":\"ListItem\",\"position\":2,\"name\":\"Produits\",\"item\":\"https:\\\/\\\/mabellevaisselle.com\\\/en\\\/products\\\/\"},{\"@type\":\"ListItem\",\"position\":3,\"name\":\"Set de casseroles \u00e9maill\u00e9es\"}]},{\"@type\":\"WebSite\",\"@id\":\"https:\\\/\\\/mabellevaisselle.com\\\/en\\\/#website\",\"url\":\"https:\\\/\\\/mabellevaisselle.com\\\/en\\\/\",\"name\":\"Ma Belle Vaisselle\",\"description\":\"\",\"publisher\":{\"@id\":\"https:\\\/\\\/mabellevaisselle.com\\\/en\\\/#organization\"},\"potentialAction\":[{\"@type\":\"SearchAction\",\"target\":{\"@type\":\"EntryPoint\",\"urlTemplate\":\"https:\\\/\\\/mabellevaisselle.com\\\/en\\\/?s={search_term_string}\"},\"query-input\":{\"@type\":\"PropertyValueSpecification\",\"valueRequired\":true,\"valueName\":\"search_term_string\"}}],\"inLanguage\":\"en-GB\"},{\"@type\":\"Organization\",\"@id\":\"https:\\\/\\\/mabellevaisselle.com\\\/en\\\/#organization\",\"name\":\"Ma Belle Vaisselle\",\"url\":\"https:\\\/\\\/mabellevaisselle.com\\\/en\\\/\",\"logo\":{\"@type\":\"ImageObject\",\"inLanguage\":\"en-GB\",\"@id\":\"https:\\\/\\\/mabellevaisselle.com\\\/en\\\/#\\\/schema\\\/logo\\\/image\\\/\",\"url\":\"https:\\\/\\\/mabellevaisselle.com\\\/wp-content\\\/uploads\\\/2025\\\/09\\\/WhatsApp_Image_2025-09-17_a_15.49.09_381cc5bc-removebg-preview.png\",\"contentUrl\":\"https:\\\/\\\/mabellevaisselle.com\\\/wp-content\\\/uploads\\\/2025\\\/09\\\/WhatsApp_Image_2025-09-17_a_15.49.09_381cc5bc-removebg-preview.png\",\"width\":500,\"height\":500,\"caption\":\"Ma Belle Vaisselle\"},\"image\":{\"@id\":\"https:\\\/\\\/mabellevaisselle.com\\\/en\\\/#\\\/schema\\\/logo\\\/image\\\/\"},\"sameAs\":[\"https:\\\/\\\/www.tiktok.com\\\/@mabellevaiselle?lang=en-GB&is_from_webapp=1&sender_device=mobile&sender_web_id=7468115581947741701\"]}]}<\/script>\n<!-- \/ Yoast SEO plugin. -->","yoast_head_json":{"title":"Set de casseroles \u00e9maill\u00e9es - Ma Belle Vaisselle","robots":{"index":"index","follow":"follow","max-snippet":"max-snippet:-1","max-image-preview":"max-image-preview:large","max-video-preview":"max-video-preview:-1"},"canonical":"https:\/\/mabellevaisselle.com\/en\/product\/set-de-casseroles-emaillees\/","og_locale":"en_GB","og_type":"article","og_title":"Set de casseroles \u00e9maill\u00e9es - Ma Belle Vaisselle","og_description":"Elles sont fabriqu\u00e9es \u00e0 partir de t\u00f4le m\u00e9tallique de qualit\u00e9 sup\u00e9rieure recouverte d&rsquo;une couche d&rsquo;\u00e9mail, ce qui leur conf\u00e8re une r\u00e9sistance \u00e0 la chaleur et au temps. Le set pr\u00e9sent\u00e9 est de couleur blanche avec un motif de points jaunes et une bande jaune \u00e0 la base. Les casseroles \u00e9maill\u00e9es sont consid\u00e9r\u00e9es comme une option [&hellip;]","og_url":"https:\/\/mabellevaisselle.com\/en\/product\/set-de-casseroles-emaillees\/","og_site_name":"Ma Belle Vaisselle","article_modified_time":"2025-09-16T16:28:19+00:00","og_image":[{"width":1080,"height":810,"url":"https:\/\/mabellevaisselle.com\/wp-content\/uploads\/2025\/09\/WhatsApp-Image-2025-09-16-a-08.25.10_6c014a69.jpg","type":"image\/jpeg"}],"twitter_card":"summary_large_image","schema":{"@context":"https:\/\/schema.org","@graph":[{"@type":"WebPage","@id":"https:\/\/mabellevaisselle.com\/product\/set-de-casseroles-emaillees\/","url":"https:\/\/mabellevaisselle.com\/product\/set-de-casseroles-emaillees\/","name":"Set de casseroles \u00e9maill\u00e9es - Ma Belle Vaisselle","isPartOf":{"@id":"https:\/\/mabellevaisselle.com\/en\/#website"},"primaryImageOfPage":{"@id":"https:\/\/mabellevaisselle.com\/product\/set-de-casseroles-emaillees\/#primaryimage"},"image":{"@id":"https:\/\/mabellevaisselle.com\/product\/set-de-casseroles-emaillees\/#primaryimage"},"thumbnailUrl":"https:\/\/mabellevaisselle.com\/wp-content\/uploads\/2025\/09\/WhatsApp-Image-2025-09-16-a-08.25.10_6c014a69.jpg","datePublished":"2025-09-16T16:27:47+00:00","dateModified":"2025-09-16T16:28:19+00:00","breadcrumb":{"@id":"https:\/\/mabellevaisselle.com\/product\/set-de-casseroles-emaillees\/#breadcrumb"},"inLanguage":"en-GB","potentialAction":[{"@type":"ReadAction","target":["https:\/\/mabellevaisselle.com\/product\/set-de-casseroles-emaillees\/"]}]},{"@type":"ImageObject","inLanguage":"en-GB","@id":"https:\/\/mabellevaisselle.com\/product\/set-de-casseroles-emaillees\/#primaryimage","url":"https:\/\/mabellevaisselle.com\/wp-content\/uploads\/2025\/09\/WhatsApp-Image-2025-09-16-a-08.25.10_6c014a69.jpg","contentUrl":"https:\/\/mabellevaisselle.com\/wp-content\/uploads\/2025\/09\/WhatsApp-Image-2025-09-16-a-08.25.10_6c014a69.jpg","width":1080,"height":810},{"@type":"BreadcrumbList","@id":"https:\/\/mabellevaisselle.com\/product\/set-de-casseroles-emaillees\/#breadcrumb","itemListElement":[{"@type":"ListItem","position":1,"name":"Home","item":"https:\/\/mabellevaisselle.com\/"},{"@type":"ListItem","position":2,"name":"Produits","item":"https:\/\/mabellevaisselle.com\/en\/products\/"},{"@type":"ListItem","position":3,"name":"Set de casseroles \u00e9maill\u00e9es"}]},{"@type":"WebSite","@id":"https:\/\/mabellevaisselle.com\/en\/#website","url":"https:\/\/mabellevaisselle.com\/en\/","name":"Ma Belle Vaisselle","description":"","publisher":{"@id":"https:\/\/mabellevaisselle.com\/en\/#organization"},"potentialAction":[{"@type":"SearchAction","target":{"@type":"EntryPoint","urlTemplate":"https:\/\/mabellevaisselle.com\/en\/?s={search_term_string}"},"query-input":{"@type":"PropertyValueSpecification","valueRequired":true,"valueName":"search_term_string"}}],"inLanguage":"en-GB"},{"@type":"Organization","@id":"https:\/\/mabellevaisselle.com\/en\/#organization","name":"Ma Belle Vaisselle","url":"https:\/\/mabellevaisselle.com\/en\/","logo":{"@type":"ImageObject","inLanguage":"en-GB","@id":"https:\/\/mabellevaisselle.com\/en\/#\/schema\/logo\/image\/","url":"https:\/\/mabellevaisselle.com\/wp-content\/uploads\/2025\/09\/WhatsApp_Image_2025-09-17_a_15.49.09_381cc5bc-removebg-preview.png","contentUrl":"https:\/\/mabellevaisselle.com\/wp-content\/uploads\/2025\/09\/WhatsApp_Image_2025-09-17_a_15.49.09_381cc5bc-removebg-preview.png","width":500,"height":500,"caption":"Ma Belle Vaisselle"},"image":{"@id":"https:\/\/mabellevaisselle.com\/en\/#\/schema\/logo\/image\/"},"sameAs":["https:\/\/www.tiktok.com\/@mabellevaiselle?lang=en-GB&is_from_webapp=1&sender_device=mobile&sender_web_id=7468115581947741701"]}]}},"_links":{"self":[{"href":"https:\/\/mabellevaisselle.com\/en\/wp-json\/wp\/v2\/product\/1644","targetHints":{"allow":["GET"]}}],"collection":[{"href":"https:\/\/mabellevaisselle.com\/en\/wp-json\/wp\/v2\/product"}],"about":[{"href":"https:\/\/mabellevaisselle.com\/en\/wp-json\/wp\/v2\/types\/product"}],"replies":[{"embeddable":true,"href":"https:\/\/mabellevaisselle.com\/en\/wp-json\/wp\/v2\/comments?post=1644"}],"wp:featuredmedia":[{"embeddable":true,"href":"https:\/\/mabellevaisselle.com\/en\/wp-json\/wp\/v2\/media\/1645"}],"wp:attachment":[{"href":"https:\/\/mabellevaisselle.com\/en\/wp-json\/wp\/v2\/media?parent=1644"}],"wp:term":[{"taxonomy":"product_brand","embeddable":true,"href":"https:\/\/mabellevaisselle.com\/en\/wp-json\/wp\/v2\/product_brand?post=1644"},{"taxonomy":"product_cat","embeddable":true,"href":"https:\/\/mabellevaisselle.com\/en\/wp-json\/wp\/v2\/product_cat?post=1644"},{"taxonomy":"product_tag","embeddable":true,"href":"https:\/\/mabellevaisselle.com\/en\/wp-json\/wp\/v2\/product_tag?post=1644"}],"curies":[{"name":"wp","href":"https:\/\/api.w.org\/{rel}","templated":true}]}}