{"id":1651,"date":"2025-09-16T17:11:37","date_gmt":"2025-09-16T17:11:37","guid":{"rendered":"https:\/\/mabellevaisselle.com\/?post_type=product&#038;p=1651"},"modified":"2025-09-18T12:56:51","modified_gmt":"2025-09-18T12:56:51","slug":"casseroles-isolees-de-praylady","status":"publish","type":"product","link":"https:\/\/mabellevaisselle.com\/en\/product\/casseroles-isolees-de-praylady\/","title":{"rendered":"Casseroles isol\u00e9es de Praylady"},"content":{"rendered":"<p>Ces r\u00e9cipients sont con\u00e7us pour garder les aliments chauds et frais pendant de longues p\u00e9riodes.<\/p>","protected":false},"excerpt":{"rendered":"<p>Ces r\u00e9cipients sont con\u00e7us pour garder les aliments chauds et frais pendant de longues p\u00e9riodes.<\/p>","protected":false},"featured_media":1652,"comment_status":"open","ping_status":"closed","template":"","meta":[],"product_brand":[],"product_cat":[37],"product_tag":[],"class_list":{"0":"post-1651","1":"product","2":"type-product","3":"status-publish","4":"has-post-thumbnail","6":"product_cat-decouvrez-nos-thermos-isothermes","8":"first","9":"instock","10":"taxable","11":"shipping-taxable","12":"product-type-simple"},"yoast_head":"<!-- This site is optimized with the Yoast SEO plugin v27.4 - https:\/\/yoast.com\/product\/yoast-seo-wordpress\/ -->\n<title>Casseroles isol\u00e9es de Praylady - Ma Belle Vaisselle<\/title>\n<meta name=\"robots\" content=\"index, follow, max-snippet:-1, max-image-preview:large, max-video-preview:-1\" \/>\n<link rel=\"canonical\" href=\"https:\/\/mabellevaisselle.com\/en\/product\/casseroles-isolees-de-praylady\/\" \/>\n<meta property=\"og:locale\" content=\"en_GB\" \/>\n<meta property=\"og:type\" content=\"article\" \/>\n<meta property=\"og:title\" content=\"Casseroles isol\u00e9es de Praylady - Ma Belle Vaisselle\" \/>\n<meta property=\"og:description\" content=\"Ces r\u00e9cipients sont con\u00e7us pour garder les aliments chauds et frais pendant de longues p\u00e9riodes.\" \/>\n<meta property=\"og:url\" content=\"https:\/\/mabellevaisselle.com\/en\/product\/casseroles-isolees-de-praylady\/\" \/>\n<meta property=\"og:site_name\" content=\"Ma Belle Vaisselle\" \/>\n<meta property=\"article:modified_time\" content=\"2025-09-18T12:56:51+00:00\" \/>\n<meta property=\"og:image\" content=\"https:\/\/mabellevaisselle.com\/wp-content\/uploads\/2025\/09\/WhatsApp-Image-2025-09-16-a-09.27.45_ca0536f5.jpg\" \/>\n\t<meta property=\"og:image:width\" content=\"810\" \/>\n\t<meta property=\"og:image:height\" content=\"1080\" \/>\n\t<meta property=\"og:image:type\" content=\"image\/jpeg\" \/>\n<meta name=\"twitter:card\" content=\"summary_large_image\" \/>\n<script type=\"application\/ld+json\" class=\"yoast-schema-graph\">{\"@context\":\"https:\\\/\\\/schema.org\",\"@graph\":[{\"@type\":\"WebPage\",\"@id\":\"https:\\\/\\\/mabellevaisselle.com\\\/product\\\/casseroles-isolees-de-praylady\\\/\",\"url\":\"https:\\\/\\\/mabellevaisselle.com\\\/product\\\/casseroles-isolees-de-praylady\\\/\",\"name\":\"Casseroles isol\u00e9es de Praylady - Ma Belle Vaisselle\",\"isPartOf\":{\"@id\":\"https:\\\/\\\/mabellevaisselle.com\\\/en\\\/#website\"},\"primaryImageOfPage\":{\"@id\":\"https:\\\/\\\/mabellevaisselle.com\\\/product\\\/casseroles-isolees-de-praylady\\\/#primaryimage\"},\"image\":{\"@id\":\"https:\\\/\\\/mabellevaisselle.com\\\/product\\\/casseroles-isolees-de-praylady\\\/#primaryimage\"},\"thumbnailUrl\":\"https:\\\/\\\/mabellevaisselle.com\\\/wp-content\\\/uploads\\\/2025\\\/09\\\/WhatsApp-Image-2025-09-16-a-09.27.45_ca0536f5.jpg\",\"datePublished\":\"2025-09-16T17:11:37+00:00\",\"dateModified\":\"2025-09-18T12:56:51+00:00\",\"breadcrumb\":{\"@id\":\"https:\\\/\\\/mabellevaisselle.com\\\/product\\\/casseroles-isolees-de-praylady\\\/#breadcrumb\"},\"inLanguage\":\"en-GB\",\"potentialAction\":[{\"@type\":\"ReadAction\",\"target\":[\"https:\\\/\\\/mabellevaisselle.com\\\/product\\\/casseroles-isolees-de-praylady\\\/\"]}]},{\"@type\":\"ImageObject\",\"inLanguage\":\"en-GB\",\"@id\":\"https:\\\/\\\/mabellevaisselle.com\\\/product\\\/casseroles-isolees-de-praylady\\\/#primaryimage\",\"url\":\"https:\\\/\\\/mabellevaisselle.com\\\/wp-content\\\/uploads\\\/2025\\\/09\\\/WhatsApp-Image-2025-09-16-a-09.27.45_ca0536f5.jpg\",\"contentUrl\":\"https:\\\/\\\/mabellevaisselle.com\\\/wp-content\\\/uploads\\\/2025\\\/09\\\/WhatsApp-Image-2025-09-16-a-09.27.45_ca0536f5.jpg\",\"width\":810,\"height\":1080},{\"@type\":\"BreadcrumbList\",\"@id\":\"https:\\\/\\\/mabellevaisselle.com\\\/product\\\/casseroles-isolees-de-praylady\\\/#breadcrumb\",\"itemListElement\":[{\"@type\":\"ListItem\",\"position\":1,\"name\":\"Home\",\"item\":\"https:\\\/\\\/mabellevaisselle.com\\\/\"},{\"@type\":\"ListItem\",\"position\":2,\"name\":\"Produits\",\"item\":\"https:\\\/\\\/mabellevaisselle.com\\\/en\\\/products\\\/\"},{\"@type\":\"ListItem\",\"position\":3,\"name\":\"Casseroles isol\u00e9es de Praylady\"}]},{\"@type\":\"WebSite\",\"@id\":\"https:\\\/\\\/mabellevaisselle.com\\\/en\\\/#website\",\"url\":\"https:\\\/\\\/mabellevaisselle.com\\\/en\\\/\",\"name\":\"Ma Belle Vaisselle\",\"description\":\"\",\"publisher\":{\"@id\":\"https:\\\/\\\/mabellevaisselle.com\\\/en\\\/#organization\"},\"potentialAction\":[{\"@type\":\"SearchAction\",\"target\":{\"@type\":\"EntryPoint\",\"urlTemplate\":\"https:\\\/\\\/mabellevaisselle.com\\\/en\\\/?s={search_term_string}\"},\"query-input\":{\"@type\":\"PropertyValueSpecification\",\"valueRequired\":true,\"valueName\":\"search_term_string\"}}],\"inLanguage\":\"en-GB\"},{\"@type\":\"Organization\",\"@id\":\"https:\\\/\\\/mabellevaisselle.com\\\/en\\\/#organization\",\"name\":\"Ma Belle Vaisselle\",\"url\":\"https:\\\/\\\/mabellevaisselle.com\\\/en\\\/\",\"logo\":{\"@type\":\"ImageObject\",\"inLanguage\":\"en-GB\",\"@id\":\"https:\\\/\\\/mabellevaisselle.com\\\/en\\\/#\\\/schema\\\/logo\\\/image\\\/\",\"url\":\"https:\\\/\\\/mabellevaisselle.com\\\/wp-content\\\/uploads\\\/2025\\\/09\\\/WhatsApp_Image_2025-09-17_a_15.49.09_381cc5bc-removebg-preview.png\",\"contentUrl\":\"https:\\\/\\\/mabellevaisselle.com\\\/wp-content\\\/uploads\\\/2025\\\/09\\\/WhatsApp_Image_2025-09-17_a_15.49.09_381cc5bc-removebg-preview.png\",\"width\":500,\"height\":500,\"caption\":\"Ma Belle Vaisselle\"},\"image\":{\"@id\":\"https:\\\/\\\/mabellevaisselle.com\\\/en\\\/#\\\/schema\\\/logo\\\/image\\\/\"},\"sameAs\":[\"https:\\\/\\\/www.tiktok.com\\\/@mabellevaiselle?lang=en-GB&is_from_webapp=1&sender_device=mobile&sender_web_id=7468115581947741701\"]}]}<\/script>\n<!-- \/ Yoast SEO plugin. -->","yoast_head_json":{"title":"Casseroles isol\u00e9es de Praylady - Ma Belle Vaisselle","robots":{"index":"index","follow":"follow","max-snippet":"max-snippet:-1","max-image-preview":"max-image-preview:large","max-video-preview":"max-video-preview:-1"},"canonical":"https:\/\/mabellevaisselle.com\/en\/product\/casseroles-isolees-de-praylady\/","og_locale":"en_GB","og_type":"article","og_title":"Casseroles isol\u00e9es de Praylady - Ma Belle Vaisselle","og_description":"Ces r\u00e9cipients sont con\u00e7us pour garder les aliments chauds et frais pendant de longues p\u00e9riodes.","og_url":"https:\/\/mabellevaisselle.com\/en\/product\/casseroles-isolees-de-praylady\/","og_site_name":"Ma Belle Vaisselle","article_modified_time":"2025-09-18T12:56:51+00:00","og_image":[{"width":810,"height":1080,"url":"https:\/\/mabellevaisselle.com\/wp-content\/uploads\/2025\/09\/WhatsApp-Image-2025-09-16-a-09.27.45_ca0536f5.jpg","type":"image\/jpeg"}],"twitter_card":"summary_large_image","schema":{"@context":"https:\/\/schema.org","@graph":[{"@type":"WebPage","@id":"https:\/\/mabellevaisselle.com\/product\/casseroles-isolees-de-praylady\/","url":"https:\/\/mabellevaisselle.com\/product\/casseroles-isolees-de-praylady\/","name":"Casseroles isol\u00e9es de Praylady - Ma Belle Vaisselle","isPartOf":{"@id":"https:\/\/mabellevaisselle.com\/en\/#website"},"primaryImageOfPage":{"@id":"https:\/\/mabellevaisselle.com\/product\/casseroles-isolees-de-praylady\/#primaryimage"},"image":{"@id":"https:\/\/mabellevaisselle.com\/product\/casseroles-isolees-de-praylady\/#primaryimage"},"thumbnailUrl":"https:\/\/mabellevaisselle.com\/wp-content\/uploads\/2025\/09\/WhatsApp-Image-2025-09-16-a-09.27.45_ca0536f5.jpg","datePublished":"2025-09-16T17:11:37+00:00","dateModified":"2025-09-18T12:56:51+00:00","breadcrumb":{"@id":"https:\/\/mabellevaisselle.com\/product\/casseroles-isolees-de-praylady\/#breadcrumb"},"inLanguage":"en-GB","potentialAction":[{"@type":"ReadAction","target":["https:\/\/mabellevaisselle.com\/product\/casseroles-isolees-de-praylady\/"]}]},{"@type":"ImageObject","inLanguage":"en-GB","@id":"https:\/\/mabellevaisselle.com\/product\/casseroles-isolees-de-praylady\/#primaryimage","url":"https:\/\/mabellevaisselle.com\/wp-content\/uploads\/2025\/09\/WhatsApp-Image-2025-09-16-a-09.27.45_ca0536f5.jpg","contentUrl":"https:\/\/mabellevaisselle.com\/wp-content\/uploads\/2025\/09\/WhatsApp-Image-2025-09-16-a-09.27.45_ca0536f5.jpg","width":810,"height":1080},{"@type":"BreadcrumbList","@id":"https:\/\/mabellevaisselle.com\/product\/casseroles-isolees-de-praylady\/#breadcrumb","itemListElement":[{"@type":"ListItem","position":1,"name":"Home","item":"https:\/\/mabellevaisselle.com\/"},{"@type":"ListItem","position":2,"name":"Produits","item":"https:\/\/mabellevaisselle.com\/en\/products\/"},{"@type":"ListItem","position":3,"name":"Casseroles isol\u00e9es de Praylady"}]},{"@type":"WebSite","@id":"https:\/\/mabellevaisselle.com\/en\/#website","url":"https:\/\/mabellevaisselle.com\/en\/","name":"Ma Belle Vaisselle","description":"","publisher":{"@id":"https:\/\/mabellevaisselle.com\/en\/#organization"},"potentialAction":[{"@type":"SearchAction","target":{"@type":"EntryPoint","urlTemplate":"https:\/\/mabellevaisselle.com\/en\/?s={search_term_string}"},"query-input":{"@type":"PropertyValueSpecification","valueRequired":true,"valueName":"search_term_string"}}],"inLanguage":"en-GB"},{"@type":"Organization","@id":"https:\/\/mabellevaisselle.com\/en\/#organization","name":"Ma Belle Vaisselle","url":"https:\/\/mabellevaisselle.com\/en\/","logo":{"@type":"ImageObject","inLanguage":"en-GB","@id":"https:\/\/mabellevaisselle.com\/en\/#\/schema\/logo\/image\/","url":"https:\/\/mabellevaisselle.com\/wp-content\/uploads\/2025\/09\/WhatsApp_Image_2025-09-17_a_15.49.09_381cc5bc-removebg-preview.png","contentUrl":"https:\/\/mabellevaisselle.com\/wp-content\/uploads\/2025\/09\/WhatsApp_Image_2025-09-17_a_15.49.09_381cc5bc-removebg-preview.png","width":500,"height":500,"caption":"Ma Belle Vaisselle"},"image":{"@id":"https:\/\/mabellevaisselle.com\/en\/#\/schema\/logo\/image\/"},"sameAs":["https:\/\/www.tiktok.com\/@mabellevaiselle?lang=en-GB&is_from_webapp=1&sender_device=mobile&sender_web_id=7468115581947741701"]}]}},"_links":{"self":[{"href":"https:\/\/mabellevaisselle.com\/en\/wp-json\/wp\/v2\/product\/1651","targetHints":{"allow":["GET"]}}],"collection":[{"href":"https:\/\/mabellevaisselle.com\/en\/wp-json\/wp\/v2\/product"}],"about":[{"href":"https:\/\/mabellevaisselle.com\/en\/wp-json\/wp\/v2\/types\/product"}],"replies":[{"embeddable":true,"href":"https:\/\/mabellevaisselle.com\/en\/wp-json\/wp\/v2\/comments?post=1651"}],"wp:featuredmedia":[{"embeddable":true,"href":"https:\/\/mabellevaisselle.com\/en\/wp-json\/wp\/v2\/media\/1652"}],"wp:attachment":[{"href":"https:\/\/mabellevaisselle.com\/en\/wp-json\/wp\/v2\/media?parent=1651"}],"wp:term":[{"taxonomy":"product_brand","embeddable":true,"href":"https:\/\/mabellevaisselle.com\/en\/wp-json\/wp\/v2\/product_brand?post=1651"},{"taxonomy":"product_cat","embeddable":true,"href":"https:\/\/mabellevaisselle.com\/en\/wp-json\/wp\/v2\/product_cat?post=1651"},{"taxonomy":"product_tag","embeddable":true,"href":"https:\/\/mabellevaisselle.com\/en\/wp-json\/wp\/v2\/product_tag?post=1651"}],"curies":[{"name":"wp","href":"https:\/\/api.w.org\/{rel}","templated":true}]}}