{"id":1655,"date":"2025-09-16T17:42:52","date_gmt":"2025-09-16T17:42:52","guid":{"rendered":"https:\/\/mabellevaisselle.com\/?post_type=product&#038;p=1655"},"modified":"2025-09-16T18:02:32","modified_gmt":"2025-09-16T18:02:32","slug":"casseroles-en-email-de-porcelaine","status":"publish","type":"product","link":"https:\/\/mabellevaisselle.com\/en\/product\/casseroles-en-email-de-porcelaine\/","title":{"rendered":"Casseroles en \u00e9mail de porcelaine"},"content":{"rendered":"<p>Ces ustensiles sont fabriqu\u00e9s \u00e0 partir d&rsquo;un rev\u00eatement en \u00e9mail de porcelaine fusionn\u00e9 avec du m\u00e9tal \u00e0 haute temp\u00e9rature, cr\u00e9ant une surface lisse et non poreuse.<br \/>\nIls sont r\u00e9sistants aux rayures et aux taches et peuvent \u00eatre utilis\u00e9s sur tous les types de plaques de cuisson, y compris \u00e0 induction.<br \/>\nCe produit est un mat\u00e9riel sain et non toxique qui ne lib\u00e8re pas de substances chimiques nocives pendant la cuisson et ne retient pas les bact\u00e9ries ni les odeurs.<br \/>\nIls sont faciles \u00e0 nettoyer, souvent compatibles avec le lave-vaisselle, bien qu&rsquo;un lavage \u00e0 la main soit recommand\u00e9 pour pr\u00e9server la qualit\u00e9 du rev\u00eatement.<\/p>","protected":false},"excerpt":{"rendered":"<p>Ces ustensiles sont fabriqu\u00e9s \u00e0 partir d&rsquo;un rev\u00eatement en \u00e9mail de porcelaine fusionn\u00e9 avec du m\u00e9tal \u00e0 haute temp\u00e9rature, cr\u00e9ant une surface lisse et non poreuse. Ils sont r\u00e9sistants aux rayures et aux taches et peuvent \u00eatre utilis\u00e9s sur tous les types de plaques de cuisson, y compris \u00e0 induction. Ce produit est un mat\u00e9riel [&hellip;]<\/p>","protected":false},"featured_media":1656,"comment_status":"open","ping_status":"closed","template":"","meta":[],"product_brand":[],"product_cat":[36],"product_tag":[],"class_list":{"0":"post-1655","1":"product","2":"type-product","3":"status-publish","4":"has-post-thumbnail","6":"product_cat-tasses-super","8":"first","9":"instock","10":"taxable","11":"shipping-taxable","12":"purchasable","13":"product-type-simple"},"yoast_head":"<!-- This site is optimized with the Yoast SEO plugin v27.4 - https:\/\/yoast.com\/product\/yoast-seo-wordpress\/ -->\n<title>Casseroles en \u00e9mail de porcelaine - Ma Belle Vaisselle<\/title>\n<meta name=\"robots\" content=\"index, follow, max-snippet:-1, max-image-preview:large, max-video-preview:-1\" \/>\n<link rel=\"canonical\" href=\"https:\/\/mabellevaisselle.com\/en\/product\/casseroles-en-email-de-porcelaine\/\" \/>\n<meta property=\"og:locale\" content=\"en_GB\" \/>\n<meta property=\"og:type\" content=\"article\" \/>\n<meta property=\"og:title\" content=\"Casseroles en \u00e9mail de porcelaine - Ma Belle Vaisselle\" \/>\n<meta property=\"og:description\" content=\"Ces ustensiles sont fabriqu\u00e9s \u00e0 partir d&rsquo;un rev\u00eatement en \u00e9mail de porcelaine fusionn\u00e9 avec du m\u00e9tal \u00e0 haute temp\u00e9rature, cr\u00e9ant une surface lisse et non poreuse. Ils sont r\u00e9sistants aux rayures et aux taches et peuvent \u00eatre utilis\u00e9s sur tous les types de plaques de cuisson, y compris \u00e0 induction. Ce produit est un mat\u00e9riel [&hellip;]\" \/>\n<meta property=\"og:url\" content=\"https:\/\/mabellevaisselle.com\/en\/product\/casseroles-en-email-de-porcelaine\/\" \/>\n<meta property=\"og:site_name\" content=\"Ma Belle Vaisselle\" \/>\n<meta property=\"article:modified_time\" content=\"2025-09-16T18:02:32+00:00\" \/>\n<meta property=\"og:image\" content=\"https:\/\/mabellevaisselle.com\/wp-content\/uploads\/2025\/09\/WhatsApp-Image-2025-09-16-a-09.00.59_5403b95b.jpg\" \/>\n\t<meta property=\"og:image:width\" content=\"1069\" \/>\n\t<meta property=\"og:image:height\" content=\"793\" \/>\n\t<meta property=\"og:image:type\" content=\"image\/jpeg\" \/>\n<meta name=\"twitter:card\" content=\"summary_large_image\" \/>\n<meta name=\"twitter:label1\" content=\"Estimated reading time\" \/>\n\t<meta name=\"twitter:data1\" content=\"1 minute\" \/>\n<script type=\"application\/ld+json\" class=\"yoast-schema-graph\">{\"@context\":\"https:\\\/\\\/schema.org\",\"@graph\":[{\"@type\":\"WebPage\",\"@id\":\"https:\\\/\\\/mabellevaisselle.com\\\/product\\\/casseroles-en-email-de-porcelaine\\\/\",\"url\":\"https:\\\/\\\/mabellevaisselle.com\\\/product\\\/casseroles-en-email-de-porcelaine\\\/\",\"name\":\"Casseroles en \u00e9mail de porcelaine - Ma Belle Vaisselle\",\"isPartOf\":{\"@id\":\"https:\\\/\\\/mabellevaisselle.com\\\/en\\\/#website\"},\"primaryImageOfPage\":{\"@id\":\"https:\\\/\\\/mabellevaisselle.com\\\/product\\\/casseroles-en-email-de-porcelaine\\\/#primaryimage\"},\"image\":{\"@id\":\"https:\\\/\\\/mabellevaisselle.com\\\/product\\\/casseroles-en-email-de-porcelaine\\\/#primaryimage\"},\"thumbnailUrl\":\"https:\\\/\\\/mabellevaisselle.com\\\/wp-content\\\/uploads\\\/2025\\\/09\\\/WhatsApp-Image-2025-09-16-a-09.00.59_5403b95b.jpg\",\"datePublished\":\"2025-09-16T17:42:52+00:00\",\"dateModified\":\"2025-09-16T18:02:32+00:00\",\"breadcrumb\":{\"@id\":\"https:\\\/\\\/mabellevaisselle.com\\\/product\\\/casseroles-en-email-de-porcelaine\\\/#breadcrumb\"},\"inLanguage\":\"en-GB\",\"potentialAction\":[{\"@type\":\"ReadAction\",\"target\":[\"https:\\\/\\\/mabellevaisselle.com\\\/product\\\/casseroles-en-email-de-porcelaine\\\/\"]}]},{\"@type\":\"ImageObject\",\"inLanguage\":\"en-GB\",\"@id\":\"https:\\\/\\\/mabellevaisselle.com\\\/product\\\/casseroles-en-email-de-porcelaine\\\/#primaryimage\",\"url\":\"https:\\\/\\\/mabellevaisselle.com\\\/wp-content\\\/uploads\\\/2025\\\/09\\\/WhatsApp-Image-2025-09-16-a-09.00.59_5403b95b.jpg\",\"contentUrl\":\"https:\\\/\\\/mabellevaisselle.com\\\/wp-content\\\/uploads\\\/2025\\\/09\\\/WhatsApp-Image-2025-09-16-a-09.00.59_5403b95b.jpg\",\"width\":1069,\"height\":793,\"caption\":\"Tass\"},{\"@type\":\"BreadcrumbList\",\"@id\":\"https:\\\/\\\/mabellevaisselle.com\\\/product\\\/casseroles-en-email-de-porcelaine\\\/#breadcrumb\",\"itemListElement\":[{\"@type\":\"ListItem\",\"position\":1,\"name\":\"Home\",\"item\":\"https:\\\/\\\/mabellevaisselle.com\\\/\"},{\"@type\":\"ListItem\",\"position\":2,\"name\":\"Produits\",\"item\":\"https:\\\/\\\/mabellevaisselle.com\\\/en\\\/products\\\/\"},{\"@type\":\"ListItem\",\"position\":3,\"name\":\"Casseroles en \u00e9mail de porcelaine\"}]},{\"@type\":\"WebSite\",\"@id\":\"https:\\\/\\\/mabellevaisselle.com\\\/en\\\/#website\",\"url\":\"https:\\\/\\\/mabellevaisselle.com\\\/en\\\/\",\"name\":\"Ma Belle Vaisselle\",\"description\":\"\",\"publisher\":{\"@id\":\"https:\\\/\\\/mabellevaisselle.com\\\/en\\\/#organization\"},\"potentialAction\":[{\"@type\":\"SearchAction\",\"target\":{\"@type\":\"EntryPoint\",\"urlTemplate\":\"https:\\\/\\\/mabellevaisselle.com\\\/en\\\/?s={search_term_string}\"},\"query-input\":{\"@type\":\"PropertyValueSpecification\",\"valueRequired\":true,\"valueName\":\"search_term_string\"}}],\"inLanguage\":\"en-GB\"},{\"@type\":\"Organization\",\"@id\":\"https:\\\/\\\/mabellevaisselle.com\\\/en\\\/#organization\",\"name\":\"Ma Belle Vaisselle\",\"url\":\"https:\\\/\\\/mabellevaisselle.com\\\/en\\\/\",\"logo\":{\"@type\":\"ImageObject\",\"inLanguage\":\"en-GB\",\"@id\":\"https:\\\/\\\/mabellevaisselle.com\\\/en\\\/#\\\/schema\\\/logo\\\/image\\\/\",\"url\":\"https:\\\/\\\/mabellevaisselle.com\\\/wp-content\\\/uploads\\\/2025\\\/09\\\/WhatsApp_Image_2025-09-17_a_15.49.09_381cc5bc-removebg-preview.png\",\"contentUrl\":\"https:\\\/\\\/mabellevaisselle.com\\\/wp-content\\\/uploads\\\/2025\\\/09\\\/WhatsApp_Image_2025-09-17_a_15.49.09_381cc5bc-removebg-preview.png\",\"width\":500,\"height\":500,\"caption\":\"Ma Belle Vaisselle\"},\"image\":{\"@id\":\"https:\\\/\\\/mabellevaisselle.com\\\/en\\\/#\\\/schema\\\/logo\\\/image\\\/\"},\"sameAs\":[\"https:\\\/\\\/www.tiktok.com\\\/@mabellevaiselle?lang=en-GB&is_from_webapp=1&sender_device=mobile&sender_web_id=7468115581947741701\"]}]}<\/script>\n<!-- \/ Yoast SEO plugin. -->","yoast_head_json":{"title":"Casseroles en \u00e9mail de porcelaine - Ma Belle Vaisselle","robots":{"index":"index","follow":"follow","max-snippet":"max-snippet:-1","max-image-preview":"max-image-preview:large","max-video-preview":"max-video-preview:-1"},"canonical":"https:\/\/mabellevaisselle.com\/en\/product\/casseroles-en-email-de-porcelaine\/","og_locale":"en_GB","og_type":"article","og_title":"Casseroles en \u00e9mail de porcelaine - Ma Belle Vaisselle","og_description":"Ces ustensiles sont fabriqu\u00e9s \u00e0 partir d&rsquo;un rev\u00eatement en \u00e9mail de porcelaine fusionn\u00e9 avec du m\u00e9tal \u00e0 haute temp\u00e9rature, cr\u00e9ant une surface lisse et non poreuse. Ils sont r\u00e9sistants aux rayures et aux taches et peuvent \u00eatre utilis\u00e9s sur tous les types de plaques de cuisson, y compris \u00e0 induction. Ce produit est un mat\u00e9riel [&hellip;]","og_url":"https:\/\/mabellevaisselle.com\/en\/product\/casseroles-en-email-de-porcelaine\/","og_site_name":"Ma Belle Vaisselle","article_modified_time":"2025-09-16T18:02:32+00:00","og_image":[{"width":1069,"height":793,"url":"https:\/\/mabellevaisselle.com\/wp-content\/uploads\/2025\/09\/WhatsApp-Image-2025-09-16-a-09.00.59_5403b95b.jpg","type":"image\/jpeg"}],"twitter_card":"summary_large_image","twitter_misc":{"Estimated reading time":"1 minute"},"schema":{"@context":"https:\/\/schema.org","@graph":[{"@type":"WebPage","@id":"https:\/\/mabellevaisselle.com\/product\/casseroles-en-email-de-porcelaine\/","url":"https:\/\/mabellevaisselle.com\/product\/casseroles-en-email-de-porcelaine\/","name":"Casseroles en \u00e9mail de porcelaine - Ma Belle Vaisselle","isPartOf":{"@id":"https:\/\/mabellevaisselle.com\/en\/#website"},"primaryImageOfPage":{"@id":"https:\/\/mabellevaisselle.com\/product\/casseroles-en-email-de-porcelaine\/#primaryimage"},"image":{"@id":"https:\/\/mabellevaisselle.com\/product\/casseroles-en-email-de-porcelaine\/#primaryimage"},"thumbnailUrl":"https:\/\/mabellevaisselle.com\/wp-content\/uploads\/2025\/09\/WhatsApp-Image-2025-09-16-a-09.00.59_5403b95b.jpg","datePublished":"2025-09-16T17:42:52+00:00","dateModified":"2025-09-16T18:02:32+00:00","breadcrumb":{"@id":"https:\/\/mabellevaisselle.com\/product\/casseroles-en-email-de-porcelaine\/#breadcrumb"},"inLanguage":"en-GB","potentialAction":[{"@type":"ReadAction","target":["https:\/\/mabellevaisselle.com\/product\/casseroles-en-email-de-porcelaine\/"]}]},{"@type":"ImageObject","inLanguage":"en-GB","@id":"https:\/\/mabellevaisselle.com\/product\/casseroles-en-email-de-porcelaine\/#primaryimage","url":"https:\/\/mabellevaisselle.com\/wp-content\/uploads\/2025\/09\/WhatsApp-Image-2025-09-16-a-09.00.59_5403b95b.jpg","contentUrl":"https:\/\/mabellevaisselle.com\/wp-content\/uploads\/2025\/09\/WhatsApp-Image-2025-09-16-a-09.00.59_5403b95b.jpg","width":1069,"height":793,"caption":"Tass"},{"@type":"BreadcrumbList","@id":"https:\/\/mabellevaisselle.com\/product\/casseroles-en-email-de-porcelaine\/#breadcrumb","itemListElement":[{"@type":"ListItem","position":1,"name":"Home","item":"https:\/\/mabellevaisselle.com\/"},{"@type":"ListItem","position":2,"name":"Produits","item":"https:\/\/mabellevaisselle.com\/en\/products\/"},{"@type":"ListItem","position":3,"name":"Casseroles en \u00e9mail de porcelaine"}]},{"@type":"WebSite","@id":"https:\/\/mabellevaisselle.com\/en\/#website","url":"https:\/\/mabellevaisselle.com\/en\/","name":"Ma Belle Vaisselle","description":"","publisher":{"@id":"https:\/\/mabellevaisselle.com\/en\/#organization"},"potentialAction":[{"@type":"SearchAction","target":{"@type":"EntryPoint","urlTemplate":"https:\/\/mabellevaisselle.com\/en\/?s={search_term_string}"},"query-input":{"@type":"PropertyValueSpecification","valueRequired":true,"valueName":"search_term_string"}}],"inLanguage":"en-GB"},{"@type":"Organization","@id":"https:\/\/mabellevaisselle.com\/en\/#organization","name":"Ma Belle Vaisselle","url":"https:\/\/mabellevaisselle.com\/en\/","logo":{"@type":"ImageObject","inLanguage":"en-GB","@id":"https:\/\/mabellevaisselle.com\/en\/#\/schema\/logo\/image\/","url":"https:\/\/mabellevaisselle.com\/wp-content\/uploads\/2025\/09\/WhatsApp_Image_2025-09-17_a_15.49.09_381cc5bc-removebg-preview.png","contentUrl":"https:\/\/mabellevaisselle.com\/wp-content\/uploads\/2025\/09\/WhatsApp_Image_2025-09-17_a_15.49.09_381cc5bc-removebg-preview.png","width":500,"height":500,"caption":"Ma Belle Vaisselle"},"image":{"@id":"https:\/\/mabellevaisselle.com\/en\/#\/schema\/logo\/image\/"},"sameAs":["https:\/\/www.tiktok.com\/@mabellevaiselle?lang=en-GB&is_from_webapp=1&sender_device=mobile&sender_web_id=7468115581947741701"]}]}},"_links":{"self":[{"href":"https:\/\/mabellevaisselle.com\/en\/wp-json\/wp\/v2\/product\/1655","targetHints":{"allow":["GET"]}}],"collection":[{"href":"https:\/\/mabellevaisselle.com\/en\/wp-json\/wp\/v2\/product"}],"about":[{"href":"https:\/\/mabellevaisselle.com\/en\/wp-json\/wp\/v2\/types\/product"}],"replies":[{"embeddable":true,"href":"https:\/\/mabellevaisselle.com\/en\/wp-json\/wp\/v2\/comments?post=1655"}],"wp:featuredmedia":[{"embeddable":true,"href":"https:\/\/mabellevaisselle.com\/en\/wp-json\/wp\/v2\/media\/1656"}],"wp:attachment":[{"href":"https:\/\/mabellevaisselle.com\/en\/wp-json\/wp\/v2\/media?parent=1655"}],"wp:term":[{"taxonomy":"product_brand","embeddable":true,"href":"https:\/\/mabellevaisselle.com\/en\/wp-json\/wp\/v2\/product_brand?post=1655"},{"taxonomy":"product_cat","embeddable":true,"href":"https:\/\/mabellevaisselle.com\/en\/wp-json\/wp\/v2\/product_cat?post=1655"},{"taxonomy":"product_tag","embeddable":true,"href":"https:\/\/mabellevaisselle.com\/en\/wp-json\/wp\/v2\/product_tag?post=1655"}],"curies":[{"name":"wp","href":"https:\/\/api.w.org\/{rel}","templated":true}]}}