{"id":1659,"date":"2025-09-16T18:48:09","date_gmt":"2025-09-16T18:48:09","guid":{"rendered":"https:\/\/mabellevaisselle.com\/?post_type=product&#038;p=1659"},"modified":"2025-10-06T17:44:44","modified_gmt":"2025-10-06T17:44:44","slug":"bouteille-isotherme","status":"publish","type":"product","link":"https:\/\/mabellevaisselle.com\/en\/product\/bouteille-isotherme\/","title":{"rendered":"Bouteille Isotherme"},"content":{"rendered":"","protected":false},"excerpt":{"rendered":"<p>Il s&rsquo;agit plus sp\u00e9cifiquement d&rsquo;un mod\u00e8le con\u00e7u pour l&rsquo;ext\u00e9rieur, avec une grande capacit\u00e9 et des propri\u00e9t\u00e9s d&rsquo;isolation thermique (chaud et froid), la doublure int\u00e9rieure et le couvercle sont en acier inoxydable 304 de haute qualit\u00e9.<\/p>","protected":false},"featured_media":1660,"comment_status":"open","ping_status":"closed","template":"","meta":[],"product_brand":[],"product_cat":[37,40],"product_tag":[],"class_list":{"0":"post-1659","1":"product","2":"type-product","3":"status-publish","4":"has-post-thumbnail","6":"product_cat-decouvrez-nos-thermos-isothermes","7":"product_cat-thermos-a-eau-chaude","9":"first","10":"instock","11":"sale","12":"taxable","13":"shipping-taxable","14":"purchasable","15":"product-type-simple"},"yoast_head":"<!-- This site is optimized with the Yoast SEO plugin v27.4 - https:\/\/yoast.com\/product\/yoast-seo-wordpress\/ -->\n<title>Bouteille Isotherme - Ma Belle Vaisselle<\/title>\n<meta name=\"robots\" content=\"index, follow, max-snippet:-1, max-image-preview:large, max-video-preview:-1\" \/>\n<link rel=\"canonical\" href=\"https:\/\/mabellevaisselle.com\/en\/product\/bouteille-isotherme\/\" \/>\n<meta property=\"og:locale\" content=\"en_GB\" \/>\n<meta property=\"og:type\" content=\"article\" \/>\n<meta property=\"og:title\" content=\"Bouteille Isotherme - Ma Belle Vaisselle\" \/>\n<meta property=\"og:description\" content=\"Il s&#039;agit plus sp\u00e9cifiquement d&#039;un mod\u00e8le con\u00e7u pour l&#039;ext\u00e9rieur, avec une grande capacit\u00e9 et des propri\u00e9t\u00e9s d&#039;isolation thermique (chaud et froid), la doublure int\u00e9rieure et le couvercle sont en acier inoxydable 304 de haute qualit\u00e9.\" \/>\n<meta property=\"og:url\" content=\"https:\/\/mabellevaisselle.com\/en\/product\/bouteille-isotherme\/\" \/>\n<meta property=\"og:site_name\" content=\"Ma Belle Vaisselle\" \/>\n<meta property=\"article:modified_time\" content=\"2025-10-06T17:44:44+00:00\" \/>\n<meta property=\"og:image\" content=\"https:\/\/mabellevaisselle.com\/wp-content\/uploads\/2025\/09\/WhatsApp-Image-2025-09-15-a-11.57.38_a8277b79.jpg\" \/>\n\t<meta property=\"og:image:width\" content=\"584\" \/>\n\t<meta property=\"og:image:height\" content=\"1024\" \/>\n\t<meta property=\"og:image:type\" content=\"image\/jpeg\" \/>\n<meta name=\"twitter:card\" content=\"summary_large_image\" \/>\n<script type=\"application\/ld+json\" class=\"yoast-schema-graph\">{\"@context\":\"https:\\\/\\\/schema.org\",\"@graph\":[{\"@type\":\"WebPage\",\"@id\":\"https:\\\/\\\/mabellevaisselle.com\\\/product\\\/bouteille-isotherme\\\/\",\"url\":\"https:\\\/\\\/mabellevaisselle.com\\\/product\\\/bouteille-isotherme\\\/\",\"name\":\"Bouteille Isotherme - Ma Belle Vaisselle\",\"isPartOf\":{\"@id\":\"https:\\\/\\\/mabellevaisselle.com\\\/en\\\/#website\"},\"primaryImageOfPage\":{\"@id\":\"https:\\\/\\\/mabellevaisselle.com\\\/product\\\/bouteille-isotherme\\\/#primaryimage\"},\"image\":{\"@id\":\"https:\\\/\\\/mabellevaisselle.com\\\/product\\\/bouteille-isotherme\\\/#primaryimage\"},\"thumbnailUrl\":\"https:\\\/\\\/mabellevaisselle.com\\\/wp-content\\\/uploads\\\/2025\\\/09\\\/WhatsApp-Image-2025-09-15-a-11.57.38_a8277b79.jpg\",\"datePublished\":\"2025-09-16T18:48:09+00:00\",\"dateModified\":\"2025-10-06T17:44:44+00:00\",\"breadcrumb\":{\"@id\":\"https:\\\/\\\/mabellevaisselle.com\\\/product\\\/bouteille-isotherme\\\/#breadcrumb\"},\"inLanguage\":\"en-GB\",\"potentialAction\":[{\"@type\":\"ReadAction\",\"target\":[\"https:\\\/\\\/mabellevaisselle.com\\\/product\\\/bouteille-isotherme\\\/\"]}]},{\"@type\":\"ImageObject\",\"inLanguage\":\"en-GB\",\"@id\":\"https:\\\/\\\/mabellevaisselle.com\\\/product\\\/bouteille-isotherme\\\/#primaryimage\",\"url\":\"https:\\\/\\\/mabellevaisselle.com\\\/wp-content\\\/uploads\\\/2025\\\/09\\\/WhatsApp-Image-2025-09-15-a-11.57.38_a8277b79.jpg\",\"contentUrl\":\"https:\\\/\\\/mabellevaisselle.com\\\/wp-content\\\/uploads\\\/2025\\\/09\\\/WhatsApp-Image-2025-09-15-a-11.57.38_a8277b79.jpg\",\"width\":584,\"height\":1024},{\"@type\":\"BreadcrumbList\",\"@id\":\"https:\\\/\\\/mabellevaisselle.com\\\/product\\\/bouteille-isotherme\\\/#breadcrumb\",\"itemListElement\":[{\"@type\":\"ListItem\",\"position\":1,\"name\":\"Home\",\"item\":\"https:\\\/\\\/mabellevaisselle.com\\\/\"},{\"@type\":\"ListItem\",\"position\":2,\"name\":\"Produits\",\"item\":\"https:\\\/\\\/mabellevaisselle.com\\\/en\\\/products\\\/\"},{\"@type\":\"ListItem\",\"position\":3,\"name\":\"Bouteille Isotherme\"}]},{\"@type\":\"WebSite\",\"@id\":\"https:\\\/\\\/mabellevaisselle.com\\\/en\\\/#website\",\"url\":\"https:\\\/\\\/mabellevaisselle.com\\\/en\\\/\",\"name\":\"Ma Belle Vaisselle\",\"description\":\"\",\"publisher\":{\"@id\":\"https:\\\/\\\/mabellevaisselle.com\\\/en\\\/#organization\"},\"potentialAction\":[{\"@type\":\"SearchAction\",\"target\":{\"@type\":\"EntryPoint\",\"urlTemplate\":\"https:\\\/\\\/mabellevaisselle.com\\\/en\\\/?s={search_term_string}\"},\"query-input\":{\"@type\":\"PropertyValueSpecification\",\"valueRequired\":true,\"valueName\":\"search_term_string\"}}],\"inLanguage\":\"en-GB\"},{\"@type\":\"Organization\",\"@id\":\"https:\\\/\\\/mabellevaisselle.com\\\/en\\\/#organization\",\"name\":\"Ma Belle Vaisselle\",\"url\":\"https:\\\/\\\/mabellevaisselle.com\\\/en\\\/\",\"logo\":{\"@type\":\"ImageObject\",\"inLanguage\":\"en-GB\",\"@id\":\"https:\\\/\\\/mabellevaisselle.com\\\/en\\\/#\\\/schema\\\/logo\\\/image\\\/\",\"url\":\"https:\\\/\\\/mabellevaisselle.com\\\/wp-content\\\/uploads\\\/2025\\\/09\\\/WhatsApp_Image_2025-09-17_a_15.49.09_381cc5bc-removebg-preview.png\",\"contentUrl\":\"https:\\\/\\\/mabellevaisselle.com\\\/wp-content\\\/uploads\\\/2025\\\/09\\\/WhatsApp_Image_2025-09-17_a_15.49.09_381cc5bc-removebg-preview.png\",\"width\":500,\"height\":500,\"caption\":\"Ma Belle Vaisselle\"},\"image\":{\"@id\":\"https:\\\/\\\/mabellevaisselle.com\\\/en\\\/#\\\/schema\\\/logo\\\/image\\\/\"},\"sameAs\":[\"https:\\\/\\\/www.tiktok.com\\\/@mabellevaiselle?lang=en-GB&is_from_webapp=1&sender_device=mobile&sender_web_id=7468115581947741701\"]}]}<\/script>\n<!-- \/ Yoast SEO plugin. -->","yoast_head_json":{"title":"Bouteille Isotherme - Ma Belle Vaisselle","robots":{"index":"index","follow":"follow","max-snippet":"max-snippet:-1","max-image-preview":"max-image-preview:large","max-video-preview":"max-video-preview:-1"},"canonical":"https:\/\/mabellevaisselle.com\/en\/product\/bouteille-isotherme\/","og_locale":"en_GB","og_type":"article","og_title":"Bouteille Isotherme - Ma Belle Vaisselle","og_description":"Il s'agit plus sp\u00e9cifiquement d'un mod\u00e8le con\u00e7u pour l'ext\u00e9rieur, avec une grande capacit\u00e9 et des propri\u00e9t\u00e9s d'isolation thermique (chaud et froid), la doublure int\u00e9rieure et le couvercle sont en acier inoxydable 304 de haute qualit\u00e9.","og_url":"https:\/\/mabellevaisselle.com\/en\/product\/bouteille-isotherme\/","og_site_name":"Ma Belle Vaisselle","article_modified_time":"2025-10-06T17:44:44+00:00","og_image":[{"width":584,"height":1024,"url":"https:\/\/mabellevaisselle.com\/wp-content\/uploads\/2025\/09\/WhatsApp-Image-2025-09-15-a-11.57.38_a8277b79.jpg","type":"image\/jpeg"}],"twitter_card":"summary_large_image","schema":{"@context":"https:\/\/schema.org","@graph":[{"@type":"WebPage","@id":"https:\/\/mabellevaisselle.com\/product\/bouteille-isotherme\/","url":"https:\/\/mabellevaisselle.com\/product\/bouteille-isotherme\/","name":"Bouteille Isotherme - Ma Belle Vaisselle","isPartOf":{"@id":"https:\/\/mabellevaisselle.com\/en\/#website"},"primaryImageOfPage":{"@id":"https:\/\/mabellevaisselle.com\/product\/bouteille-isotherme\/#primaryimage"},"image":{"@id":"https:\/\/mabellevaisselle.com\/product\/bouteille-isotherme\/#primaryimage"},"thumbnailUrl":"https:\/\/mabellevaisselle.com\/wp-content\/uploads\/2025\/09\/WhatsApp-Image-2025-09-15-a-11.57.38_a8277b79.jpg","datePublished":"2025-09-16T18:48:09+00:00","dateModified":"2025-10-06T17:44:44+00:00","breadcrumb":{"@id":"https:\/\/mabellevaisselle.com\/product\/bouteille-isotherme\/#breadcrumb"},"inLanguage":"en-GB","potentialAction":[{"@type":"ReadAction","target":["https:\/\/mabellevaisselle.com\/product\/bouteille-isotherme\/"]}]},{"@type":"ImageObject","inLanguage":"en-GB","@id":"https:\/\/mabellevaisselle.com\/product\/bouteille-isotherme\/#primaryimage","url":"https:\/\/mabellevaisselle.com\/wp-content\/uploads\/2025\/09\/WhatsApp-Image-2025-09-15-a-11.57.38_a8277b79.jpg","contentUrl":"https:\/\/mabellevaisselle.com\/wp-content\/uploads\/2025\/09\/WhatsApp-Image-2025-09-15-a-11.57.38_a8277b79.jpg","width":584,"height":1024},{"@type":"BreadcrumbList","@id":"https:\/\/mabellevaisselle.com\/product\/bouteille-isotherme\/#breadcrumb","itemListElement":[{"@type":"ListItem","position":1,"name":"Home","item":"https:\/\/mabellevaisselle.com\/"},{"@type":"ListItem","position":2,"name":"Produits","item":"https:\/\/mabellevaisselle.com\/en\/products\/"},{"@type":"ListItem","position":3,"name":"Bouteille Isotherme"}]},{"@type":"WebSite","@id":"https:\/\/mabellevaisselle.com\/en\/#website","url":"https:\/\/mabellevaisselle.com\/en\/","name":"Ma Belle Vaisselle","description":"","publisher":{"@id":"https:\/\/mabellevaisselle.com\/en\/#organization"},"potentialAction":[{"@type":"SearchAction","target":{"@type":"EntryPoint","urlTemplate":"https:\/\/mabellevaisselle.com\/en\/?s={search_term_string}"},"query-input":{"@type":"PropertyValueSpecification","valueRequired":true,"valueName":"search_term_string"}}],"inLanguage":"en-GB"},{"@type":"Organization","@id":"https:\/\/mabellevaisselle.com\/en\/#organization","name":"Ma Belle Vaisselle","url":"https:\/\/mabellevaisselle.com\/en\/","logo":{"@type":"ImageObject","inLanguage":"en-GB","@id":"https:\/\/mabellevaisselle.com\/en\/#\/schema\/logo\/image\/","url":"https:\/\/mabellevaisselle.com\/wp-content\/uploads\/2025\/09\/WhatsApp_Image_2025-09-17_a_15.49.09_381cc5bc-removebg-preview.png","contentUrl":"https:\/\/mabellevaisselle.com\/wp-content\/uploads\/2025\/09\/WhatsApp_Image_2025-09-17_a_15.49.09_381cc5bc-removebg-preview.png","width":500,"height":500,"caption":"Ma Belle Vaisselle"},"image":{"@id":"https:\/\/mabellevaisselle.com\/en\/#\/schema\/logo\/image\/"},"sameAs":["https:\/\/www.tiktok.com\/@mabellevaiselle?lang=en-GB&is_from_webapp=1&sender_device=mobile&sender_web_id=7468115581947741701"]}]}},"_links":{"self":[{"href":"https:\/\/mabellevaisselle.com\/en\/wp-json\/wp\/v2\/product\/1659","targetHints":{"allow":["GET"]}}],"collection":[{"href":"https:\/\/mabellevaisselle.com\/en\/wp-json\/wp\/v2\/product"}],"about":[{"href":"https:\/\/mabellevaisselle.com\/en\/wp-json\/wp\/v2\/types\/product"}],"replies":[{"embeddable":true,"href":"https:\/\/mabellevaisselle.com\/en\/wp-json\/wp\/v2\/comments?post=1659"}],"wp:featuredmedia":[{"embeddable":true,"href":"https:\/\/mabellevaisselle.com\/en\/wp-json\/wp\/v2\/media\/1660"}],"wp:attachment":[{"href":"https:\/\/mabellevaisselle.com\/en\/wp-json\/wp\/v2\/media?parent=1659"}],"wp:term":[{"taxonomy":"product_brand","embeddable":true,"href":"https:\/\/mabellevaisselle.com\/en\/wp-json\/wp\/v2\/product_brand?post=1659"},{"taxonomy":"product_cat","embeddable":true,"href":"https:\/\/mabellevaisselle.com\/en\/wp-json\/wp\/v2\/product_cat?post=1659"},{"taxonomy":"product_tag","embeddable":true,"href":"https:\/\/mabellevaisselle.com\/en\/wp-json\/wp\/v2\/product_tag?post=1659"}],"curies":[{"name":"wp","href":"https:\/\/api.w.org\/{rel}","templated":true}]}}