{"id":1673,"date":"2025-09-17T15:17:51","date_gmt":"2025-09-17T15:17:51","guid":{"rendered":"https:\/\/mabellevaisselle.com\/?post_type=product&#038;p=1673"},"modified":"2025-09-17T15:19:53","modified_gmt":"2025-09-17T15:19:53","slug":"ensemble-de-plats-de-service","status":"publish","type":"product","link":"https:\/\/mabellevaisselle.com\/en\/product\/ensemble-de-plats-de-service\/","title":{"rendered":"Ensemble de plats de service"},"content":{"rendered":"<p>Ces plats de service en inox sont sp\u00e9cialement pens\u00e9s pour la pr\u00e9sentation et le maintien au chaud des repas. Chaque plat est \u00e9quip\u00e9 d\u2019un couvercle assorti et d\u00e9cor\u00e9 de motifs \u00e9l\u00e9gants.<\/p>\n<p>Mat\u00e9riau : Acier inoxydable brillant, d\u00e9coratif et durable<br \/>\nDesign : Finitions miroir avec motifs grav\u00e9s et couvercles herm\u00e9tiques<br \/>\nUtilisations:\u00a0 Service des repas, buffets, mariages, restaurants, h\u00f4tels et grandes c\u00e9r\u00e9monies<\/p>\n<p>Avantages :<\/p>\n<ul>\n<li>Garde les plats chauds plus longtemps<\/li>\n<li>Prot\u00e8ge les repas contre la poussi\u00e8re et les insectes<\/li>\n<li>Empilables et faciles \u00e0 transporter<\/li>\n<li>\u00c9l\u00e9gants pour rehausser la pr\u00e9sentation des repas<\/li>\n<\/ul>\n<p>Id\u00e9al pour la restauration collective, les h\u00f4tels et les grandes familles qui veulent allier \u00e9l\u00e9gance et praticit\u00e9.<\/p>","protected":false},"excerpt":{"rendered":"<p>Ces plats de service en inox sont sp\u00e9cialement pens\u00e9s pour la pr\u00e9sentation et le maintien au chaud des repas. Chaque plat est \u00e9quip\u00e9 d\u2019un couvercle assorti et d\u00e9cor\u00e9 de motifs \u00e9l\u00e9gants. Mat\u00e9riau : Acier inoxydable brillant, d\u00e9coratif et durable Design : Finitions miroir avec motifs grav\u00e9s et couvercles herm\u00e9tiques Utilisations:\u00a0 Service des repas, buffets, mariages, [&hellip;]<\/p>","protected":false},"featured_media":1674,"comment_status":"open","ping_status":"closed","template":"","meta":[],"product_brand":[],"product_cat":[38],"product_tag":[],"class_list":{"0":"post-1673","1":"product","2":"type-product","3":"status-publish","4":"has-post-thumbnail","6":"product_cat-ensemble-inox","8":"first","9":"instock","10":"taxable","11":"shipping-taxable","12":"purchasable","13":"product-type-simple"},"yoast_head":"<!-- This site is optimized with the Yoast SEO plugin v27.4 - https:\/\/yoast.com\/product\/yoast-seo-wordpress\/ -->\n<title>Ensemble de plats de service - Ma Belle Vaisselle<\/title>\n<meta name=\"robots\" content=\"index, follow, max-snippet:-1, max-image-preview:large, max-video-preview:-1\" \/>\n<link rel=\"canonical\" href=\"https:\/\/mabellevaisselle.com\/en\/product\/ensemble-de-plats-de-service\/\" \/>\n<meta property=\"og:locale\" content=\"en_GB\" \/>\n<meta property=\"og:type\" content=\"article\" \/>\n<meta property=\"og:title\" content=\"Ensemble de plats de service - Ma Belle Vaisselle\" \/>\n<meta property=\"og:description\" content=\"Ces plats de service en inox sont sp\u00e9cialement pens\u00e9s pour la pr\u00e9sentation et le maintien au chaud des repas. Chaque plat est \u00e9quip\u00e9 d\u2019un couvercle assorti et d\u00e9cor\u00e9 de motifs \u00e9l\u00e9gants. Mat\u00e9riau : Acier inoxydable brillant, d\u00e9coratif et durable Design : Finitions miroir avec motifs grav\u00e9s et couvercles herm\u00e9tiques Utilisations:\u00a0 Service des repas, buffets, mariages, [&hellip;]\" \/>\n<meta property=\"og:url\" content=\"https:\/\/mabellevaisselle.com\/en\/product\/ensemble-de-plats-de-service\/\" \/>\n<meta property=\"og:site_name\" content=\"Ma Belle Vaisselle\" \/>\n<meta property=\"article:modified_time\" content=\"2025-09-17T15:19:53+00:00\" \/>\n<meta property=\"og:image\" content=\"https:\/\/mabellevaisselle.com\/wp-content\/uploads\/2025\/09\/WhatsApp-Image-2025-09-17-a-14.54.11_ad30f24d.jpg\" \/>\n\t<meta property=\"og:image:width\" content=\"810\" \/>\n\t<meta property=\"og:image:height\" content=\"1080\" \/>\n\t<meta property=\"og:image:type\" content=\"image\/jpeg\" \/>\n<meta name=\"twitter:card\" content=\"summary_large_image\" \/>\n<meta name=\"twitter:label1\" content=\"Estimated reading time\" \/>\n\t<meta name=\"twitter:data1\" content=\"1 minute\" \/>\n<script type=\"application\/ld+json\" class=\"yoast-schema-graph\">{\"@context\":\"https:\\\/\\\/schema.org\",\"@graph\":[{\"@type\":\"WebPage\",\"@id\":\"https:\\\/\\\/mabellevaisselle.com\\\/product\\\/ensemble-de-plats-de-service\\\/\",\"url\":\"https:\\\/\\\/mabellevaisselle.com\\\/product\\\/ensemble-de-plats-de-service\\\/\",\"name\":\"Ensemble de plats de service - Ma Belle Vaisselle\",\"isPartOf\":{\"@id\":\"https:\\\/\\\/mabellevaisselle.com\\\/en\\\/#website\"},\"primaryImageOfPage\":{\"@id\":\"https:\\\/\\\/mabellevaisselle.com\\\/product\\\/ensemble-de-plats-de-service\\\/#primaryimage\"},\"image\":{\"@id\":\"https:\\\/\\\/mabellevaisselle.com\\\/product\\\/ensemble-de-plats-de-service\\\/#primaryimage\"},\"thumbnailUrl\":\"https:\\\/\\\/mabellevaisselle.com\\\/wp-content\\\/uploads\\\/2025\\\/09\\\/WhatsApp-Image-2025-09-17-a-14.54.11_ad30f24d.jpg\",\"datePublished\":\"2025-09-17T15:17:51+00:00\",\"dateModified\":\"2025-09-17T15:19:53+00:00\",\"breadcrumb\":{\"@id\":\"https:\\\/\\\/mabellevaisselle.com\\\/product\\\/ensemble-de-plats-de-service\\\/#breadcrumb\"},\"inLanguage\":\"en-GB\",\"potentialAction\":[{\"@type\":\"ReadAction\",\"target\":[\"https:\\\/\\\/mabellevaisselle.com\\\/product\\\/ensemble-de-plats-de-service\\\/\"]}]},{\"@type\":\"ImageObject\",\"inLanguage\":\"en-GB\",\"@id\":\"https:\\\/\\\/mabellevaisselle.com\\\/product\\\/ensemble-de-plats-de-service\\\/#primaryimage\",\"url\":\"https:\\\/\\\/mabellevaisselle.com\\\/wp-content\\\/uploads\\\/2025\\\/09\\\/WhatsApp-Image-2025-09-17-a-14.54.11_ad30f24d.jpg\",\"contentUrl\":\"https:\\\/\\\/mabellevaisselle.com\\\/wp-content\\\/uploads\\\/2025\\\/09\\\/WhatsApp-Image-2025-09-17-a-14.54.11_ad30f24d.jpg\",\"width\":810,\"height\":1080},{\"@type\":\"BreadcrumbList\",\"@id\":\"https:\\\/\\\/mabellevaisselle.com\\\/product\\\/ensemble-de-plats-de-service\\\/#breadcrumb\",\"itemListElement\":[{\"@type\":\"ListItem\",\"position\":1,\"name\":\"Home\",\"item\":\"https:\\\/\\\/mabellevaisselle.com\\\/\"},{\"@type\":\"ListItem\",\"position\":2,\"name\":\"Produits\",\"item\":\"https:\\\/\\\/mabellevaisselle.com\\\/en\\\/products\\\/\"},{\"@type\":\"ListItem\",\"position\":3,\"name\":\"Ensemble de plats de service\"}]},{\"@type\":\"WebSite\",\"@id\":\"https:\\\/\\\/mabellevaisselle.com\\\/en\\\/#website\",\"url\":\"https:\\\/\\\/mabellevaisselle.com\\\/en\\\/\",\"name\":\"Ma Belle Vaisselle\",\"description\":\"\",\"publisher\":{\"@id\":\"https:\\\/\\\/mabellevaisselle.com\\\/en\\\/#organization\"},\"potentialAction\":[{\"@type\":\"SearchAction\",\"target\":{\"@type\":\"EntryPoint\",\"urlTemplate\":\"https:\\\/\\\/mabellevaisselle.com\\\/en\\\/?s={search_term_string}\"},\"query-input\":{\"@type\":\"PropertyValueSpecification\",\"valueRequired\":true,\"valueName\":\"search_term_string\"}}],\"inLanguage\":\"en-GB\"},{\"@type\":\"Organization\",\"@id\":\"https:\\\/\\\/mabellevaisselle.com\\\/en\\\/#organization\",\"name\":\"Ma Belle Vaisselle\",\"url\":\"https:\\\/\\\/mabellevaisselle.com\\\/en\\\/\",\"logo\":{\"@type\":\"ImageObject\",\"inLanguage\":\"en-GB\",\"@id\":\"https:\\\/\\\/mabellevaisselle.com\\\/en\\\/#\\\/schema\\\/logo\\\/image\\\/\",\"url\":\"https:\\\/\\\/mabellevaisselle.com\\\/wp-content\\\/uploads\\\/2025\\\/09\\\/WhatsApp_Image_2025-09-17_a_15.49.09_381cc5bc-removebg-preview.png\",\"contentUrl\":\"https:\\\/\\\/mabellevaisselle.com\\\/wp-content\\\/uploads\\\/2025\\\/09\\\/WhatsApp_Image_2025-09-17_a_15.49.09_381cc5bc-removebg-preview.png\",\"width\":500,\"height\":500,\"caption\":\"Ma Belle Vaisselle\"},\"image\":{\"@id\":\"https:\\\/\\\/mabellevaisselle.com\\\/en\\\/#\\\/schema\\\/logo\\\/image\\\/\"},\"sameAs\":[\"https:\\\/\\\/www.tiktok.com\\\/@mabellevaiselle?lang=en-GB&is_from_webapp=1&sender_device=mobile&sender_web_id=7468115581947741701\"]}]}<\/script>\n<!-- \/ Yoast SEO plugin. -->","yoast_head_json":{"title":"Ensemble de plats de service - Ma Belle Vaisselle","robots":{"index":"index","follow":"follow","max-snippet":"max-snippet:-1","max-image-preview":"max-image-preview:large","max-video-preview":"max-video-preview:-1"},"canonical":"https:\/\/mabellevaisselle.com\/en\/product\/ensemble-de-plats-de-service\/","og_locale":"en_GB","og_type":"article","og_title":"Ensemble de plats de service - Ma Belle Vaisselle","og_description":"Ces plats de service en inox sont sp\u00e9cialement pens\u00e9s pour la pr\u00e9sentation et le maintien au chaud des repas. Chaque plat est \u00e9quip\u00e9 d\u2019un couvercle assorti et d\u00e9cor\u00e9 de motifs \u00e9l\u00e9gants. Mat\u00e9riau : Acier inoxydable brillant, d\u00e9coratif et durable Design : Finitions miroir avec motifs grav\u00e9s et couvercles herm\u00e9tiques Utilisations:\u00a0 Service des repas, buffets, mariages, [&hellip;]","og_url":"https:\/\/mabellevaisselle.com\/en\/product\/ensemble-de-plats-de-service\/","og_site_name":"Ma Belle Vaisselle","article_modified_time":"2025-09-17T15:19:53+00:00","og_image":[{"width":810,"height":1080,"url":"https:\/\/mabellevaisselle.com\/wp-content\/uploads\/2025\/09\/WhatsApp-Image-2025-09-17-a-14.54.11_ad30f24d.jpg","type":"image\/jpeg"}],"twitter_card":"summary_large_image","twitter_misc":{"Estimated reading time":"1 minute"},"schema":{"@context":"https:\/\/schema.org","@graph":[{"@type":"WebPage","@id":"https:\/\/mabellevaisselle.com\/product\/ensemble-de-plats-de-service\/","url":"https:\/\/mabellevaisselle.com\/product\/ensemble-de-plats-de-service\/","name":"Ensemble de plats de service - Ma Belle Vaisselle","isPartOf":{"@id":"https:\/\/mabellevaisselle.com\/en\/#website"},"primaryImageOfPage":{"@id":"https:\/\/mabellevaisselle.com\/product\/ensemble-de-plats-de-service\/#primaryimage"},"image":{"@id":"https:\/\/mabellevaisselle.com\/product\/ensemble-de-plats-de-service\/#primaryimage"},"thumbnailUrl":"https:\/\/mabellevaisselle.com\/wp-content\/uploads\/2025\/09\/WhatsApp-Image-2025-09-17-a-14.54.11_ad30f24d.jpg","datePublished":"2025-09-17T15:17:51+00:00","dateModified":"2025-09-17T15:19:53+00:00","breadcrumb":{"@id":"https:\/\/mabellevaisselle.com\/product\/ensemble-de-plats-de-service\/#breadcrumb"},"inLanguage":"en-GB","potentialAction":[{"@type":"ReadAction","target":["https:\/\/mabellevaisselle.com\/product\/ensemble-de-plats-de-service\/"]}]},{"@type":"ImageObject","inLanguage":"en-GB","@id":"https:\/\/mabellevaisselle.com\/product\/ensemble-de-plats-de-service\/#primaryimage","url":"https:\/\/mabellevaisselle.com\/wp-content\/uploads\/2025\/09\/WhatsApp-Image-2025-09-17-a-14.54.11_ad30f24d.jpg","contentUrl":"https:\/\/mabellevaisselle.com\/wp-content\/uploads\/2025\/09\/WhatsApp-Image-2025-09-17-a-14.54.11_ad30f24d.jpg","width":810,"height":1080},{"@type":"BreadcrumbList","@id":"https:\/\/mabellevaisselle.com\/product\/ensemble-de-plats-de-service\/#breadcrumb","itemListElement":[{"@type":"ListItem","position":1,"name":"Home","item":"https:\/\/mabellevaisselle.com\/"},{"@type":"ListItem","position":2,"name":"Produits","item":"https:\/\/mabellevaisselle.com\/en\/products\/"},{"@type":"ListItem","position":3,"name":"Ensemble de plats de service"}]},{"@type":"WebSite","@id":"https:\/\/mabellevaisselle.com\/en\/#website","url":"https:\/\/mabellevaisselle.com\/en\/","name":"Ma Belle Vaisselle","description":"","publisher":{"@id":"https:\/\/mabellevaisselle.com\/en\/#organization"},"potentialAction":[{"@type":"SearchAction","target":{"@type":"EntryPoint","urlTemplate":"https:\/\/mabellevaisselle.com\/en\/?s={search_term_string}"},"query-input":{"@type":"PropertyValueSpecification","valueRequired":true,"valueName":"search_term_string"}}],"inLanguage":"en-GB"},{"@type":"Organization","@id":"https:\/\/mabellevaisselle.com\/en\/#organization","name":"Ma Belle Vaisselle","url":"https:\/\/mabellevaisselle.com\/en\/","logo":{"@type":"ImageObject","inLanguage":"en-GB","@id":"https:\/\/mabellevaisselle.com\/en\/#\/schema\/logo\/image\/","url":"https:\/\/mabellevaisselle.com\/wp-content\/uploads\/2025\/09\/WhatsApp_Image_2025-09-17_a_15.49.09_381cc5bc-removebg-preview.png","contentUrl":"https:\/\/mabellevaisselle.com\/wp-content\/uploads\/2025\/09\/WhatsApp_Image_2025-09-17_a_15.49.09_381cc5bc-removebg-preview.png","width":500,"height":500,"caption":"Ma Belle Vaisselle"},"image":{"@id":"https:\/\/mabellevaisselle.com\/en\/#\/schema\/logo\/image\/"},"sameAs":["https:\/\/www.tiktok.com\/@mabellevaiselle?lang=en-GB&is_from_webapp=1&sender_device=mobile&sender_web_id=7468115581947741701"]}]}},"_links":{"self":[{"href":"https:\/\/mabellevaisselle.com\/en\/wp-json\/wp\/v2\/product\/1673","targetHints":{"allow":["GET"]}}],"collection":[{"href":"https:\/\/mabellevaisselle.com\/en\/wp-json\/wp\/v2\/product"}],"about":[{"href":"https:\/\/mabellevaisselle.com\/en\/wp-json\/wp\/v2\/types\/product"}],"replies":[{"embeddable":true,"href":"https:\/\/mabellevaisselle.com\/en\/wp-json\/wp\/v2\/comments?post=1673"}],"wp:featuredmedia":[{"embeddable":true,"href":"https:\/\/mabellevaisselle.com\/en\/wp-json\/wp\/v2\/media\/1674"}],"wp:attachment":[{"href":"https:\/\/mabellevaisselle.com\/en\/wp-json\/wp\/v2\/media?parent=1673"}],"wp:term":[{"taxonomy":"product_brand","embeddable":true,"href":"https:\/\/mabellevaisselle.com\/en\/wp-json\/wp\/v2\/product_brand?post=1673"},{"taxonomy":"product_cat","embeddable":true,"href":"https:\/\/mabellevaisselle.com\/en\/wp-json\/wp\/v2\/product_cat?post=1673"},{"taxonomy":"product_tag","embeddable":true,"href":"https:\/\/mabellevaisselle.com\/en\/wp-json\/wp\/v2\/product_tag?post=1673"}],"curies":[{"name":"wp","href":"https:\/\/api.w.org\/{rel}","templated":true}]}}