{"id":1991,"date":"2025-10-02T11:22:12","date_gmt":"2025-10-02T11:22:12","guid":{"rendered":"https:\/\/slategray-fox-262143.hostingersite.com\/?post_type=product&#038;p=1991"},"modified":"2025-10-06T17:40:23","modified_gmt":"2025-10-06T17:40:23","slug":"set-de-casseroles-isothermes","status":"publish","type":"product","link":"https:\/\/mabellevaisselle.com\/en\/product\/set-de-casseroles-isothermes\/","title":{"rendered":"Set de casseroles isothermes"},"content":{"rendered":"<p data-start=\"204\" data-end=\"487\">Apportez une touche de luxe \u00e0 votre cuisine et vos repas avec ce magnifique set de casseroles <strong data-start=\"298\" data-end=\"340\">effet marbre blanc et finitions dor\u00e9es<\/strong>. Con\u00e7u en acier inoxydable de haute qualit\u00e9, ce set combine \u00e9l\u00e9gance et praticit\u00e9 pour garder vos plats au chaud ou au froid pendant des heures.<\/p>\n<p data-start=\"489\" data-end=\"513\"><strong data-start=\"489\" data-end=\"511\">Caract\u00e9ristiques :<\/strong><\/p>\n<ul data-start=\"514\" data-end=\"857\">\n<li data-start=\"514\" data-end=\"571\">\n<p data-start=\"516\" data-end=\"571\">Design marbr\u00e9 moderne avec finitions dor\u00e9es luxueuses<\/p>\n<\/li>\n<li data-start=\"572\" data-end=\"632\">\n<p data-start=\"574\" data-end=\"632\">Couvercles herm\u00e9tiques avec poign\u00e9es ergonomiques dor\u00e9es<\/p>\n<\/li>\n<li data-start=\"633\" data-end=\"720\">\n<p data-start=\"635\" data-end=\"720\">Parois isothermes permettant de conserver la chaleur ou la fra\u00eecheur plus longtemps<\/p>\n<\/li>\n<li data-start=\"721\" data-end=\"783\">\n<p data-start=\"723\" data-end=\"783\">Fabriqu\u00e9 en inox durable, r\u00e9sistant et facile \u00e0 entretenir<\/p>\n<\/li>\n<li data-start=\"784\" data-end=\"857\">\n<p data-start=\"786\" data-end=\"857\">Id\u00e9al pour recevoir des invit\u00e9s ou pour des repas de famille raffin\u00e9s<\/p>\n<\/li>\n<\/ul>\n<p data-start=\"859\" data-end=\"876\"><strong data-start=\"859\" data-end=\"874\">Avantages :<\/strong><\/p>\n<ul data-start=\"877\" data-end=\"1100\">\n<li data-start=\"877\" data-end=\"924\">\n<p data-start=\"879\" data-end=\"924\">\u00c9l\u00e9gant et raffin\u00e9, il embellit votre table<\/p>\n<\/li>\n<li data-start=\"925\" data-end=\"978\">\n<p data-start=\"927\" data-end=\"978\">Pratique pour servir directement vos plats chauds<\/p>\n<\/li>\n<li data-start=\"979\" data-end=\"1030\">\n<p data-start=\"981\" data-end=\"1030\">Durable et hygi\u00e9nique gr\u00e2ce \u00e0 l\u2019inox de qualit\u00e9<\/p>\n<\/li>\n<li data-start=\"1031\" data-end=\"1100\">\n<p data-start=\"1033\" data-end=\"1100\">Disponible en plusieurs tailles pour s\u2019adapter \u00e0 tous vos besoins<\/p>\n<\/li>\n<\/ul>","protected":false},"excerpt":{"rendered":"<p>Apportez une touche de luxe \u00e0 votre cuisine et vos repas avec ce magnifique set de casseroles <strong data-start=\"298\" data-end=\"340\">effet marbre blanc et finitions dor\u00e9es<\/strong>. Con\u00e7u en acier inoxydable de haute qualit\u00e9, ce set combine \u00e9l\u00e9gance et praticit\u00e9 pour garder vos plats au chaud ou au froid pendant des heures.<\/p>","protected":false},"featured_media":1517,"comment_status":"open","ping_status":"closed","template":"","meta":[],"product_brand":[],"product_cat":[37,41],"product_tag":[],"class_list":{"0":"post-1991","1":"product","2":"type-product","3":"status-publish","4":"has-post-thumbnail","6":"product_cat-decouvrez-nos-thermos-isothermes","7":"product_cat-tasses-thermos","9":"first","10":"instock","11":"sale","12":"taxable","13":"shipping-taxable","14":"purchasable","15":"product-type-simple"},"yoast_head":"<!-- This site is optimized with the Yoast SEO plugin v27.4 - https:\/\/yoast.com\/product\/yoast-seo-wordpress\/ -->\n<title>Set de casseroles isothermes - Ma Belle Vaisselle<\/title>\n<meta name=\"robots\" content=\"index, follow, max-snippet:-1, max-image-preview:large, max-video-preview:-1\" \/>\n<link rel=\"canonical\" href=\"https:\/\/mabellevaisselle.com\/en\/product\/set-de-casseroles-isothermes\/\" \/>\n<meta property=\"og:locale\" content=\"en_GB\" \/>\n<meta property=\"og:type\" content=\"article\" \/>\n<meta property=\"og:title\" content=\"Set de casseroles isothermes - Ma Belle Vaisselle\" \/>\n<meta property=\"og:description\" content=\"Apportez une touche de luxe \u00e0 votre cuisine et vos repas avec ce magnifique set de casseroles effet marbre blanc et finitions dor\u00e9es. Con\u00e7u en acier inoxydable de haute qualit\u00e9, ce set combine \u00e9l\u00e9gance et praticit\u00e9 pour garder vos plats au chaud ou au froid pendant des heures.\" \/>\n<meta property=\"og:url\" content=\"https:\/\/mabellevaisselle.com\/en\/product\/set-de-casseroles-isothermes\/\" \/>\n<meta property=\"og:site_name\" content=\"Ma Belle Vaisselle\" \/>\n<meta property=\"article:modified_time\" content=\"2025-10-06T17:40:23+00:00\" \/>\n<meta property=\"og:image\" content=\"https:\/\/mabellevaisselle.com\/wp-content\/uploads\/2022\/07\/WhatsApp-Image-2025-09-13-a-22.20.17_a00b6b8e.jpg\" \/>\n\t<meta property=\"og:image:width\" content=\"1280\" \/>\n\t<meta property=\"og:image:height\" content=\"960\" \/>\n\t<meta property=\"og:image:type\" content=\"image\/jpeg\" \/>\n<meta name=\"twitter:card\" content=\"summary_large_image\" \/>\n<meta name=\"twitter:label1\" content=\"Estimated reading time\" \/>\n\t<meta name=\"twitter:data1\" content=\"1 minute\" \/>\n<script type=\"application\/ld+json\" class=\"yoast-schema-graph\">{\"@context\":\"https:\\\/\\\/schema.org\",\"@graph\":[{\"@type\":\"WebPage\",\"@id\":\"https:\\\/\\\/mabellevaisselle.com\\\/product\\\/set-de-casseroles-isothermes\\\/\",\"url\":\"https:\\\/\\\/mabellevaisselle.com\\\/product\\\/set-de-casseroles-isothermes\\\/\",\"name\":\"Set de casseroles isothermes - Ma Belle Vaisselle\",\"isPartOf\":{\"@id\":\"https:\\\/\\\/mabellevaisselle.com\\\/en\\\/#website\"},\"primaryImageOfPage\":{\"@id\":\"https:\\\/\\\/mabellevaisselle.com\\\/product\\\/set-de-casseroles-isothermes\\\/#primaryimage\"},\"image\":{\"@id\":\"https:\\\/\\\/mabellevaisselle.com\\\/product\\\/set-de-casseroles-isothermes\\\/#primaryimage\"},\"thumbnailUrl\":\"https:\\\/\\\/mabellevaisselle.com\\\/wp-content\\\/uploads\\\/2022\\\/07\\\/WhatsApp-Image-2025-09-13-a-22.20.17_a00b6b8e.jpg\",\"datePublished\":\"2025-10-02T11:22:12+00:00\",\"dateModified\":\"2025-10-06T17:40:23+00:00\",\"breadcrumb\":{\"@id\":\"https:\\\/\\\/mabellevaisselle.com\\\/product\\\/set-de-casseroles-isothermes\\\/#breadcrumb\"},\"inLanguage\":\"en-GB\",\"potentialAction\":[{\"@type\":\"ReadAction\",\"target\":[\"https:\\\/\\\/mabellevaisselle.com\\\/product\\\/set-de-casseroles-isothermes\\\/\"]}]},{\"@type\":\"ImageObject\",\"inLanguage\":\"en-GB\",\"@id\":\"https:\\\/\\\/mabellevaisselle.com\\\/product\\\/set-de-casseroles-isothermes\\\/#primaryimage\",\"url\":\"https:\\\/\\\/mabellevaisselle.com\\\/wp-content\\\/uploads\\\/2022\\\/07\\\/WhatsApp-Image-2025-09-13-a-22.20.17_a00b6b8e.jpg\",\"contentUrl\":\"https:\\\/\\\/mabellevaisselle.com\\\/wp-content\\\/uploads\\\/2022\\\/07\\\/WhatsApp-Image-2025-09-13-a-22.20.17_a00b6b8e.jpg\",\"width\":1280,\"height\":960,\"caption\":\"Thermos\"},{\"@type\":\"BreadcrumbList\",\"@id\":\"https:\\\/\\\/mabellevaisselle.com\\\/product\\\/set-de-casseroles-isothermes\\\/#breadcrumb\",\"itemListElement\":[{\"@type\":\"ListItem\",\"position\":1,\"name\":\"Home\",\"item\":\"https:\\\/\\\/mabellevaisselle.com\\\/\"},{\"@type\":\"ListItem\",\"position\":2,\"name\":\"Produits\",\"item\":\"https:\\\/\\\/mabellevaisselle.com\\\/en\\\/products\\\/\"},{\"@type\":\"ListItem\",\"position\":3,\"name\":\"Set de casseroles isothermes\"}]},{\"@type\":\"WebSite\",\"@id\":\"https:\\\/\\\/mabellevaisselle.com\\\/en\\\/#website\",\"url\":\"https:\\\/\\\/mabellevaisselle.com\\\/en\\\/\",\"name\":\"Ma Belle Vaisselle\",\"description\":\"\",\"publisher\":{\"@id\":\"https:\\\/\\\/mabellevaisselle.com\\\/en\\\/#organization\"},\"potentialAction\":[{\"@type\":\"SearchAction\",\"target\":{\"@type\":\"EntryPoint\",\"urlTemplate\":\"https:\\\/\\\/mabellevaisselle.com\\\/en\\\/?s={search_term_string}\"},\"query-input\":{\"@type\":\"PropertyValueSpecification\",\"valueRequired\":true,\"valueName\":\"search_term_string\"}}],\"inLanguage\":\"en-GB\"},{\"@type\":\"Organization\",\"@id\":\"https:\\\/\\\/mabellevaisselle.com\\\/en\\\/#organization\",\"name\":\"Ma Belle Vaisselle\",\"url\":\"https:\\\/\\\/mabellevaisselle.com\\\/en\\\/\",\"logo\":{\"@type\":\"ImageObject\",\"inLanguage\":\"en-GB\",\"@id\":\"https:\\\/\\\/mabellevaisselle.com\\\/en\\\/#\\\/schema\\\/logo\\\/image\\\/\",\"url\":\"https:\\\/\\\/mabellevaisselle.com\\\/wp-content\\\/uploads\\\/2025\\\/09\\\/WhatsApp_Image_2025-09-17_a_15.49.09_381cc5bc-removebg-preview.png\",\"contentUrl\":\"https:\\\/\\\/mabellevaisselle.com\\\/wp-content\\\/uploads\\\/2025\\\/09\\\/WhatsApp_Image_2025-09-17_a_15.49.09_381cc5bc-removebg-preview.png\",\"width\":500,\"height\":500,\"caption\":\"Ma Belle Vaisselle\"},\"image\":{\"@id\":\"https:\\\/\\\/mabellevaisselle.com\\\/en\\\/#\\\/schema\\\/logo\\\/image\\\/\"},\"sameAs\":[\"https:\\\/\\\/www.tiktok.com\\\/@mabellevaiselle?lang=en-GB&is_from_webapp=1&sender_device=mobile&sender_web_id=7468115581947741701\"]}]}<\/script>\n<!-- \/ Yoast SEO plugin. -->","yoast_head_json":{"title":"Set de casseroles isothermes - Ma Belle Vaisselle","robots":{"index":"index","follow":"follow","max-snippet":"max-snippet:-1","max-image-preview":"max-image-preview:large","max-video-preview":"max-video-preview:-1"},"canonical":"https:\/\/mabellevaisselle.com\/en\/product\/set-de-casseroles-isothermes\/","og_locale":"en_GB","og_type":"article","og_title":"Set de casseroles isothermes - Ma Belle Vaisselle","og_description":"Apportez une touche de luxe \u00e0 votre cuisine et vos repas avec ce magnifique set de casseroles effet marbre blanc et finitions dor\u00e9es. Con\u00e7u en acier inoxydable de haute qualit\u00e9, ce set combine \u00e9l\u00e9gance et praticit\u00e9 pour garder vos plats au chaud ou au froid pendant des heures.","og_url":"https:\/\/mabellevaisselle.com\/en\/product\/set-de-casseroles-isothermes\/","og_site_name":"Ma Belle Vaisselle","article_modified_time":"2025-10-06T17:40:23+00:00","og_image":[{"width":1280,"height":960,"url":"https:\/\/mabellevaisselle.com\/wp-content\/uploads\/2022\/07\/WhatsApp-Image-2025-09-13-a-22.20.17_a00b6b8e.jpg","type":"image\/jpeg"}],"twitter_card":"summary_large_image","twitter_misc":{"Estimated reading time":"1 minute"},"schema":{"@context":"https:\/\/schema.org","@graph":[{"@type":"WebPage","@id":"https:\/\/mabellevaisselle.com\/product\/set-de-casseroles-isothermes\/","url":"https:\/\/mabellevaisselle.com\/product\/set-de-casseroles-isothermes\/","name":"Set de casseroles isothermes - Ma Belle Vaisselle","isPartOf":{"@id":"https:\/\/mabellevaisselle.com\/en\/#website"},"primaryImageOfPage":{"@id":"https:\/\/mabellevaisselle.com\/product\/set-de-casseroles-isothermes\/#primaryimage"},"image":{"@id":"https:\/\/mabellevaisselle.com\/product\/set-de-casseroles-isothermes\/#primaryimage"},"thumbnailUrl":"https:\/\/mabellevaisselle.com\/wp-content\/uploads\/2022\/07\/WhatsApp-Image-2025-09-13-a-22.20.17_a00b6b8e.jpg","datePublished":"2025-10-02T11:22:12+00:00","dateModified":"2025-10-06T17:40:23+00:00","breadcrumb":{"@id":"https:\/\/mabellevaisselle.com\/product\/set-de-casseroles-isothermes\/#breadcrumb"},"inLanguage":"en-GB","potentialAction":[{"@type":"ReadAction","target":["https:\/\/mabellevaisselle.com\/product\/set-de-casseroles-isothermes\/"]}]},{"@type":"ImageObject","inLanguage":"en-GB","@id":"https:\/\/mabellevaisselle.com\/product\/set-de-casseroles-isothermes\/#primaryimage","url":"https:\/\/mabellevaisselle.com\/wp-content\/uploads\/2022\/07\/WhatsApp-Image-2025-09-13-a-22.20.17_a00b6b8e.jpg","contentUrl":"https:\/\/mabellevaisselle.com\/wp-content\/uploads\/2022\/07\/WhatsApp-Image-2025-09-13-a-22.20.17_a00b6b8e.jpg","width":1280,"height":960,"caption":"Thermos"},{"@type":"BreadcrumbList","@id":"https:\/\/mabellevaisselle.com\/product\/set-de-casseroles-isothermes\/#breadcrumb","itemListElement":[{"@type":"ListItem","position":1,"name":"Home","item":"https:\/\/mabellevaisselle.com\/"},{"@type":"ListItem","position":2,"name":"Produits","item":"https:\/\/mabellevaisselle.com\/en\/products\/"},{"@type":"ListItem","position":3,"name":"Set de casseroles isothermes"}]},{"@type":"WebSite","@id":"https:\/\/mabellevaisselle.com\/en\/#website","url":"https:\/\/mabellevaisselle.com\/en\/","name":"Ma Belle Vaisselle","description":"","publisher":{"@id":"https:\/\/mabellevaisselle.com\/en\/#organization"},"potentialAction":[{"@type":"SearchAction","target":{"@type":"EntryPoint","urlTemplate":"https:\/\/mabellevaisselle.com\/en\/?s={search_term_string}"},"query-input":{"@type":"PropertyValueSpecification","valueRequired":true,"valueName":"search_term_string"}}],"inLanguage":"en-GB"},{"@type":"Organization","@id":"https:\/\/mabellevaisselle.com\/en\/#organization","name":"Ma Belle Vaisselle","url":"https:\/\/mabellevaisselle.com\/en\/","logo":{"@type":"ImageObject","inLanguage":"en-GB","@id":"https:\/\/mabellevaisselle.com\/en\/#\/schema\/logo\/image\/","url":"https:\/\/mabellevaisselle.com\/wp-content\/uploads\/2025\/09\/WhatsApp_Image_2025-09-17_a_15.49.09_381cc5bc-removebg-preview.png","contentUrl":"https:\/\/mabellevaisselle.com\/wp-content\/uploads\/2025\/09\/WhatsApp_Image_2025-09-17_a_15.49.09_381cc5bc-removebg-preview.png","width":500,"height":500,"caption":"Ma Belle Vaisselle"},"image":{"@id":"https:\/\/mabellevaisselle.com\/en\/#\/schema\/logo\/image\/"},"sameAs":["https:\/\/www.tiktok.com\/@mabellevaiselle?lang=en-GB&is_from_webapp=1&sender_device=mobile&sender_web_id=7468115581947741701"]}]}},"_links":{"self":[{"href":"https:\/\/mabellevaisselle.com\/en\/wp-json\/wp\/v2\/product\/1991","targetHints":{"allow":["GET"]}}],"collection":[{"href":"https:\/\/mabellevaisselle.com\/en\/wp-json\/wp\/v2\/product"}],"about":[{"href":"https:\/\/mabellevaisselle.com\/en\/wp-json\/wp\/v2\/types\/product"}],"replies":[{"embeddable":true,"href":"https:\/\/mabellevaisselle.com\/en\/wp-json\/wp\/v2\/comments?post=1991"}],"wp:featuredmedia":[{"embeddable":true,"href":"https:\/\/mabellevaisselle.com\/en\/wp-json\/wp\/v2\/media\/1517"}],"wp:attachment":[{"href":"https:\/\/mabellevaisselle.com\/en\/wp-json\/wp\/v2\/media?parent=1991"}],"wp:term":[{"taxonomy":"product_brand","embeddable":true,"href":"https:\/\/mabellevaisselle.com\/en\/wp-json\/wp\/v2\/product_brand?post=1991"},{"taxonomy":"product_cat","embeddable":true,"href":"https:\/\/mabellevaisselle.com\/en\/wp-json\/wp\/v2\/product_cat?post=1991"},{"taxonomy":"product_tag","embeddable":true,"href":"https:\/\/mabellevaisselle.com\/en\/wp-json\/wp\/v2\/product_tag?post=1991"}],"curies":[{"name":"wp","href":"https:\/\/api.w.org\/{rel}","templated":true}]}}