{"id":1994,"date":"2025-10-02T11:39:37","date_gmt":"2025-10-02T11:39:37","guid":{"rendered":"https:\/\/slategray-fox-262143.hostingersite.com\/?post_type=product&#038;p=1994"},"modified":"2025-10-06T17:39:41","modified_gmt":"2025-10-06T17:39:41","slug":"casseroles-isothermes-motif-floral-et-texture-en-relief","status":"publish","type":"product","link":"https:\/\/mabellevaisselle.com\/en\/product\/casseroles-isothermes-motif-floral-et-texture-en-relief\/","title":{"rendered":"Casseroles isothermes motif floral et texture en relief"},"content":{"rendered":"<p data-start=\"1444\" data-end=\"1468\">Alliez tradition et modernit\u00e9 avec ce superbe set de casseroles <strong data-start=\"1259\" data-end=\"1300\">\u00e0 motifs floraux et texture en relief<\/strong>. Ses d\u00e9tails dor\u00e9s et son design raffin\u00e9 en font un incontournable pour les foyers qui aiment cuisiner et pr\u00e9senter leurs plats avec style.<\/p>\n<p data-start=\"1444\" data-end=\"1468\"><strong data-start=\"1444\" data-end=\"1466\">Caract\u00e9ristiques :<\/strong><\/p>\n<ul data-start=\"1469\" data-end=\"1817\">\n<li data-start=\"1469\" data-end=\"1538\">\n<p data-start=\"1471\" data-end=\"1538\">Ext\u00e9rieur textur\u00e9 en relief pour un design unique et antid\u00e9rapant<\/p>\n<\/li>\n<li data-start=\"1539\" data-end=\"1603\">\n<p data-start=\"1541\" data-end=\"1603\">Motifs floraux \u00e9l\u00e9gants sur le couvercle avec finition dor\u00e9e<\/p>\n<\/li>\n<li data-start=\"1604\" data-end=\"1690\">\n<p data-start=\"1606\" data-end=\"1690\">Conception isotherme pour conserver la temp\u00e9rature de vos plats (chauds ou froids)<\/p>\n<\/li>\n<li data-start=\"1691\" data-end=\"1750\">\n<p data-start=\"1693\" data-end=\"1750\">Poign\u00e9es solides et dor\u00e9es pour une manipulation facile<\/p>\n<\/li>\n<li data-start=\"1751\" data-end=\"1817\">\n<p data-start=\"1753\" data-end=\"1817\">Con\u00e7u en mat\u00e9riaux de haute qualit\u00e9, r\u00e9sistants et hygi\u00e9niques<\/p>\n<\/li>\n<\/ul>\n<p data-start=\"1819\" data-end=\"1836\"><strong data-start=\"1819\" data-end=\"1834\">Avantages :<\/strong><\/p>\n<ul data-start=\"1837\" data-end=\"2067\">\n<li data-start=\"1837\" data-end=\"1900\">\n<p data-start=\"1839\" data-end=\"1900\">Pratique pour la cuisine familiale et les grandes occasions<\/p>\n<\/li>\n<li data-start=\"1901\" data-end=\"1953\">\n<p data-start=\"1903\" data-end=\"1953\">Garde vos repas savoureux \u00e0 la bonne temp\u00e9rature<\/p>\n<\/li>\n<li data-start=\"1954\" data-end=\"2034\">\n<p data-start=\"1956\" data-end=\"2034\">Design esth\u00e9tique qui attire le regard et apporte de la valeur \u00e0 votre table<\/p>\n<\/li>\n<li data-start=\"2035\" data-end=\"2067\">\n<p data-start=\"2037\" data-end=\"2067\">Durable et simple \u00e0 nettoyer<\/p>\n<\/li>\n<\/ul>","protected":false},"excerpt":{"rendered":"<p>Alliez tradition et modernit\u00e9 avec ce superbe set de casseroles <strong data-start=\"1259\" data-end=\"1300\">\u00e0 motifs floraux et texture en relief<\/strong>. Ses d\u00e9tails dor\u00e9s et son design raffin\u00e9 en font un incontournable pour les foyers qui aiment cuisiner et pr\u00e9senter leurs plats avec style.<\/p>","protected":false},"featured_media":1995,"comment_status":"open","ping_status":"closed","template":"","meta":[],"product_brand":[],"product_cat":[37,41],"product_tag":[],"class_list":{"0":"post-1994","1":"product","2":"type-product","3":"status-publish","4":"has-post-thumbnail","6":"product_cat-decouvrez-nos-thermos-isothermes","7":"product_cat-tasses-thermos","9":"first","10":"instock","11":"taxable","12":"shipping-taxable","13":"purchasable","14":"product-type-simple"},"yoast_head":"<!-- This site is optimized with the Yoast SEO plugin v27.4 - https:\/\/yoast.com\/product\/yoast-seo-wordpress\/ -->\n<title>Casseroles isothermes motif floral et texture en relief - Ma Belle Vaisselle<\/title>\n<meta name=\"robots\" content=\"index, follow, max-snippet:-1, max-image-preview:large, max-video-preview:-1\" \/>\n<link rel=\"canonical\" href=\"https:\/\/mabellevaisselle.com\/en\/product\/casseroles-isothermes-motif-floral-et-texture-en-relief\/\" \/>\n<meta property=\"og:locale\" content=\"en_GB\" \/>\n<meta property=\"og:type\" content=\"article\" \/>\n<meta property=\"og:title\" content=\"Casseroles isothermes motif floral et texture en relief - Ma Belle Vaisselle\" \/>\n<meta property=\"og:description\" content=\"Alliez tradition et modernit\u00e9 avec ce superbe set de casseroles \u00e0 motifs floraux et texture en relief. Ses d\u00e9tails dor\u00e9s et son design raffin\u00e9 en font un incontournable pour les foyers qui aiment cuisiner et pr\u00e9senter leurs plats avec style.\" \/>\n<meta property=\"og:url\" content=\"https:\/\/mabellevaisselle.com\/en\/product\/casseroles-isothermes-motif-floral-et-texture-en-relief\/\" \/>\n<meta property=\"og:site_name\" content=\"Ma Belle Vaisselle\" \/>\n<meta property=\"article:modified_time\" content=\"2025-10-06T17:39:41+00:00\" \/>\n<meta property=\"og:image\" content=\"https:\/\/mabellevaisselle.com\/wp-content\/uploads\/2025\/10\/WhatsApp-Image-2025-09-14-a-19.29.08_c87239e8.jpg\" \/>\n\t<meta property=\"og:image:width\" content=\"591\" \/>\n\t<meta property=\"og:image:height\" content=\"738\" \/>\n\t<meta property=\"og:image:type\" content=\"image\/jpeg\" \/>\n<meta name=\"twitter:card\" content=\"summary_large_image\" \/>\n<meta name=\"twitter:label1\" content=\"Estimated reading time\" \/>\n\t<meta name=\"twitter:data1\" content=\"1 minute\" \/>\n<script type=\"application\/ld+json\" class=\"yoast-schema-graph\">{\"@context\":\"https:\\\/\\\/schema.org\",\"@graph\":[{\"@type\":\"WebPage\",\"@id\":\"https:\\\/\\\/mabellevaisselle.com\\\/en\\\/product\\\/casseroles-isothermes-motif-floral-et-texture-en-relief\\\/\",\"url\":\"https:\\\/\\\/mabellevaisselle.com\\\/en\\\/product\\\/casseroles-isothermes-motif-floral-et-texture-en-relief\\\/\",\"name\":\"Casseroles isothermes motif floral et texture en relief - Ma Belle Vaisselle\",\"isPartOf\":{\"@id\":\"https:\\\/\\\/mabellevaisselle.com\\\/en\\\/#website\"},\"primaryImageOfPage\":{\"@id\":\"https:\\\/\\\/mabellevaisselle.com\\\/en\\\/product\\\/casseroles-isothermes-motif-floral-et-texture-en-relief\\\/#primaryimage\"},\"image\":{\"@id\":\"https:\\\/\\\/mabellevaisselle.com\\\/en\\\/product\\\/casseroles-isothermes-motif-floral-et-texture-en-relief\\\/#primaryimage\"},\"thumbnailUrl\":\"https:\\\/\\\/mabellevaisselle.com\\\/wp-content\\\/uploads\\\/2025\\\/10\\\/WhatsApp-Image-2025-09-14-a-19.29.08_c87239e8.jpg\",\"datePublished\":\"2025-10-02T11:39:37+00:00\",\"dateModified\":\"2025-10-06T17:39:41+00:00\",\"breadcrumb\":{\"@id\":\"https:\\\/\\\/mabellevaisselle.com\\\/en\\\/product\\\/casseroles-isothermes-motif-floral-et-texture-en-relief\\\/#breadcrumb\"},\"inLanguage\":\"en-GB\",\"potentialAction\":[{\"@type\":\"ReadAction\",\"target\":[\"https:\\\/\\\/mabellevaisselle.com\\\/en\\\/product\\\/casseroles-isothermes-motif-floral-et-texture-en-relief\\\/\"]}]},{\"@type\":\"ImageObject\",\"inLanguage\":\"en-GB\",\"@id\":\"https:\\\/\\\/mabellevaisselle.com\\\/en\\\/product\\\/casseroles-isothermes-motif-floral-et-texture-en-relief\\\/#primaryimage\",\"url\":\"https:\\\/\\\/mabellevaisselle.com\\\/wp-content\\\/uploads\\\/2025\\\/10\\\/WhatsApp-Image-2025-09-14-a-19.29.08_c87239e8.jpg\",\"contentUrl\":\"https:\\\/\\\/mabellevaisselle.com\\\/wp-content\\\/uploads\\\/2025\\\/10\\\/WhatsApp-Image-2025-09-14-a-19.29.08_c87239e8.jpg\",\"width\":591,\"height\":738},{\"@type\":\"BreadcrumbList\",\"@id\":\"https:\\\/\\\/mabellevaisselle.com\\\/en\\\/product\\\/casseroles-isothermes-motif-floral-et-texture-en-relief\\\/#breadcrumb\",\"itemListElement\":[{\"@type\":\"ListItem\",\"position\":1,\"name\":\"Home\",\"item\":\"https:\\\/\\\/mabellevaisselle.com\\\/\"},{\"@type\":\"ListItem\",\"position\":2,\"name\":\"Produits\",\"item\":\"https:\\\/\\\/mabellevaisselle.com\\\/en\\\/products\\\/\"},{\"@type\":\"ListItem\",\"position\":3,\"name\":\"Casseroles isothermes motif floral et texture en relief\"}]},{\"@type\":\"WebSite\",\"@id\":\"https:\\\/\\\/mabellevaisselle.com\\\/en\\\/#website\",\"url\":\"https:\\\/\\\/mabellevaisselle.com\\\/en\\\/\",\"name\":\"Ma Belle Vaisselle\",\"description\":\"\",\"publisher\":{\"@id\":\"https:\\\/\\\/mabellevaisselle.com\\\/en\\\/#organization\"},\"potentialAction\":[{\"@type\":\"SearchAction\",\"target\":{\"@type\":\"EntryPoint\",\"urlTemplate\":\"https:\\\/\\\/mabellevaisselle.com\\\/en\\\/?s={search_term_string}\"},\"query-input\":{\"@type\":\"PropertyValueSpecification\",\"valueRequired\":true,\"valueName\":\"search_term_string\"}}],\"inLanguage\":\"en-GB\"},{\"@type\":\"Organization\",\"@id\":\"https:\\\/\\\/mabellevaisselle.com\\\/en\\\/#organization\",\"name\":\"Ma Belle Vaisselle\",\"url\":\"https:\\\/\\\/mabellevaisselle.com\\\/en\\\/\",\"logo\":{\"@type\":\"ImageObject\",\"inLanguage\":\"en-GB\",\"@id\":\"https:\\\/\\\/mabellevaisselle.com\\\/en\\\/#\\\/schema\\\/logo\\\/image\\\/\",\"url\":\"https:\\\/\\\/mabellevaisselle.com\\\/wp-content\\\/uploads\\\/2025\\\/09\\\/WhatsApp_Image_2025-09-17_a_15.49.09_381cc5bc-removebg-preview.png\",\"contentUrl\":\"https:\\\/\\\/mabellevaisselle.com\\\/wp-content\\\/uploads\\\/2025\\\/09\\\/WhatsApp_Image_2025-09-17_a_15.49.09_381cc5bc-removebg-preview.png\",\"width\":500,\"height\":500,\"caption\":\"Ma Belle Vaisselle\"},\"image\":{\"@id\":\"https:\\\/\\\/mabellevaisselle.com\\\/en\\\/#\\\/schema\\\/logo\\\/image\\\/\"},\"sameAs\":[\"https:\\\/\\\/www.tiktok.com\\\/@mabellevaiselle?lang=en-GB&is_from_webapp=1&sender_device=mobile&sender_web_id=7468115581947741701\"]}]}<\/script>\n<!-- \/ Yoast SEO plugin. -->","yoast_head_json":{"title":"Casseroles isothermes motif floral et texture en relief - Ma Belle Vaisselle","robots":{"index":"index","follow":"follow","max-snippet":"max-snippet:-1","max-image-preview":"max-image-preview:large","max-video-preview":"max-video-preview:-1"},"canonical":"https:\/\/mabellevaisselle.com\/en\/product\/casseroles-isothermes-motif-floral-et-texture-en-relief\/","og_locale":"en_GB","og_type":"article","og_title":"Casseroles isothermes motif floral et texture en relief - Ma Belle Vaisselle","og_description":"Alliez tradition et modernit\u00e9 avec ce superbe set de casseroles \u00e0 motifs floraux et texture en relief. Ses d\u00e9tails dor\u00e9s et son design raffin\u00e9 en font un incontournable pour les foyers qui aiment cuisiner et pr\u00e9senter leurs plats avec style.","og_url":"https:\/\/mabellevaisselle.com\/en\/product\/casseroles-isothermes-motif-floral-et-texture-en-relief\/","og_site_name":"Ma Belle Vaisselle","article_modified_time":"2025-10-06T17:39:41+00:00","og_image":[{"width":591,"height":738,"url":"https:\/\/mabellevaisselle.com\/wp-content\/uploads\/2025\/10\/WhatsApp-Image-2025-09-14-a-19.29.08_c87239e8.jpg","type":"image\/jpeg"}],"twitter_card":"summary_large_image","twitter_misc":{"Estimated reading time":"1 minute"},"schema":{"@context":"https:\/\/schema.org","@graph":[{"@type":"WebPage","@id":"https:\/\/mabellevaisselle.com\/en\/product\/casseroles-isothermes-motif-floral-et-texture-en-relief\/","url":"https:\/\/mabellevaisselle.com\/en\/product\/casseroles-isothermes-motif-floral-et-texture-en-relief\/","name":"Casseroles isothermes motif floral et texture en relief - Ma Belle Vaisselle","isPartOf":{"@id":"https:\/\/mabellevaisselle.com\/en\/#website"},"primaryImageOfPage":{"@id":"https:\/\/mabellevaisselle.com\/en\/product\/casseroles-isothermes-motif-floral-et-texture-en-relief\/#primaryimage"},"image":{"@id":"https:\/\/mabellevaisselle.com\/en\/product\/casseroles-isothermes-motif-floral-et-texture-en-relief\/#primaryimage"},"thumbnailUrl":"https:\/\/mabellevaisselle.com\/wp-content\/uploads\/2025\/10\/WhatsApp-Image-2025-09-14-a-19.29.08_c87239e8.jpg","datePublished":"2025-10-02T11:39:37+00:00","dateModified":"2025-10-06T17:39:41+00:00","breadcrumb":{"@id":"https:\/\/mabellevaisselle.com\/en\/product\/casseroles-isothermes-motif-floral-et-texture-en-relief\/#breadcrumb"},"inLanguage":"en-GB","potentialAction":[{"@type":"ReadAction","target":["https:\/\/mabellevaisselle.com\/en\/product\/casseroles-isothermes-motif-floral-et-texture-en-relief\/"]}]},{"@type":"ImageObject","inLanguage":"en-GB","@id":"https:\/\/mabellevaisselle.com\/en\/product\/casseroles-isothermes-motif-floral-et-texture-en-relief\/#primaryimage","url":"https:\/\/mabellevaisselle.com\/wp-content\/uploads\/2025\/10\/WhatsApp-Image-2025-09-14-a-19.29.08_c87239e8.jpg","contentUrl":"https:\/\/mabellevaisselle.com\/wp-content\/uploads\/2025\/10\/WhatsApp-Image-2025-09-14-a-19.29.08_c87239e8.jpg","width":591,"height":738},{"@type":"BreadcrumbList","@id":"https:\/\/mabellevaisselle.com\/en\/product\/casseroles-isothermes-motif-floral-et-texture-en-relief\/#breadcrumb","itemListElement":[{"@type":"ListItem","position":1,"name":"Home","item":"https:\/\/mabellevaisselle.com\/"},{"@type":"ListItem","position":2,"name":"Produits","item":"https:\/\/mabellevaisselle.com\/en\/products\/"},{"@type":"ListItem","position":3,"name":"Casseroles isothermes motif floral et texture en relief"}]},{"@type":"WebSite","@id":"https:\/\/mabellevaisselle.com\/en\/#website","url":"https:\/\/mabellevaisselle.com\/en\/","name":"Ma Belle Vaisselle","description":"","publisher":{"@id":"https:\/\/mabellevaisselle.com\/en\/#organization"},"potentialAction":[{"@type":"SearchAction","target":{"@type":"EntryPoint","urlTemplate":"https:\/\/mabellevaisselle.com\/en\/?s={search_term_string}"},"query-input":{"@type":"PropertyValueSpecification","valueRequired":true,"valueName":"search_term_string"}}],"inLanguage":"en-GB"},{"@type":"Organization","@id":"https:\/\/mabellevaisselle.com\/en\/#organization","name":"Ma Belle Vaisselle","url":"https:\/\/mabellevaisselle.com\/en\/","logo":{"@type":"ImageObject","inLanguage":"en-GB","@id":"https:\/\/mabellevaisselle.com\/en\/#\/schema\/logo\/image\/","url":"https:\/\/mabellevaisselle.com\/wp-content\/uploads\/2025\/09\/WhatsApp_Image_2025-09-17_a_15.49.09_381cc5bc-removebg-preview.png","contentUrl":"https:\/\/mabellevaisselle.com\/wp-content\/uploads\/2025\/09\/WhatsApp_Image_2025-09-17_a_15.49.09_381cc5bc-removebg-preview.png","width":500,"height":500,"caption":"Ma Belle Vaisselle"},"image":{"@id":"https:\/\/mabellevaisselle.com\/en\/#\/schema\/logo\/image\/"},"sameAs":["https:\/\/www.tiktok.com\/@mabellevaiselle?lang=en-GB&is_from_webapp=1&sender_device=mobile&sender_web_id=7468115581947741701"]}]}},"_links":{"self":[{"href":"https:\/\/mabellevaisselle.com\/en\/wp-json\/wp\/v2\/product\/1994","targetHints":{"allow":["GET"]}}],"collection":[{"href":"https:\/\/mabellevaisselle.com\/en\/wp-json\/wp\/v2\/product"}],"about":[{"href":"https:\/\/mabellevaisselle.com\/en\/wp-json\/wp\/v2\/types\/product"}],"replies":[{"embeddable":true,"href":"https:\/\/mabellevaisselle.com\/en\/wp-json\/wp\/v2\/comments?post=1994"}],"wp:featuredmedia":[{"embeddable":true,"href":"https:\/\/mabellevaisselle.com\/en\/wp-json\/wp\/v2\/media\/1995"}],"wp:attachment":[{"href":"https:\/\/mabellevaisselle.com\/en\/wp-json\/wp\/v2\/media?parent=1994"}],"wp:term":[{"taxonomy":"product_brand","embeddable":true,"href":"https:\/\/mabellevaisselle.com\/en\/wp-json\/wp\/v2\/product_brand?post=1994"},{"taxonomy":"product_cat","embeddable":true,"href":"https:\/\/mabellevaisselle.com\/en\/wp-json\/wp\/v2\/product_cat?post=1994"},{"taxonomy":"product_tag","embeddable":true,"href":"https:\/\/mabellevaisselle.com\/en\/wp-json\/wp\/v2\/product_tag?post=1994"}],"curies":[{"name":"wp","href":"https:\/\/api.w.org\/{rel}","templated":true}]}}