{"id":1999,"date":"2025-10-03T12:41:34","date_gmt":"2025-10-03T12:41:34","guid":{"rendered":"https:\/\/slategray-fox-262143.hostingersite.com\/?post_type=product&#038;p=1999"},"modified":"2025-10-06T17:38:49","modified_gmt":"2025-10-06T17:38:49","slug":"set-de-capsules-isothermes","status":"publish","type":"product","link":"https:\/\/mabellevaisselle.com\/en\/product\/set-de-capsules-isothermes\/","title":{"rendered":"Set de Capsules Isothermes"},"content":{"rendered":"<h3>Caract\u00e9ristiques : Set de Capsules Isothermes<\/h3>\n<ul>\n<li><strong>Mat\u00e9riau<\/strong> : ext\u00e9rieur textur\u00e9 avec finition haut de gamme et d\u00e9cor floral sur le couvercle<\/li>\n<li><strong>Capacit\u00e9<\/strong> : set de 3 capsules de tailles diff\u00e9rentes (petite, moyenne et grande)<\/li>\n<li><strong>Finition<\/strong> : poign\u00e9es et d\u00e9tails dor\u00e9s pour une touche luxueuse<\/li>\n<li><strong>Fonction isotherme<\/strong> : garde vos plats \u00e0 la bonne temp\u00e9rature plus longtemps<\/li>\n<li><strong>Couvercle herm\u00e9tique<\/strong> avec poign\u00e9e ergonomique<\/li>\n<\/ul>\n<h3>Avantages :<\/h3>\n<ul>\n<li>Id\u00e9al pour les repas en famille, les c\u00e9r\u00e9monies et les r\u00e9ceptions<\/li>\n<li>\u00c9l\u00e9gant, peut servir directement \u00e0 table comme plat de service<\/li>\n<li>Solide et durable pour un usage quotidien<\/li>\n<li>Design exclusif qui apporte du style et de la valeur \u00e0 votre cuisine<\/li>\n<\/ul>","protected":false},"excerpt":{"rendered":"<p>Offrez \u00e0 vos repas une pr\u00e9sentation raffin\u00e9e avec ce <strong>set de capsules isothermes<\/strong>\u00a0au design unique. Con\u00e7ues pour conserver vos plats chauds ou froids pendant des heures, ces capsules allient \u00e9l\u00e9gance, praticit\u00e9 et durabilit\u00e9.<\/p>","protected":false},"featured_media":2034,"comment_status":"open","ping_status":"closed","template":"","meta":[],"product_brand":[],"product_cat":[37,41],"product_tag":[],"class_list":{"0":"post-1999","1":"product","2":"type-product","3":"status-publish","4":"has-post-thumbnail","6":"product_cat-decouvrez-nos-thermos-isothermes","7":"product_cat-tasses-thermos","9":"first","10":"instock","11":"sale","12":"taxable","13":"shipping-taxable","14":"purchasable","15":"product-type-variable","16":"has-default-attributes"},"yoast_head":"<!-- This site is optimized with the Yoast SEO plugin v27.4 - https:\/\/yoast.com\/product\/yoast-seo-wordpress\/ -->\n<title>Set de Capsules Isothermes - Ma Belle Vaisselle<\/title>\n<meta name=\"description\" content=\"D\u00e9couvrez le set de capsules isothermes, un indispensable pour toutes celles et ceux qui souhaitent allier \u00e9l\u00e9gance et praticit\u00e9 dans leur cuisine.\" \/>\n<meta name=\"robots\" content=\"index, follow, max-snippet:-1, max-image-preview:large, max-video-preview:-1\" \/>\n<link rel=\"canonical\" href=\"https:\/\/mabellevaisselle.com\/en\/product\/set-de-capsules-isothermes\/\" \/>\n<meta property=\"og:locale\" content=\"en_GB\" \/>\n<meta property=\"og:type\" content=\"article\" \/>\n<meta property=\"og:title\" content=\"Set de Capsules Isothermes - Ma Belle Vaisselle\" \/>\n<meta property=\"og:description\" content=\"D\u00e9couvrez le set de capsules isothermes, un indispensable pour toutes celles et ceux qui souhaitent allier \u00e9l\u00e9gance et praticit\u00e9 dans leur cuisine.\" \/>\n<meta property=\"og:url\" content=\"https:\/\/mabellevaisselle.com\/en\/product\/set-de-capsules-isothermes\/\" \/>\n<meta property=\"og:site_name\" content=\"Ma Belle Vaisselle\" \/>\n<meta property=\"article:modified_time\" content=\"2025-10-06T17:38:49+00:00\" \/>\n<meta property=\"og:image\" content=\"https:\/\/mabellevaisselle.com\/wp-content\/uploads\/2025\/10\/IMG-20251003-WA0096.jpg\" \/>\n\t<meta property=\"og:image:width\" content=\"1080\" \/>\n\t<meta property=\"og:image:height\" content=\"712\" \/>\n\t<meta property=\"og:image:type\" content=\"image\/jpeg\" \/>\n<meta name=\"twitter:card\" content=\"summary_large_image\" \/>\n<meta name=\"twitter:label1\" content=\"Estimated reading time\" \/>\n\t<meta name=\"twitter:data1\" content=\"1 minute\" \/>\n<script type=\"application\/ld+json\" class=\"yoast-schema-graph\">{\"@context\":\"https:\\\/\\\/schema.org\",\"@graph\":[{\"@type\":\"WebPage\",\"@id\":\"https:\\\/\\\/mabellevaisselle.com\\\/en\\\/product\\\/set-de-capsules-isothermes\\\/\",\"url\":\"https:\\\/\\\/mabellevaisselle.com\\\/en\\\/product\\\/set-de-capsules-isothermes\\\/\",\"name\":\"Set de Capsules Isothermes - Ma Belle Vaisselle\",\"isPartOf\":{\"@id\":\"https:\\\/\\\/mabellevaisselle.com\\\/en\\\/#website\"},\"primaryImageOfPage\":{\"@id\":\"https:\\\/\\\/mabellevaisselle.com\\\/en\\\/product\\\/set-de-capsules-isothermes\\\/#primaryimage\"},\"image\":{\"@id\":\"https:\\\/\\\/mabellevaisselle.com\\\/en\\\/product\\\/set-de-capsules-isothermes\\\/#primaryimage\"},\"thumbnailUrl\":\"https:\\\/\\\/mabellevaisselle.com\\\/wp-content\\\/uploads\\\/2025\\\/10\\\/IMG-20251003-WA0096.jpg\",\"datePublished\":\"2025-10-03T12:41:34+00:00\",\"dateModified\":\"2025-10-06T17:38:49+00:00\",\"description\":\"D\u00e9couvrez le set de capsules isothermes, un indispensable pour toutes celles et ceux qui souhaitent allier \u00e9l\u00e9gance et praticit\u00e9 dans leur cuisine.\",\"breadcrumb\":{\"@id\":\"https:\\\/\\\/mabellevaisselle.com\\\/en\\\/product\\\/set-de-capsules-isothermes\\\/#breadcrumb\"},\"inLanguage\":\"en-GB\",\"potentialAction\":[{\"@type\":\"ReadAction\",\"target\":[\"https:\\\/\\\/mabellevaisselle.com\\\/en\\\/product\\\/set-de-capsules-isothermes\\\/\"]}]},{\"@type\":\"ImageObject\",\"inLanguage\":\"en-GB\",\"@id\":\"https:\\\/\\\/mabellevaisselle.com\\\/en\\\/product\\\/set-de-capsules-isothermes\\\/#primaryimage\",\"url\":\"https:\\\/\\\/mabellevaisselle.com\\\/wp-content\\\/uploads\\\/2025\\\/10\\\/IMG-20251003-WA0096.jpg\",\"contentUrl\":\"https:\\\/\\\/mabellevaisselle.com\\\/wp-content\\\/uploads\\\/2025\\\/10\\\/IMG-20251003-WA0096.jpg\",\"width\":1080,\"height\":712,\"caption\":\"Set de Capsules Isothermes\"},{\"@type\":\"BreadcrumbList\",\"@id\":\"https:\\\/\\\/mabellevaisselle.com\\\/en\\\/product\\\/set-de-capsules-isothermes\\\/#breadcrumb\",\"itemListElement\":[{\"@type\":\"ListItem\",\"position\":1,\"name\":\"Home\",\"item\":\"https:\\\/\\\/mabellevaisselle.com\\\/\"},{\"@type\":\"ListItem\",\"position\":2,\"name\":\"Produits\",\"item\":\"https:\\\/\\\/mabellevaisselle.com\\\/en\\\/products\\\/\"},{\"@type\":\"ListItem\",\"position\":3,\"name\":\"Set de Capsules Isothermes\"}]},{\"@type\":\"WebSite\",\"@id\":\"https:\\\/\\\/mabellevaisselle.com\\\/en\\\/#website\",\"url\":\"https:\\\/\\\/mabellevaisselle.com\\\/en\\\/\",\"name\":\"Ma Belle Vaisselle\",\"description\":\"\",\"publisher\":{\"@id\":\"https:\\\/\\\/mabellevaisselle.com\\\/en\\\/#organization\"},\"potentialAction\":[{\"@type\":\"SearchAction\",\"target\":{\"@type\":\"EntryPoint\",\"urlTemplate\":\"https:\\\/\\\/mabellevaisselle.com\\\/en\\\/?s={search_term_string}\"},\"query-input\":{\"@type\":\"PropertyValueSpecification\",\"valueRequired\":true,\"valueName\":\"search_term_string\"}}],\"inLanguage\":\"en-GB\"},{\"@type\":\"Organization\",\"@id\":\"https:\\\/\\\/mabellevaisselle.com\\\/en\\\/#organization\",\"name\":\"Ma Belle Vaisselle\",\"url\":\"https:\\\/\\\/mabellevaisselle.com\\\/en\\\/\",\"logo\":{\"@type\":\"ImageObject\",\"inLanguage\":\"en-GB\",\"@id\":\"https:\\\/\\\/mabellevaisselle.com\\\/en\\\/#\\\/schema\\\/logo\\\/image\\\/\",\"url\":\"https:\\\/\\\/mabellevaisselle.com\\\/wp-content\\\/uploads\\\/2025\\\/09\\\/WhatsApp_Image_2025-09-17_a_15.49.09_381cc5bc-removebg-preview.png\",\"contentUrl\":\"https:\\\/\\\/mabellevaisselle.com\\\/wp-content\\\/uploads\\\/2025\\\/09\\\/WhatsApp_Image_2025-09-17_a_15.49.09_381cc5bc-removebg-preview.png\",\"width\":500,\"height\":500,\"caption\":\"Ma Belle Vaisselle\"},\"image\":{\"@id\":\"https:\\\/\\\/mabellevaisselle.com\\\/en\\\/#\\\/schema\\\/logo\\\/image\\\/\"},\"sameAs\":[\"https:\\\/\\\/www.tiktok.com\\\/@mabellevaiselle?lang=en-GB&is_from_webapp=1&sender_device=mobile&sender_web_id=7468115581947741701\"]}]}<\/script>\n<!-- \/ Yoast SEO plugin. -->","yoast_head_json":{"title":"Set de Capsules Isothermes - Ma Belle Vaisselle","description":"D\u00e9couvrez le set de capsules isothermes, un indispensable pour toutes celles et ceux qui souhaitent allier \u00e9l\u00e9gance et praticit\u00e9 dans leur cuisine.","robots":{"index":"index","follow":"follow","max-snippet":"max-snippet:-1","max-image-preview":"max-image-preview:large","max-video-preview":"max-video-preview:-1"},"canonical":"https:\/\/mabellevaisselle.com\/en\/product\/set-de-capsules-isothermes\/","og_locale":"en_GB","og_type":"article","og_title":"Set de Capsules Isothermes - Ma Belle Vaisselle","og_description":"D\u00e9couvrez le set de capsules isothermes, un indispensable pour toutes celles et ceux qui souhaitent allier \u00e9l\u00e9gance et praticit\u00e9 dans leur cuisine.","og_url":"https:\/\/mabellevaisselle.com\/en\/product\/set-de-capsules-isothermes\/","og_site_name":"Ma Belle Vaisselle","article_modified_time":"2025-10-06T17:38:49+00:00","og_image":[{"width":1080,"height":712,"url":"https:\/\/mabellevaisselle.com\/wp-content\/uploads\/2025\/10\/IMG-20251003-WA0096.jpg","type":"image\/jpeg"}],"twitter_card":"summary_large_image","twitter_misc":{"Estimated reading time":"1 minute"},"schema":{"@context":"https:\/\/schema.org","@graph":[{"@type":"WebPage","@id":"https:\/\/mabellevaisselle.com\/en\/product\/set-de-capsules-isothermes\/","url":"https:\/\/mabellevaisselle.com\/en\/product\/set-de-capsules-isothermes\/","name":"Set de Capsules Isothermes - Ma Belle Vaisselle","isPartOf":{"@id":"https:\/\/mabellevaisselle.com\/en\/#website"},"primaryImageOfPage":{"@id":"https:\/\/mabellevaisselle.com\/en\/product\/set-de-capsules-isothermes\/#primaryimage"},"image":{"@id":"https:\/\/mabellevaisselle.com\/en\/product\/set-de-capsules-isothermes\/#primaryimage"},"thumbnailUrl":"https:\/\/mabellevaisselle.com\/wp-content\/uploads\/2025\/10\/IMG-20251003-WA0096.jpg","datePublished":"2025-10-03T12:41:34+00:00","dateModified":"2025-10-06T17:38:49+00:00","description":"D\u00e9couvrez le set de capsules isothermes, un indispensable pour toutes celles et ceux qui souhaitent allier \u00e9l\u00e9gance et praticit\u00e9 dans leur cuisine.","breadcrumb":{"@id":"https:\/\/mabellevaisselle.com\/en\/product\/set-de-capsules-isothermes\/#breadcrumb"},"inLanguage":"en-GB","potentialAction":[{"@type":"ReadAction","target":["https:\/\/mabellevaisselle.com\/en\/product\/set-de-capsules-isothermes\/"]}]},{"@type":"ImageObject","inLanguage":"en-GB","@id":"https:\/\/mabellevaisselle.com\/en\/product\/set-de-capsules-isothermes\/#primaryimage","url":"https:\/\/mabellevaisselle.com\/wp-content\/uploads\/2025\/10\/IMG-20251003-WA0096.jpg","contentUrl":"https:\/\/mabellevaisselle.com\/wp-content\/uploads\/2025\/10\/IMG-20251003-WA0096.jpg","width":1080,"height":712,"caption":"Set de Capsules Isothermes"},{"@type":"BreadcrumbList","@id":"https:\/\/mabellevaisselle.com\/en\/product\/set-de-capsules-isothermes\/#breadcrumb","itemListElement":[{"@type":"ListItem","position":1,"name":"Home","item":"https:\/\/mabellevaisselle.com\/"},{"@type":"ListItem","position":2,"name":"Produits","item":"https:\/\/mabellevaisselle.com\/en\/products\/"},{"@type":"ListItem","position":3,"name":"Set de Capsules Isothermes"}]},{"@type":"WebSite","@id":"https:\/\/mabellevaisselle.com\/en\/#website","url":"https:\/\/mabellevaisselle.com\/en\/","name":"Ma Belle Vaisselle","description":"","publisher":{"@id":"https:\/\/mabellevaisselle.com\/en\/#organization"},"potentialAction":[{"@type":"SearchAction","target":{"@type":"EntryPoint","urlTemplate":"https:\/\/mabellevaisselle.com\/en\/?s={search_term_string}"},"query-input":{"@type":"PropertyValueSpecification","valueRequired":true,"valueName":"search_term_string"}}],"inLanguage":"en-GB"},{"@type":"Organization","@id":"https:\/\/mabellevaisselle.com\/en\/#organization","name":"Ma Belle Vaisselle","url":"https:\/\/mabellevaisselle.com\/en\/","logo":{"@type":"ImageObject","inLanguage":"en-GB","@id":"https:\/\/mabellevaisselle.com\/en\/#\/schema\/logo\/image\/","url":"https:\/\/mabellevaisselle.com\/wp-content\/uploads\/2025\/09\/WhatsApp_Image_2025-09-17_a_15.49.09_381cc5bc-removebg-preview.png","contentUrl":"https:\/\/mabellevaisselle.com\/wp-content\/uploads\/2025\/09\/WhatsApp_Image_2025-09-17_a_15.49.09_381cc5bc-removebg-preview.png","width":500,"height":500,"caption":"Ma Belle Vaisselle"},"image":{"@id":"https:\/\/mabellevaisselle.com\/en\/#\/schema\/logo\/image\/"},"sameAs":["https:\/\/www.tiktok.com\/@mabellevaiselle?lang=en-GB&is_from_webapp=1&sender_device=mobile&sender_web_id=7468115581947741701"]}]}},"_links":{"self":[{"href":"https:\/\/mabellevaisselle.com\/en\/wp-json\/wp\/v2\/product\/1999","targetHints":{"allow":["GET"]}}],"collection":[{"href":"https:\/\/mabellevaisselle.com\/en\/wp-json\/wp\/v2\/product"}],"about":[{"href":"https:\/\/mabellevaisselle.com\/en\/wp-json\/wp\/v2\/types\/product"}],"replies":[{"embeddable":true,"href":"https:\/\/mabellevaisselle.com\/en\/wp-json\/wp\/v2\/comments?post=1999"}],"wp:featuredmedia":[{"embeddable":true,"href":"https:\/\/mabellevaisselle.com\/en\/wp-json\/wp\/v2\/media\/2034"}],"wp:attachment":[{"href":"https:\/\/mabellevaisselle.com\/en\/wp-json\/wp\/v2\/media?parent=1999"}],"wp:term":[{"taxonomy":"product_brand","embeddable":true,"href":"https:\/\/mabellevaisselle.com\/en\/wp-json\/wp\/v2\/product_brand?post=1999"},{"taxonomy":"product_cat","embeddable":true,"href":"https:\/\/mabellevaisselle.com\/en\/wp-json\/wp\/v2\/product_cat?post=1999"},{"taxonomy":"product_tag","embeddable":true,"href":"https:\/\/mabellevaisselle.com\/en\/wp-json\/wp\/v2\/product_tag?post=1999"}],"curies":[{"name":"wp","href":"https:\/\/api.w.org\/{rel}","templated":true}]}}