{"id":2041,"date":"2025-10-04T06:07:27","date_gmt":"2025-10-04T06:07:27","guid":{"rendered":"https:\/\/mabellevaisselle.com\/?post_type=product&#038;p=2041"},"modified":"2025-10-06T17:36:10","modified_gmt":"2025-10-06T17:36:10","slug":"distributeur-isotherme-en-pompe","status":"publish","type":"product","link":"https:\/\/mabellevaisselle.com\/en\/product\/distributeur-isotherme-en-pompe\/","title":{"rendered":"Distributeur isotherme en pompe"},"content":{"rendered":"<p>Il s\u2019agit d\u2019un accessoire tr\u00e8s pratique pour conserver et servir des boissons chaudes ou froides en grande quantit\u00e9, tout en pr\u00e9servant leur temp\u00e9rature pendant plusieurs heures.<\/p>\n<p>Ce distributeur isotherme en pompe est con\u00e7u en acier inoxydable, un mat\u00e9riau robuste, hygi\u00e9nique et r\u00e9sistant \u00e0 la corrosion, qui garantit non seulement une grande long\u00e9vit\u00e9 mais aussi une conservation optimale de la chaleur et du froid. Son design moderne et \u00e9l\u00e9gant, associant l\u2019inox bross\u00e9 \u00e0 un couvercle et une base en plastique noir, le rend adapt\u00e9 aussi bien aux environnements domestiques qu\u2019aux contextes professionnels comme les bureaux, les restaurants, les conf\u00e9rences ou encore les \u00e9v\u00e9nements.<\/p>\n<p>La particularit\u00e9 de ce mod\u00e8le r\u00e9side dans son syst\u00e8me de distribution par pompe: il suffit d\u2019actionner la poign\u00e9e situ\u00e9e sur le dessus pour que la boisson s\u2019\u00e9coule directement dans le verre ou la tasse, sans avoir \u00e0 soulever ni incliner le r\u00e9cipient. Ce m\u00e9canisme rend son utilisation pratique, s\u00e9curis\u00e9e et accessible \u00e0 tous, m\u00eame aux enfants ou aux personnes \u00e2g\u00e9es. De plus, cela \u00e9vite les risques de renversements ou de br\u00fblures lors du service de boissons chaudes comme le caf\u00e9, le th\u00e9 ou les infusions.<\/p>\n<p>Ce distributeur isotherme en pompe \u00a0est disponible en plusieurs tailles , ce qui en fait un alli\u00e9 id\u00e9al pour les r\u00e9unions, les buffets ou les d\u00e9placements collectifs. Gr\u00e2ce \u00e0 sa double paroi isolante, il peut maintenir les boissons chaudes pendant environ 12 heures et les boissons froides pendant 24 heures, tout en emp\u00eachant la condensation de se former \u00e0 l\u2019ext\u00e9rieur.<\/p>\n<p>Son couvercle herm\u00e9tique emp\u00eache les fuites et conserve les ar\u00f4mes des boissons. La base est g\u00e9n\u00e9ralement antid\u00e9rapante pour assurer une bonne stabilit\u00e9 sur la table. De plus, sa large ouverture permet un remplissage et un nettoyage faciles, garantissant une hygi\u00e8ne parfaite.<\/p>","protected":false},"excerpt":{"rendered":"<p>Ce distributeur isotherme en pompe est un produit polyvalent, fiable et esth\u00e9tique. Il allie la praticit\u00e9, s\u00e9curit\u00e9 et performance en r\u00e9pondant aux besoins de conservation et de service des boissons au quotidien comme lors des grandes occasions. C\u2019est un accessoire indispensable pour ceux qui souhaitent allier confort et efficacit\u00e9, disponible en plusieurs tailles.<\/p>","protected":false},"featured_media":2042,"comment_status":"open","ping_status":"closed","template":"","meta":[],"product_brand":[],"product_cat":[37,40],"product_tag":[],"class_list":{"0":"post-2041","1":"product","2":"type-product","3":"status-publish","4":"has-post-thumbnail","6":"product_cat-decouvrez-nos-thermos-isothermes","7":"product_cat-thermos-a-eau-chaude","9":"first","10":"instock","11":"taxable","12":"shipping-taxable","13":"purchasable","14":"product-type-variable","15":"has-default-attributes"},"yoast_head":"<!-- This site is optimized with the Yoast SEO plugin v27.4 - https:\/\/yoast.com\/product\/yoast-seo-wordpress\/ -->\n<title>Distributeur isotherme en pompe - Ma Belle Vaisselle<\/title>\n<meta name=\"description\" content=\"Ce distributeur isotherme en pompe est un produit polyvalent, fiable, pratique et esth\u00e9tique, qui r\u00e9pondent aux besoins de conservation au quotidien.\" \/>\n<meta name=\"robots\" content=\"index, follow, max-snippet:-1, max-image-preview:large, max-video-preview:-1\" \/>\n<link rel=\"canonical\" href=\"https:\/\/mabellevaisselle.com\/en\/product\/distributeur-isotherme-en-pompe\/\" \/>\n<meta property=\"og:locale\" content=\"en_GB\" \/>\n<meta property=\"og:type\" content=\"article\" \/>\n<meta property=\"og:title\" content=\"Distributeur isotherme en pompe - Ma Belle Vaisselle\" \/>\n<meta property=\"og:description\" content=\"Ce distributeur isotherme en pompe est un produit polyvalent, fiable, pratique et esth\u00e9tique, qui r\u00e9pondent aux besoins de conservation au quotidien.\" \/>\n<meta property=\"og:url\" content=\"https:\/\/mabellevaisselle.com\/en\/product\/distributeur-isotherme-en-pompe\/\" \/>\n<meta property=\"og:site_name\" content=\"Ma Belle Vaisselle\" \/>\n<meta property=\"article:modified_time\" content=\"2025-10-06T17:36:10+00:00\" \/>\n<meta property=\"og:image\" content=\"https:\/\/mabellevaisselle.com\/wp-content\/uploads\/2025\/10\/FFAF1BCE-DA9C-4CF6-ACD8-C61A9F3C9115.jpeg\" \/>\n\t<meta property=\"og:image:width\" content=\"955\" \/>\n\t<meta property=\"og:image:height\" content=\"1062\" \/>\n\t<meta property=\"og:image:type\" content=\"image\/jpeg\" \/>\n<meta name=\"twitter:card\" content=\"summary_large_image\" \/>\n<meta name=\"twitter:label1\" content=\"Estimated reading time\" \/>\n\t<meta name=\"twitter:data1\" content=\"2 minutes\" \/>\n<script type=\"application\/ld+json\" class=\"yoast-schema-graph\">{\"@context\":\"https:\\\/\\\/schema.org\",\"@graph\":[{\"@type\":\"WebPage\",\"@id\":\"https:\\\/\\\/mabellevaisselle.com\\\/product\\\/distributeur-isotherme-en-pompe\\\/\",\"url\":\"https:\\\/\\\/mabellevaisselle.com\\\/product\\\/distributeur-isotherme-en-pompe\\\/\",\"name\":\"Distributeur isotherme en pompe - Ma Belle Vaisselle\",\"isPartOf\":{\"@id\":\"https:\\\/\\\/mabellevaisselle.com\\\/en\\\/#website\"},\"primaryImageOfPage\":{\"@id\":\"https:\\\/\\\/mabellevaisselle.com\\\/product\\\/distributeur-isotherme-en-pompe\\\/#primaryimage\"},\"image\":{\"@id\":\"https:\\\/\\\/mabellevaisselle.com\\\/product\\\/distributeur-isotherme-en-pompe\\\/#primaryimage\"},\"thumbnailUrl\":\"https:\\\/\\\/mabellevaisselle.com\\\/wp-content\\\/uploads\\\/2025\\\/10\\\/FFAF1BCE-DA9C-4CF6-ACD8-C61A9F3C9115.jpeg\",\"datePublished\":\"2025-10-04T06:07:27+00:00\",\"dateModified\":\"2025-10-06T17:36:10+00:00\",\"description\":\"Ce distributeur isotherme en pompe est un produit polyvalent, fiable, pratique et esth\u00e9tique, qui r\u00e9pondent aux besoins de conservation au quotidien.\",\"breadcrumb\":{\"@id\":\"https:\\\/\\\/mabellevaisselle.com\\\/product\\\/distributeur-isotherme-en-pompe\\\/#breadcrumb\"},\"inLanguage\":\"en-GB\",\"potentialAction\":[{\"@type\":\"ReadAction\",\"target\":[\"https:\\\/\\\/mabellevaisselle.com\\\/product\\\/distributeur-isotherme-en-pompe\\\/\"]}]},{\"@type\":\"ImageObject\",\"inLanguage\":\"en-GB\",\"@id\":\"https:\\\/\\\/mabellevaisselle.com\\\/product\\\/distributeur-isotherme-en-pompe\\\/#primaryimage\",\"url\":\"https:\\\/\\\/mabellevaisselle.com\\\/wp-content\\\/uploads\\\/2025\\\/10\\\/FFAF1BCE-DA9C-4CF6-ACD8-C61A9F3C9115.jpeg\",\"contentUrl\":\"https:\\\/\\\/mabellevaisselle.com\\\/wp-content\\\/uploads\\\/2025\\\/10\\\/FFAF1BCE-DA9C-4CF6-ACD8-C61A9F3C9115.jpeg\",\"width\":955,\"height\":1062,\"caption\":\"Distributeur isotherme en pompe thermos\"},{\"@type\":\"BreadcrumbList\",\"@id\":\"https:\\\/\\\/mabellevaisselle.com\\\/product\\\/distributeur-isotherme-en-pompe\\\/#breadcrumb\",\"itemListElement\":[{\"@type\":\"ListItem\",\"position\":1,\"name\":\"Home\",\"item\":\"https:\\\/\\\/mabellevaisselle.com\\\/\"},{\"@type\":\"ListItem\",\"position\":2,\"name\":\"Produits\",\"item\":\"https:\\\/\\\/mabellevaisselle.com\\\/en\\\/products\\\/\"},{\"@type\":\"ListItem\",\"position\":3,\"name\":\"Distributeur isotherme en pompe\"}]},{\"@type\":\"WebSite\",\"@id\":\"https:\\\/\\\/mabellevaisselle.com\\\/en\\\/#website\",\"url\":\"https:\\\/\\\/mabellevaisselle.com\\\/en\\\/\",\"name\":\"Ma Belle Vaisselle\",\"description\":\"\",\"publisher\":{\"@id\":\"https:\\\/\\\/mabellevaisselle.com\\\/en\\\/#organization\"},\"potentialAction\":[{\"@type\":\"SearchAction\",\"target\":{\"@type\":\"EntryPoint\",\"urlTemplate\":\"https:\\\/\\\/mabellevaisselle.com\\\/en\\\/?s={search_term_string}\"},\"query-input\":{\"@type\":\"PropertyValueSpecification\",\"valueRequired\":true,\"valueName\":\"search_term_string\"}}],\"inLanguage\":\"en-GB\"},{\"@type\":\"Organization\",\"@id\":\"https:\\\/\\\/mabellevaisselle.com\\\/en\\\/#organization\",\"name\":\"Ma Belle Vaisselle\",\"url\":\"https:\\\/\\\/mabellevaisselle.com\\\/en\\\/\",\"logo\":{\"@type\":\"ImageObject\",\"inLanguage\":\"en-GB\",\"@id\":\"https:\\\/\\\/mabellevaisselle.com\\\/en\\\/#\\\/schema\\\/logo\\\/image\\\/\",\"url\":\"https:\\\/\\\/mabellevaisselle.com\\\/wp-content\\\/uploads\\\/2025\\\/09\\\/WhatsApp_Image_2025-09-17_a_15.49.09_381cc5bc-removebg-preview.png\",\"contentUrl\":\"https:\\\/\\\/mabellevaisselle.com\\\/wp-content\\\/uploads\\\/2025\\\/09\\\/WhatsApp_Image_2025-09-17_a_15.49.09_381cc5bc-removebg-preview.png\",\"width\":500,\"height\":500,\"caption\":\"Ma Belle Vaisselle\"},\"image\":{\"@id\":\"https:\\\/\\\/mabellevaisselle.com\\\/en\\\/#\\\/schema\\\/logo\\\/image\\\/\"},\"sameAs\":[\"https:\\\/\\\/www.tiktok.com\\\/@mabellevaiselle?lang=en-GB&is_from_webapp=1&sender_device=mobile&sender_web_id=7468115581947741701\"]}]}<\/script>\n<!-- \/ Yoast SEO plugin. -->","yoast_head_json":{"title":"Distributeur isotherme en pompe - Ma Belle Vaisselle","description":"Ce distributeur isotherme en pompe est un produit polyvalent, fiable, pratique et esth\u00e9tique, qui r\u00e9pondent aux besoins de conservation au quotidien.","robots":{"index":"index","follow":"follow","max-snippet":"max-snippet:-1","max-image-preview":"max-image-preview:large","max-video-preview":"max-video-preview:-1"},"canonical":"https:\/\/mabellevaisselle.com\/en\/product\/distributeur-isotherme-en-pompe\/","og_locale":"en_GB","og_type":"article","og_title":"Distributeur isotherme en pompe - Ma Belle Vaisselle","og_description":"Ce distributeur isotherme en pompe est un produit polyvalent, fiable, pratique et esth\u00e9tique, qui r\u00e9pondent aux besoins de conservation au quotidien.","og_url":"https:\/\/mabellevaisselle.com\/en\/product\/distributeur-isotherme-en-pompe\/","og_site_name":"Ma Belle Vaisselle","article_modified_time":"2025-10-06T17:36:10+00:00","og_image":[{"width":955,"height":1062,"url":"https:\/\/mabellevaisselle.com\/wp-content\/uploads\/2025\/10\/FFAF1BCE-DA9C-4CF6-ACD8-C61A9F3C9115.jpeg","type":"image\/jpeg"}],"twitter_card":"summary_large_image","twitter_misc":{"Estimated reading time":"2 minutes"},"schema":{"@context":"https:\/\/schema.org","@graph":[{"@type":"WebPage","@id":"https:\/\/mabellevaisselle.com\/product\/distributeur-isotherme-en-pompe\/","url":"https:\/\/mabellevaisselle.com\/product\/distributeur-isotherme-en-pompe\/","name":"Distributeur isotherme en pompe - Ma Belle Vaisselle","isPartOf":{"@id":"https:\/\/mabellevaisselle.com\/en\/#website"},"primaryImageOfPage":{"@id":"https:\/\/mabellevaisselle.com\/product\/distributeur-isotherme-en-pompe\/#primaryimage"},"image":{"@id":"https:\/\/mabellevaisselle.com\/product\/distributeur-isotherme-en-pompe\/#primaryimage"},"thumbnailUrl":"https:\/\/mabellevaisselle.com\/wp-content\/uploads\/2025\/10\/FFAF1BCE-DA9C-4CF6-ACD8-C61A9F3C9115.jpeg","datePublished":"2025-10-04T06:07:27+00:00","dateModified":"2025-10-06T17:36:10+00:00","description":"Ce distributeur isotherme en pompe est un produit polyvalent, fiable, pratique et esth\u00e9tique, qui r\u00e9pondent aux besoins de conservation au quotidien.","breadcrumb":{"@id":"https:\/\/mabellevaisselle.com\/product\/distributeur-isotherme-en-pompe\/#breadcrumb"},"inLanguage":"en-GB","potentialAction":[{"@type":"ReadAction","target":["https:\/\/mabellevaisselle.com\/product\/distributeur-isotherme-en-pompe\/"]}]},{"@type":"ImageObject","inLanguage":"en-GB","@id":"https:\/\/mabellevaisselle.com\/product\/distributeur-isotherme-en-pompe\/#primaryimage","url":"https:\/\/mabellevaisselle.com\/wp-content\/uploads\/2025\/10\/FFAF1BCE-DA9C-4CF6-ACD8-C61A9F3C9115.jpeg","contentUrl":"https:\/\/mabellevaisselle.com\/wp-content\/uploads\/2025\/10\/FFAF1BCE-DA9C-4CF6-ACD8-C61A9F3C9115.jpeg","width":955,"height":1062,"caption":"Distributeur isotherme en pompe thermos"},{"@type":"BreadcrumbList","@id":"https:\/\/mabellevaisselle.com\/product\/distributeur-isotherme-en-pompe\/#breadcrumb","itemListElement":[{"@type":"ListItem","position":1,"name":"Home","item":"https:\/\/mabellevaisselle.com\/"},{"@type":"ListItem","position":2,"name":"Produits","item":"https:\/\/mabellevaisselle.com\/en\/products\/"},{"@type":"ListItem","position":3,"name":"Distributeur isotherme en pompe"}]},{"@type":"WebSite","@id":"https:\/\/mabellevaisselle.com\/en\/#website","url":"https:\/\/mabellevaisselle.com\/en\/","name":"Ma Belle Vaisselle","description":"","publisher":{"@id":"https:\/\/mabellevaisselle.com\/en\/#organization"},"potentialAction":[{"@type":"SearchAction","target":{"@type":"EntryPoint","urlTemplate":"https:\/\/mabellevaisselle.com\/en\/?s={search_term_string}"},"query-input":{"@type":"PropertyValueSpecification","valueRequired":true,"valueName":"search_term_string"}}],"inLanguage":"en-GB"},{"@type":"Organization","@id":"https:\/\/mabellevaisselle.com\/en\/#organization","name":"Ma Belle Vaisselle","url":"https:\/\/mabellevaisselle.com\/en\/","logo":{"@type":"ImageObject","inLanguage":"en-GB","@id":"https:\/\/mabellevaisselle.com\/en\/#\/schema\/logo\/image\/","url":"https:\/\/mabellevaisselle.com\/wp-content\/uploads\/2025\/09\/WhatsApp_Image_2025-09-17_a_15.49.09_381cc5bc-removebg-preview.png","contentUrl":"https:\/\/mabellevaisselle.com\/wp-content\/uploads\/2025\/09\/WhatsApp_Image_2025-09-17_a_15.49.09_381cc5bc-removebg-preview.png","width":500,"height":500,"caption":"Ma Belle Vaisselle"},"image":{"@id":"https:\/\/mabellevaisselle.com\/en\/#\/schema\/logo\/image\/"},"sameAs":["https:\/\/www.tiktok.com\/@mabellevaiselle?lang=en-GB&is_from_webapp=1&sender_device=mobile&sender_web_id=7468115581947741701"]}]}},"_links":{"self":[{"href":"https:\/\/mabellevaisselle.com\/en\/wp-json\/wp\/v2\/product\/2041","targetHints":{"allow":["GET"]}}],"collection":[{"href":"https:\/\/mabellevaisselle.com\/en\/wp-json\/wp\/v2\/product"}],"about":[{"href":"https:\/\/mabellevaisselle.com\/en\/wp-json\/wp\/v2\/types\/product"}],"replies":[{"embeddable":true,"href":"https:\/\/mabellevaisselle.com\/en\/wp-json\/wp\/v2\/comments?post=2041"}],"wp:featuredmedia":[{"embeddable":true,"href":"https:\/\/mabellevaisselle.com\/en\/wp-json\/wp\/v2\/media\/2042"}],"wp:attachment":[{"href":"https:\/\/mabellevaisselle.com\/en\/wp-json\/wp\/v2\/media?parent=2041"}],"wp:term":[{"taxonomy":"product_brand","embeddable":true,"href":"https:\/\/mabellevaisselle.com\/en\/wp-json\/wp\/v2\/product_brand?post=2041"},{"taxonomy":"product_cat","embeddable":true,"href":"https:\/\/mabellevaisselle.com\/en\/wp-json\/wp\/v2\/product_cat?post=2041"},{"taxonomy":"product_tag","embeddable":true,"href":"https:\/\/mabellevaisselle.com\/en\/wp-json\/wp\/v2\/product_tag?post=2041"}],"curies":[{"name":"wp","href":"https:\/\/api.w.org\/{rel}","templated":true}]}}