{"id":2079,"date":"2025-10-04T17:23:45","date_gmt":"2025-10-04T17:23:45","guid":{"rendered":"https:\/\/mabellevaisselle.com\/?post_type=product&#038;p=2079"},"modified":"2025-10-06T17:34:44","modified_gmt":"2025-10-06T17:34:44","slug":"distributeur-isotherme-inox","status":"publish","type":"product","link":"https:\/\/mabellevaisselle.com\/en\/product\/distributeur-isotherme-inox\/","title":{"rendered":"Distributeur Isotherme Inox"},"content":{"rendered":"<p>Fabriqu\u00e9 en <strong>acier inoxydable de haute qualit\u00e9<\/strong>,\u00a0 ce Distributeur Isotherme Inox est \u00e0 la fois <strong>r\u00e9sistant, durable et hygi\u00e9nique<\/strong>. Son ext\u00e9rieur brillant offre une allure professionnelle, tandis que son int\u00e9rieur parfaitement isol\u00e9 emp\u00eache la condensation et pr\u00e9serve les saveurs naturelles des boissons.<\/p>\n<hr \/>\n<h3>\u2699\ufe0f <strong>Caract\u00e9ristiques techniques :<\/strong><\/h3>\n<ul>\n<li>Mat\u00e9riau : acier inoxydable \u00e0 double paroi<\/li>\n<li>Capacit\u00e9 : 9L<\/li>\n<li>Temp\u00e9rature : chaud jusqu\u2019\u00e0 12h \u2013 froid jusqu\u2019\u00e0 24h<\/li>\n<li>Deux robinets pour service simultan\u00e9<\/li>\n<li>Poign\u00e9e de transport solide<\/li>\n<li>Pieds antid\u00e9rapants et pliables<\/li>\n<li>Couvercle herm\u00e9tique<\/li>\n<\/ul>\n<h3><strong>Pourquoi choisir ce Distributeur Isotherme Inox?<\/strong><\/h3>\n<p>Parce qu\u2019il combine <strong>robustesse, \u00e9l\u00e9gance et performance<\/strong>, ce distributeur isotherme est l\u2019\u00e9quipement id\u00e9al pour tous ceux qui recherchent une solution fiable et durable. Parfait pour les grands \u00e9v\u00e9nements, les voyages ou le service quotidien, il garantit une <strong>exp\u00e9rience pratique, propre et professionnelle<\/strong> \u00e0 chaque utilisation.<\/p>","protected":false},"excerpt":{"rendered":"<p>Apportez une touche de <strong>praticit\u00e9 et d\u2019\u00e9l\u00e9gance<\/strong> \u00e0 vos \u00e9v\u00e9nements avec le <strong>distributeur isotherme inox<\/strong>. Con\u00e7u pour les professionnels comme pour les particuliers exigeants, ce thermos grand format garantit une <strong>conservation optimale de la chaleur et du froid<\/strong> gr\u00e2ce \u00e0 sa conception innovante en <strong>acier inoxydable \u00e0 double paroi<\/strong>.<\/p>","protected":false},"featured_media":2080,"comment_status":"open","ping_status":"closed","template":"","meta":[],"product_brand":[],"product_cat":[37,41],"product_tag":[],"class_list":{"0":"post-2079","1":"product","2":"type-product","3":"status-publish","4":"has-post-thumbnail","6":"product_cat-decouvrez-nos-thermos-isothermes","7":"product_cat-tasses-thermos","9":"first","10":"instock","11":"sale","12":"taxable","13":"shipping-taxable","14":"purchasable","15":"product-type-simple"},"yoast_head":"<!-- This site is optimized with the Yoast SEO plugin v27.4 - https:\/\/yoast.com\/product\/yoast-seo-wordpress\/ -->\n<title>Distributeur Isotherme Inox - Ma Belle Vaisselle<\/title>\n<meta name=\"description\" content=\"Fabriqu\u00e9 en acier inoxydable de haute qualit\u00e9,\u00a0 ce Distributeur Isotherme Inox est \u00e0 la fois r\u00e9sistant, durable et hygi\u00e9nique.\" \/>\n<meta name=\"robots\" content=\"index, follow, max-snippet:-1, max-image-preview:large, max-video-preview:-1\" \/>\n<link rel=\"canonical\" href=\"https:\/\/mabellevaisselle.com\/en\/product\/distributeur-isotherme-inox\/\" \/>\n<meta property=\"og:locale\" content=\"en_GB\" \/>\n<meta property=\"og:type\" content=\"article\" \/>\n<meta property=\"og:title\" content=\"Distributeur Isotherme Inox - Ma Belle Vaisselle\" \/>\n<meta property=\"og:description\" content=\"Fabriqu\u00e9 en acier inoxydable de haute qualit\u00e9,\u00a0 ce Distributeur Isotherme Inox est \u00e0 la fois r\u00e9sistant, durable et hygi\u00e9nique.\" \/>\n<meta property=\"og:url\" content=\"https:\/\/mabellevaisselle.com\/en\/product\/distributeur-isotherme-inox\/\" \/>\n<meta property=\"og:site_name\" content=\"Ma Belle Vaisselle\" \/>\n<meta property=\"article:modified_time\" content=\"2025-10-06T17:34:44+00:00\" \/>\n<meta property=\"og:image\" content=\"https:\/\/mabellevaisselle.com\/wp-content\/uploads\/2025\/10\/WhatsApp-Image-2025-10-04-a-17.12.41_2286302d.jpg\" \/>\n\t<meta property=\"og:image:width\" content=\"797\" \/>\n\t<meta property=\"og:image:height\" content=\"1111\" \/>\n\t<meta property=\"og:image:type\" content=\"image\/jpeg\" \/>\n<meta name=\"twitter:card\" content=\"summary_large_image\" \/>\n<meta name=\"twitter:label1\" content=\"Estimated reading time\" \/>\n\t<meta name=\"twitter:data1\" content=\"1 minute\" \/>\n<script type=\"application\/ld+json\" class=\"yoast-schema-graph\">{\"@context\":\"https:\\\/\\\/schema.org\",\"@graph\":[{\"@type\":\"WebPage\",\"@id\":\"https:\\\/\\\/mabellevaisselle.com\\\/en\\\/product\\\/distributeur-isotherme-inox\\\/\",\"url\":\"https:\\\/\\\/mabellevaisselle.com\\\/en\\\/product\\\/distributeur-isotherme-inox\\\/\",\"name\":\"Distributeur Isotherme Inox - Ma Belle Vaisselle\",\"isPartOf\":{\"@id\":\"https:\\\/\\\/mabellevaisselle.com\\\/en\\\/#website\"},\"primaryImageOfPage\":{\"@id\":\"https:\\\/\\\/mabellevaisselle.com\\\/en\\\/product\\\/distributeur-isotherme-inox\\\/#primaryimage\"},\"image\":{\"@id\":\"https:\\\/\\\/mabellevaisselle.com\\\/en\\\/product\\\/distributeur-isotherme-inox\\\/#primaryimage\"},\"thumbnailUrl\":\"https:\\\/\\\/mabellevaisselle.com\\\/wp-content\\\/uploads\\\/2025\\\/10\\\/WhatsApp-Image-2025-10-04-a-17.12.41_2286302d.jpg\",\"datePublished\":\"2025-10-04T17:23:45+00:00\",\"dateModified\":\"2025-10-06T17:34:44+00:00\",\"description\":\"Fabriqu\u00e9 en acier inoxydable de haute qualit\u00e9,\u00a0 ce Distributeur Isotherme Inox est \u00e0 la fois r\u00e9sistant, durable et hygi\u00e9nique.\",\"breadcrumb\":{\"@id\":\"https:\\\/\\\/mabellevaisselle.com\\\/en\\\/product\\\/distributeur-isotherme-inox\\\/#breadcrumb\"},\"inLanguage\":\"en-GB\",\"potentialAction\":[{\"@type\":\"ReadAction\",\"target\":[\"https:\\\/\\\/mabellevaisselle.com\\\/en\\\/product\\\/distributeur-isotherme-inox\\\/\"]}]},{\"@type\":\"ImageObject\",\"inLanguage\":\"en-GB\",\"@id\":\"https:\\\/\\\/mabellevaisselle.com\\\/en\\\/product\\\/distributeur-isotherme-inox\\\/#primaryimage\",\"url\":\"https:\\\/\\\/mabellevaisselle.com\\\/wp-content\\\/uploads\\\/2025\\\/10\\\/WhatsApp-Image-2025-10-04-a-17.12.41_2286302d.jpg\",\"contentUrl\":\"https:\\\/\\\/mabellevaisselle.com\\\/wp-content\\\/uploads\\\/2025\\\/10\\\/WhatsApp-Image-2025-10-04-a-17.12.41_2286302d.jpg\",\"width\":797,\"height\":1111},{\"@type\":\"BreadcrumbList\",\"@id\":\"https:\\\/\\\/mabellevaisselle.com\\\/en\\\/product\\\/distributeur-isotherme-inox\\\/#breadcrumb\",\"itemListElement\":[{\"@type\":\"ListItem\",\"position\":1,\"name\":\"Home\",\"item\":\"https:\\\/\\\/mabellevaisselle.com\\\/\"},{\"@type\":\"ListItem\",\"position\":2,\"name\":\"Produits\",\"item\":\"https:\\\/\\\/mabellevaisselle.com\\\/en\\\/products\\\/\"},{\"@type\":\"ListItem\",\"position\":3,\"name\":\"Distributeur Isotherme Inox\"}]},{\"@type\":\"WebSite\",\"@id\":\"https:\\\/\\\/mabellevaisselle.com\\\/en\\\/#website\",\"url\":\"https:\\\/\\\/mabellevaisselle.com\\\/en\\\/\",\"name\":\"Ma Belle Vaisselle\",\"description\":\"\",\"publisher\":{\"@id\":\"https:\\\/\\\/mabellevaisselle.com\\\/en\\\/#organization\"},\"potentialAction\":[{\"@type\":\"SearchAction\",\"target\":{\"@type\":\"EntryPoint\",\"urlTemplate\":\"https:\\\/\\\/mabellevaisselle.com\\\/en\\\/?s={search_term_string}\"},\"query-input\":{\"@type\":\"PropertyValueSpecification\",\"valueRequired\":true,\"valueName\":\"search_term_string\"}}],\"inLanguage\":\"en-GB\"},{\"@type\":\"Organization\",\"@id\":\"https:\\\/\\\/mabellevaisselle.com\\\/en\\\/#organization\",\"name\":\"Ma Belle Vaisselle\",\"url\":\"https:\\\/\\\/mabellevaisselle.com\\\/en\\\/\",\"logo\":{\"@type\":\"ImageObject\",\"inLanguage\":\"en-GB\",\"@id\":\"https:\\\/\\\/mabellevaisselle.com\\\/en\\\/#\\\/schema\\\/logo\\\/image\\\/\",\"url\":\"https:\\\/\\\/mabellevaisselle.com\\\/wp-content\\\/uploads\\\/2025\\\/09\\\/WhatsApp_Image_2025-09-17_a_15.49.09_381cc5bc-removebg-preview.png\",\"contentUrl\":\"https:\\\/\\\/mabellevaisselle.com\\\/wp-content\\\/uploads\\\/2025\\\/09\\\/WhatsApp_Image_2025-09-17_a_15.49.09_381cc5bc-removebg-preview.png\",\"width\":500,\"height\":500,\"caption\":\"Ma Belle Vaisselle\"},\"image\":{\"@id\":\"https:\\\/\\\/mabellevaisselle.com\\\/en\\\/#\\\/schema\\\/logo\\\/image\\\/\"},\"sameAs\":[\"https:\\\/\\\/www.tiktok.com\\\/@mabellevaiselle?lang=en-GB&is_from_webapp=1&sender_device=mobile&sender_web_id=7468115581947741701\"]}]}<\/script>\n<!-- \/ Yoast SEO plugin. -->","yoast_head_json":{"title":"Distributeur Isotherme Inox - Ma Belle Vaisselle","description":"Fabriqu\u00e9 en acier inoxydable de haute qualit\u00e9,\u00a0 ce Distributeur Isotherme Inox est \u00e0 la fois r\u00e9sistant, durable et hygi\u00e9nique.","robots":{"index":"index","follow":"follow","max-snippet":"max-snippet:-1","max-image-preview":"max-image-preview:large","max-video-preview":"max-video-preview:-1"},"canonical":"https:\/\/mabellevaisselle.com\/en\/product\/distributeur-isotherme-inox\/","og_locale":"en_GB","og_type":"article","og_title":"Distributeur Isotherme Inox - Ma Belle Vaisselle","og_description":"Fabriqu\u00e9 en acier inoxydable de haute qualit\u00e9,\u00a0 ce Distributeur Isotherme Inox est \u00e0 la fois r\u00e9sistant, durable et hygi\u00e9nique.","og_url":"https:\/\/mabellevaisselle.com\/en\/product\/distributeur-isotherme-inox\/","og_site_name":"Ma Belle Vaisselle","article_modified_time":"2025-10-06T17:34:44+00:00","og_image":[{"width":797,"height":1111,"url":"https:\/\/mabellevaisselle.com\/wp-content\/uploads\/2025\/10\/WhatsApp-Image-2025-10-04-a-17.12.41_2286302d.jpg","type":"image\/jpeg"}],"twitter_card":"summary_large_image","twitter_misc":{"Estimated reading time":"1 minute"},"schema":{"@context":"https:\/\/schema.org","@graph":[{"@type":"WebPage","@id":"https:\/\/mabellevaisselle.com\/en\/product\/distributeur-isotherme-inox\/","url":"https:\/\/mabellevaisselle.com\/en\/product\/distributeur-isotherme-inox\/","name":"Distributeur Isotherme Inox - Ma Belle Vaisselle","isPartOf":{"@id":"https:\/\/mabellevaisselle.com\/en\/#website"},"primaryImageOfPage":{"@id":"https:\/\/mabellevaisselle.com\/en\/product\/distributeur-isotherme-inox\/#primaryimage"},"image":{"@id":"https:\/\/mabellevaisselle.com\/en\/product\/distributeur-isotherme-inox\/#primaryimage"},"thumbnailUrl":"https:\/\/mabellevaisselle.com\/wp-content\/uploads\/2025\/10\/WhatsApp-Image-2025-10-04-a-17.12.41_2286302d.jpg","datePublished":"2025-10-04T17:23:45+00:00","dateModified":"2025-10-06T17:34:44+00:00","description":"Fabriqu\u00e9 en acier inoxydable de haute qualit\u00e9,\u00a0 ce Distributeur Isotherme Inox est \u00e0 la fois r\u00e9sistant, durable et hygi\u00e9nique.","breadcrumb":{"@id":"https:\/\/mabellevaisselle.com\/en\/product\/distributeur-isotherme-inox\/#breadcrumb"},"inLanguage":"en-GB","potentialAction":[{"@type":"ReadAction","target":["https:\/\/mabellevaisselle.com\/en\/product\/distributeur-isotherme-inox\/"]}]},{"@type":"ImageObject","inLanguage":"en-GB","@id":"https:\/\/mabellevaisselle.com\/en\/product\/distributeur-isotherme-inox\/#primaryimage","url":"https:\/\/mabellevaisselle.com\/wp-content\/uploads\/2025\/10\/WhatsApp-Image-2025-10-04-a-17.12.41_2286302d.jpg","contentUrl":"https:\/\/mabellevaisselle.com\/wp-content\/uploads\/2025\/10\/WhatsApp-Image-2025-10-04-a-17.12.41_2286302d.jpg","width":797,"height":1111},{"@type":"BreadcrumbList","@id":"https:\/\/mabellevaisselle.com\/en\/product\/distributeur-isotherme-inox\/#breadcrumb","itemListElement":[{"@type":"ListItem","position":1,"name":"Home","item":"https:\/\/mabellevaisselle.com\/"},{"@type":"ListItem","position":2,"name":"Produits","item":"https:\/\/mabellevaisselle.com\/en\/products\/"},{"@type":"ListItem","position":3,"name":"Distributeur Isotherme Inox"}]},{"@type":"WebSite","@id":"https:\/\/mabellevaisselle.com\/en\/#website","url":"https:\/\/mabellevaisselle.com\/en\/","name":"Ma Belle Vaisselle","description":"","publisher":{"@id":"https:\/\/mabellevaisselle.com\/en\/#organization"},"potentialAction":[{"@type":"SearchAction","target":{"@type":"EntryPoint","urlTemplate":"https:\/\/mabellevaisselle.com\/en\/?s={search_term_string}"},"query-input":{"@type":"PropertyValueSpecification","valueRequired":true,"valueName":"search_term_string"}}],"inLanguage":"en-GB"},{"@type":"Organization","@id":"https:\/\/mabellevaisselle.com\/en\/#organization","name":"Ma Belle Vaisselle","url":"https:\/\/mabellevaisselle.com\/en\/","logo":{"@type":"ImageObject","inLanguage":"en-GB","@id":"https:\/\/mabellevaisselle.com\/en\/#\/schema\/logo\/image\/","url":"https:\/\/mabellevaisselle.com\/wp-content\/uploads\/2025\/09\/WhatsApp_Image_2025-09-17_a_15.49.09_381cc5bc-removebg-preview.png","contentUrl":"https:\/\/mabellevaisselle.com\/wp-content\/uploads\/2025\/09\/WhatsApp_Image_2025-09-17_a_15.49.09_381cc5bc-removebg-preview.png","width":500,"height":500,"caption":"Ma Belle Vaisselle"},"image":{"@id":"https:\/\/mabellevaisselle.com\/en\/#\/schema\/logo\/image\/"},"sameAs":["https:\/\/www.tiktok.com\/@mabellevaiselle?lang=en-GB&is_from_webapp=1&sender_device=mobile&sender_web_id=7468115581947741701"]}]}},"_links":{"self":[{"href":"https:\/\/mabellevaisselle.com\/en\/wp-json\/wp\/v2\/product\/2079","targetHints":{"allow":["GET"]}}],"collection":[{"href":"https:\/\/mabellevaisselle.com\/en\/wp-json\/wp\/v2\/product"}],"about":[{"href":"https:\/\/mabellevaisselle.com\/en\/wp-json\/wp\/v2\/types\/product"}],"replies":[{"embeddable":true,"href":"https:\/\/mabellevaisselle.com\/en\/wp-json\/wp\/v2\/comments?post=2079"}],"wp:featuredmedia":[{"embeddable":true,"href":"https:\/\/mabellevaisselle.com\/en\/wp-json\/wp\/v2\/media\/2080"}],"wp:attachment":[{"href":"https:\/\/mabellevaisselle.com\/en\/wp-json\/wp\/v2\/media?parent=2079"}],"wp:term":[{"taxonomy":"product_brand","embeddable":true,"href":"https:\/\/mabellevaisselle.com\/en\/wp-json\/wp\/v2\/product_brand?post=2079"},{"taxonomy":"product_cat","embeddable":true,"href":"https:\/\/mabellevaisselle.com\/en\/wp-json\/wp\/v2\/product_cat?post=2079"},{"taxonomy":"product_tag","embeddable":true,"href":"https:\/\/mabellevaisselle.com\/en\/wp-json\/wp\/v2\/product_tag?post=2079"}],"curies":[{"name":"wp","href":"https:\/\/api.w.org\/{rel}","templated":true}]}}