{"id":2083,"date":"2025-10-04T17:50:05","date_gmt":"2025-10-04T17:50:05","guid":{"rendered":"https:\/\/mabellevaisselle.com\/?post_type=product&#038;p=2083"},"modified":"2025-10-07T19:18:55","modified_gmt":"2025-10-07T19:18:55","slug":"ensemble-de-bols-isothermes-en-inox-et-bois","status":"publish","type":"product","link":"https:\/\/mabellevaisselle.com\/en\/product\/ensemble-de-bols-isothermes-en-inox-et-bois\/","title":{"rendered":"Ensemble de Bols Isothermes en Inox et Bois"},"content":{"rendered":"<p>Chaque bol est dot\u00e9 d\u2019une double paroi isolante qui maintient la temp\u00e9rature des aliments pendant plusieurs heures, cet Ensemble de Bols sont id\u00e9ale pour garder vos plats chauds durant un pique-nique, un voyage, au bureau ou \u00e0 la maison. Le couvercle herm\u00e9tique et le design empilable garantissent un transport facile et un gain de place dans la cuisine.<\/p>\n<p><strong>Caract\u00e9ristiques principales de l&rsquo;Ensemble de Bols :<\/strong><\/p>\n<ul>\n<li><strong>Mat\u00e9riau :<\/strong> Acier inoxydable de qualit\u00e9 alimentaire + rev\u00eatement effet bois<\/li>\n<li><strong>Nombre de pi\u00e8ces :<\/strong> 3 &amp; 4 bols avec couvercles<\/li>\n<li><strong>Design :<\/strong> Empilable pour un rangement pratique<\/li>\n<li><strong>Isolation :<\/strong> Double paroi pour garder les repas chauds ou froids plus longtemps<\/li>\n<li><strong>Couvercle herm\u00e9tique :<\/strong> pr\u00e9serve la fra\u00eecheur et \u00e9vite les fuites<\/li>\n<li><strong>Poign\u00e9e pratique <\/strong>\u00a0pour un transport facile<\/li>\n<li><strong>Entretien :<\/strong> Nettoyage facile, compatible avec une \u00e9ponge douce<\/li>\n<\/ul>\n<h3><strong>Avantages de l&rsquo;Ensemble de Bols :<\/strong><\/h3>\n<ul>\n<li>Conserve la temp\u00e9rature des aliments<\/li>\n<li>Robuste et durable<\/li>\n<li>\u00c9l\u00e9gant avec effet bois naturel<\/li>\n<li>Id\u00e9al pour repas en famille, voyage, bureau ou pique-nique<\/li>\n<li>Gain de place gr\u00e2ce au design empilable<\/li>\n<\/ul>\n<p><strong>Contenu du pack :<\/strong><\/p>\n<ul>\n<li>3 &amp; 4 bols isothermes.<\/li>\n<\/ul>","protected":false},"excerpt":{"rendered":"<p>Conservez vos repas au chaud ou au frais avec \u00e9l\u00e9gance gr\u00e2ce \u00e0 ce set de bols isothermes en acier inoxydable, recouverts d\u2019un design effet bois moderne. Pratiques et r\u00e9sistants, cet Ensemble allient la fonctionnalit\u00e9 et l&rsquo;esth\u00e9tique pour r\u00e9pondre aux besoins de toute la famille.<\/p>","protected":false},"featured_media":2085,"comment_status":"open","ping_status":"closed","template":"","meta":[],"product_brand":[],"product_cat":[37,41],"product_tag":[],"class_list":{"0":"post-2083","1":"product","2":"type-product","3":"status-publish","4":"has-post-thumbnail","6":"product_cat-decouvrez-nos-thermos-isothermes","7":"product_cat-tasses-thermos","9":"first","10":"instock","11":"taxable","12":"shipping-taxable","13":"purchasable","14":"product-type-variable"},"yoast_head":"<!-- This site is optimized with the Yoast SEO plugin v27.4 - https:\/\/yoast.com\/product\/yoast-seo-wordpress\/ -->\n<title>Ensemble de Bols Isothermes en Inox et Bois - Ma Belle Vaisselle<\/title>\n<meta name=\"description\" content=\"Conservez vos repas au chaud ou au frais avec \u00e9l\u00e9gance gr\u00e2ce \u00e0 cet ensemble de bols isothermes en acier, recouverts d\u2019un design effet bois moderne.\" \/>\n<meta name=\"robots\" content=\"index, follow, max-snippet:-1, max-image-preview:large, max-video-preview:-1\" \/>\n<link rel=\"canonical\" href=\"https:\/\/mabellevaisselle.com\/en\/product\/ensemble-de-bols-isothermes-en-inox-et-bois\/\" \/>\n<meta property=\"og:locale\" content=\"en_GB\" \/>\n<meta property=\"og:type\" content=\"article\" \/>\n<meta property=\"og:title\" content=\"Ensemble de Bols Isothermes en Inox et Bois - Ma Belle Vaisselle\" \/>\n<meta property=\"og:description\" content=\"Conservez vos repas au chaud ou au frais avec \u00e9l\u00e9gance gr\u00e2ce \u00e0 cet ensemble de bols isothermes en acier, recouverts d\u2019un design effet bois moderne.\" \/>\n<meta property=\"og:url\" content=\"https:\/\/mabellevaisselle.com\/en\/product\/ensemble-de-bols-isothermes-en-inox-et-bois\/\" \/>\n<meta property=\"og:site_name\" content=\"Ma Belle Vaisselle\" \/>\n<meta property=\"article:modified_time\" content=\"2025-10-07T19:18:55+00:00\" \/>\n<meta property=\"og:image\" content=\"https:\/\/mabellevaisselle.com\/wp-content\/uploads\/2025\/10\/WhatsApp-Image-2025-10-03-a-12.03.12_052c004a.jpg\" \/>\n\t<meta property=\"og:image:width\" content=\"844\" \/>\n\t<meta property=\"og:image:height\" content=\"1080\" \/>\n\t<meta property=\"og:image:type\" content=\"image\/jpeg\" \/>\n<meta name=\"twitter:card\" content=\"summary_large_image\" \/>\n<meta name=\"twitter:label1\" content=\"Estimated reading time\" \/>\n\t<meta name=\"twitter:data1\" content=\"2 minutes\" \/>\n<script type=\"application\/ld+json\" class=\"yoast-schema-graph\">{\"@context\":\"https:\\\/\\\/schema.org\",\"@graph\":[{\"@type\":\"WebPage\",\"@id\":\"https:\\\/\\\/mabellevaisselle.com\\\/product\\\/ensemble-de-bols-isothermes-en-inox-et-bois\\\/\",\"url\":\"https:\\\/\\\/mabellevaisselle.com\\\/product\\\/ensemble-de-bols-isothermes-en-inox-et-bois\\\/\",\"name\":\"Ensemble de Bols Isothermes en Inox et Bois - Ma Belle Vaisselle\",\"isPartOf\":{\"@id\":\"https:\\\/\\\/mabellevaisselle.com\\\/en\\\/#website\"},\"primaryImageOfPage\":{\"@id\":\"https:\\\/\\\/mabellevaisselle.com\\\/product\\\/ensemble-de-bols-isothermes-en-inox-et-bois\\\/#primaryimage\"},\"image\":{\"@id\":\"https:\\\/\\\/mabellevaisselle.com\\\/product\\\/ensemble-de-bols-isothermes-en-inox-et-bois\\\/#primaryimage\"},\"thumbnailUrl\":\"https:\\\/\\\/mabellevaisselle.com\\\/wp-content\\\/uploads\\\/2025\\\/10\\\/WhatsApp-Image-2025-10-03-a-12.03.12_052c004a.jpg\",\"datePublished\":\"2025-10-04T17:50:05+00:00\",\"dateModified\":\"2025-10-07T19:18:55+00:00\",\"description\":\"Conservez vos repas au chaud ou au frais avec \u00e9l\u00e9gance gr\u00e2ce \u00e0 cet ensemble de bols isothermes en acier, recouverts d\u2019un design effet bois moderne.\",\"breadcrumb\":{\"@id\":\"https:\\\/\\\/mabellevaisselle.com\\\/product\\\/ensemble-de-bols-isothermes-en-inox-et-bois\\\/#breadcrumb\"},\"inLanguage\":\"en-GB\",\"potentialAction\":[{\"@type\":\"ReadAction\",\"target\":[\"https:\\\/\\\/mabellevaisselle.com\\\/product\\\/ensemble-de-bols-isothermes-en-inox-et-bois\\\/\"]}]},{\"@type\":\"ImageObject\",\"inLanguage\":\"en-GB\",\"@id\":\"https:\\\/\\\/mabellevaisselle.com\\\/product\\\/ensemble-de-bols-isothermes-en-inox-et-bois\\\/#primaryimage\",\"url\":\"https:\\\/\\\/mabellevaisselle.com\\\/wp-content\\\/uploads\\\/2025\\\/10\\\/WhatsApp-Image-2025-10-03-a-12.03.12_052c004a.jpg\",\"contentUrl\":\"https:\\\/\\\/mabellevaisselle.com\\\/wp-content\\\/uploads\\\/2025\\\/10\\\/WhatsApp-Image-2025-10-03-a-12.03.12_052c004a.jpg\",\"width\":844,\"height\":1080,\"caption\":\"Ensemble de Bols\"},{\"@type\":\"BreadcrumbList\",\"@id\":\"https:\\\/\\\/mabellevaisselle.com\\\/product\\\/ensemble-de-bols-isothermes-en-inox-et-bois\\\/#breadcrumb\",\"itemListElement\":[{\"@type\":\"ListItem\",\"position\":1,\"name\":\"Home\",\"item\":\"https:\\\/\\\/mabellevaisselle.com\\\/\"},{\"@type\":\"ListItem\",\"position\":2,\"name\":\"Produits\",\"item\":\"https:\\\/\\\/mabellevaisselle.com\\\/en\\\/products\\\/\"},{\"@type\":\"ListItem\",\"position\":3,\"name\":\"Ensemble de Bols Isothermes en Inox et Bois\"}]},{\"@type\":\"WebSite\",\"@id\":\"https:\\\/\\\/mabellevaisselle.com\\\/en\\\/#website\",\"url\":\"https:\\\/\\\/mabellevaisselle.com\\\/en\\\/\",\"name\":\"Ma Belle Vaisselle\",\"description\":\"\",\"publisher\":{\"@id\":\"https:\\\/\\\/mabellevaisselle.com\\\/en\\\/#organization\"},\"potentialAction\":[{\"@type\":\"SearchAction\",\"target\":{\"@type\":\"EntryPoint\",\"urlTemplate\":\"https:\\\/\\\/mabellevaisselle.com\\\/en\\\/?s={search_term_string}\"},\"query-input\":{\"@type\":\"PropertyValueSpecification\",\"valueRequired\":true,\"valueName\":\"search_term_string\"}}],\"inLanguage\":\"en-GB\"},{\"@type\":\"Organization\",\"@id\":\"https:\\\/\\\/mabellevaisselle.com\\\/en\\\/#organization\",\"name\":\"Ma Belle Vaisselle\",\"url\":\"https:\\\/\\\/mabellevaisselle.com\\\/en\\\/\",\"logo\":{\"@type\":\"ImageObject\",\"inLanguage\":\"en-GB\",\"@id\":\"https:\\\/\\\/mabellevaisselle.com\\\/en\\\/#\\\/schema\\\/logo\\\/image\\\/\",\"url\":\"https:\\\/\\\/mabellevaisselle.com\\\/wp-content\\\/uploads\\\/2025\\\/09\\\/WhatsApp_Image_2025-09-17_a_15.49.09_381cc5bc-removebg-preview.png\",\"contentUrl\":\"https:\\\/\\\/mabellevaisselle.com\\\/wp-content\\\/uploads\\\/2025\\\/09\\\/WhatsApp_Image_2025-09-17_a_15.49.09_381cc5bc-removebg-preview.png\",\"width\":500,\"height\":500,\"caption\":\"Ma Belle Vaisselle\"},\"image\":{\"@id\":\"https:\\\/\\\/mabellevaisselle.com\\\/en\\\/#\\\/schema\\\/logo\\\/image\\\/\"},\"sameAs\":[\"https:\\\/\\\/www.tiktok.com\\\/@mabellevaiselle?lang=en-GB&is_from_webapp=1&sender_device=mobile&sender_web_id=7468115581947741701\"]}]}<\/script>\n<!-- \/ Yoast SEO plugin. -->","yoast_head_json":{"title":"Ensemble de Bols Isothermes en Inox et Bois - Ma Belle Vaisselle","description":"Conservez vos repas au chaud ou au frais avec \u00e9l\u00e9gance gr\u00e2ce \u00e0 cet ensemble de bols isothermes en acier, recouverts d\u2019un design effet bois moderne.","robots":{"index":"index","follow":"follow","max-snippet":"max-snippet:-1","max-image-preview":"max-image-preview:large","max-video-preview":"max-video-preview:-1"},"canonical":"https:\/\/mabellevaisselle.com\/en\/product\/ensemble-de-bols-isothermes-en-inox-et-bois\/","og_locale":"en_GB","og_type":"article","og_title":"Ensemble de Bols Isothermes en Inox et Bois - Ma Belle Vaisselle","og_description":"Conservez vos repas au chaud ou au frais avec \u00e9l\u00e9gance gr\u00e2ce \u00e0 cet ensemble de bols isothermes en acier, recouverts d\u2019un design effet bois moderne.","og_url":"https:\/\/mabellevaisselle.com\/en\/product\/ensemble-de-bols-isothermes-en-inox-et-bois\/","og_site_name":"Ma Belle Vaisselle","article_modified_time":"2025-10-07T19:18:55+00:00","og_image":[{"width":844,"height":1080,"url":"https:\/\/mabellevaisselle.com\/wp-content\/uploads\/2025\/10\/WhatsApp-Image-2025-10-03-a-12.03.12_052c004a.jpg","type":"image\/jpeg"}],"twitter_card":"summary_large_image","twitter_misc":{"Estimated reading time":"2 minutes"},"schema":{"@context":"https:\/\/schema.org","@graph":[{"@type":"WebPage","@id":"https:\/\/mabellevaisselle.com\/product\/ensemble-de-bols-isothermes-en-inox-et-bois\/","url":"https:\/\/mabellevaisselle.com\/product\/ensemble-de-bols-isothermes-en-inox-et-bois\/","name":"Ensemble de Bols Isothermes en Inox et Bois - Ma Belle Vaisselle","isPartOf":{"@id":"https:\/\/mabellevaisselle.com\/en\/#website"},"primaryImageOfPage":{"@id":"https:\/\/mabellevaisselle.com\/product\/ensemble-de-bols-isothermes-en-inox-et-bois\/#primaryimage"},"image":{"@id":"https:\/\/mabellevaisselle.com\/product\/ensemble-de-bols-isothermes-en-inox-et-bois\/#primaryimage"},"thumbnailUrl":"https:\/\/mabellevaisselle.com\/wp-content\/uploads\/2025\/10\/WhatsApp-Image-2025-10-03-a-12.03.12_052c004a.jpg","datePublished":"2025-10-04T17:50:05+00:00","dateModified":"2025-10-07T19:18:55+00:00","description":"Conservez vos repas au chaud ou au frais avec \u00e9l\u00e9gance gr\u00e2ce \u00e0 cet ensemble de bols isothermes en acier, recouverts d\u2019un design effet bois moderne.","breadcrumb":{"@id":"https:\/\/mabellevaisselle.com\/product\/ensemble-de-bols-isothermes-en-inox-et-bois\/#breadcrumb"},"inLanguage":"en-GB","potentialAction":[{"@type":"ReadAction","target":["https:\/\/mabellevaisselle.com\/product\/ensemble-de-bols-isothermes-en-inox-et-bois\/"]}]},{"@type":"ImageObject","inLanguage":"en-GB","@id":"https:\/\/mabellevaisselle.com\/product\/ensemble-de-bols-isothermes-en-inox-et-bois\/#primaryimage","url":"https:\/\/mabellevaisselle.com\/wp-content\/uploads\/2025\/10\/WhatsApp-Image-2025-10-03-a-12.03.12_052c004a.jpg","contentUrl":"https:\/\/mabellevaisselle.com\/wp-content\/uploads\/2025\/10\/WhatsApp-Image-2025-10-03-a-12.03.12_052c004a.jpg","width":844,"height":1080,"caption":"Ensemble de Bols"},{"@type":"BreadcrumbList","@id":"https:\/\/mabellevaisselle.com\/product\/ensemble-de-bols-isothermes-en-inox-et-bois\/#breadcrumb","itemListElement":[{"@type":"ListItem","position":1,"name":"Home","item":"https:\/\/mabellevaisselle.com\/"},{"@type":"ListItem","position":2,"name":"Produits","item":"https:\/\/mabellevaisselle.com\/en\/products\/"},{"@type":"ListItem","position":3,"name":"Ensemble de Bols Isothermes en Inox et Bois"}]},{"@type":"WebSite","@id":"https:\/\/mabellevaisselle.com\/en\/#website","url":"https:\/\/mabellevaisselle.com\/en\/","name":"Ma Belle Vaisselle","description":"","publisher":{"@id":"https:\/\/mabellevaisselle.com\/en\/#organization"},"potentialAction":[{"@type":"SearchAction","target":{"@type":"EntryPoint","urlTemplate":"https:\/\/mabellevaisselle.com\/en\/?s={search_term_string}"},"query-input":{"@type":"PropertyValueSpecification","valueRequired":true,"valueName":"search_term_string"}}],"inLanguage":"en-GB"},{"@type":"Organization","@id":"https:\/\/mabellevaisselle.com\/en\/#organization","name":"Ma Belle Vaisselle","url":"https:\/\/mabellevaisselle.com\/en\/","logo":{"@type":"ImageObject","inLanguage":"en-GB","@id":"https:\/\/mabellevaisselle.com\/en\/#\/schema\/logo\/image\/","url":"https:\/\/mabellevaisselle.com\/wp-content\/uploads\/2025\/09\/WhatsApp_Image_2025-09-17_a_15.49.09_381cc5bc-removebg-preview.png","contentUrl":"https:\/\/mabellevaisselle.com\/wp-content\/uploads\/2025\/09\/WhatsApp_Image_2025-09-17_a_15.49.09_381cc5bc-removebg-preview.png","width":500,"height":500,"caption":"Ma Belle Vaisselle"},"image":{"@id":"https:\/\/mabellevaisselle.com\/en\/#\/schema\/logo\/image\/"},"sameAs":["https:\/\/www.tiktok.com\/@mabellevaiselle?lang=en-GB&is_from_webapp=1&sender_device=mobile&sender_web_id=7468115581947741701"]}]}},"_links":{"self":[{"href":"https:\/\/mabellevaisselle.com\/en\/wp-json\/wp\/v2\/product\/2083","targetHints":{"allow":["GET"]}}],"collection":[{"href":"https:\/\/mabellevaisselle.com\/en\/wp-json\/wp\/v2\/product"}],"about":[{"href":"https:\/\/mabellevaisselle.com\/en\/wp-json\/wp\/v2\/types\/product"}],"replies":[{"embeddable":true,"href":"https:\/\/mabellevaisselle.com\/en\/wp-json\/wp\/v2\/comments?post=2083"}],"wp:featuredmedia":[{"embeddable":true,"href":"https:\/\/mabellevaisselle.com\/en\/wp-json\/wp\/v2\/media\/2085"}],"wp:attachment":[{"href":"https:\/\/mabellevaisselle.com\/en\/wp-json\/wp\/v2\/media?parent=2083"}],"wp:term":[{"taxonomy":"product_brand","embeddable":true,"href":"https:\/\/mabellevaisselle.com\/en\/wp-json\/wp\/v2\/product_brand?post=2083"},{"taxonomy":"product_cat","embeddable":true,"href":"https:\/\/mabellevaisselle.com\/en\/wp-json\/wp\/v2\/product_cat?post=2083"},{"taxonomy":"product_tag","embeddable":true,"href":"https:\/\/mabellevaisselle.com\/en\/wp-json\/wp\/v2\/product_tag?post=2083"}],"curies":[{"name":"wp","href":"https:\/\/api.w.org\/{rel}","templated":true}]}}