{"id":2296,"date":"2025-11-26T11:56:05","date_gmt":"2025-11-26T11:56:05","guid":{"rendered":"https:\/\/mabellevaisselle.com\/?post_type=product&#038;p=2296"},"modified":"2025-11-26T11:57:05","modified_gmt":"2025-11-26T11:57:05","slug":"ensemble-de-bols-hermetiques","status":"publish","type":"product","link":"https:\/\/mabellevaisselle.com\/en\/product\/ensemble-de-bols-hermetiques\/","title":{"rendered":"Ensemble de Bols Herm\u00e9tiques"},"content":{"rendered":"<h4><strong>Caract\u00e9ristiques et avantages :<\/strong><\/h4>\n<ul>\n<li><strong>Lot de 3 tailles diff\u00e9rentes<\/strong> : id\u00e9al pour organiser vos pr\u00e9parations, salades, fruits, restes de repas, etc.<\/li>\n<li><strong>Design floral &amp; oiseaux<\/strong> : motifs color\u00e9s et raffin\u00e9s pour sublimer votre table et vos rangements.<\/li>\n<li><strong>Couvercles herm\u00e9tiques<\/strong> : garantissent une conservation optimale et \u00e9vitent les fuites.<\/li>\n<li><strong>Mat\u00e9riau solide<\/strong> : r\u00e9sistant, l\u00e9ger et facile \u00e0 nettoyer.<\/li>\n<li><strong>Polyvalents<\/strong> : parfaits pour la cuisine, le pique-nique, les voyages ou le stockage au r\u00e9frig\u00e9rateur.<\/li>\n<\/ul>","protected":false},"excerpt":{"rendered":"<p>Ajoutez une touche d\u2019\u00e9l\u00e9gance \u00e0 votre cuisine avec cet ensemble de trois bols d\u00e9cor\u00e9s de magnifiques motifs floraux et d\u2019oiseaux. Parfaits pour conserver, servir ou transporter vos repas, ces bols allient <strong>style, praticit\u00e9 et durabilit\u00e9<\/strong>.<\/p>","protected":false},"featured_media":2297,"comment_status":"open","ping_status":"closed","template":"","meta":[],"product_brand":[],"product_cat":[36],"product_tag":[],"class_list":{"0":"post-2296","1":"product","2":"type-product","3":"status-publish","4":"has-post-thumbnail","6":"product_cat-tasses-super","8":"first","9":"instock","10":"taxable","11":"shipping-taxable","12":"purchasable","13":"product-type-simple"},"yoast_head":"<!-- This site is optimized with the Yoast SEO plugin v27.4 - https:\/\/yoast.com\/product\/yoast-seo-wordpress\/ -->\n<title>Ensemble de Bols Herm\u00e9tiques - Ma Belle Vaisselle<\/title>\n<meta name=\"description\" content=\"Ajoutez une touche d\u2019\u00e9l\u00e9gance \u00e0 votre cuisine avec cet ensemble de Bols Herm\u00e9tiques, d\u00e9cor\u00e9s de magnifiques motifs floraux et d\u2019oiseaux.\" \/>\n<meta name=\"robots\" content=\"index, follow, max-snippet:-1, max-image-preview:large, max-video-preview:-1\" \/>\n<link rel=\"canonical\" href=\"https:\/\/mabellevaisselle.com\/en\/product\/ensemble-de-bols-hermetiques\/\" \/>\n<meta property=\"og:locale\" content=\"en_GB\" \/>\n<meta property=\"og:type\" content=\"article\" \/>\n<meta property=\"og:title\" content=\"Ensemble de Bols Herm\u00e9tiques - Ma Belle Vaisselle\" \/>\n<meta property=\"og:description\" content=\"Ajoutez une touche d\u2019\u00e9l\u00e9gance \u00e0 votre cuisine avec cet ensemble de Bols Herm\u00e9tiques, d\u00e9cor\u00e9s de magnifiques motifs floraux et d\u2019oiseaux.\" \/>\n<meta property=\"og:url\" content=\"https:\/\/mabellevaisselle.com\/en\/product\/ensemble-de-bols-hermetiques\/\" \/>\n<meta property=\"og:site_name\" content=\"Ma Belle Vaisselle\" \/>\n<meta property=\"article:modified_time\" content=\"2025-11-26T11:57:05+00:00\" \/>\n<meta property=\"og:image\" content=\"https:\/\/mabellevaisselle.com\/wp-content\/uploads\/2025\/11\/WhatsApp-Image-2025-11-26-a-10.25.13_89953f7b.jpg\" \/>\n\t<meta property=\"og:image:width\" content=\"920\" \/>\n\t<meta property=\"og:image:height\" content=\"1280\" \/>\n\t<meta property=\"og:image:type\" content=\"image\/jpeg\" \/>\n<meta name=\"twitter:card\" content=\"summary_large_image\" \/>\n<meta name=\"twitter:label1\" content=\"Estimated reading time\" \/>\n\t<meta name=\"twitter:data1\" content=\"1 minute\" \/>\n<script type=\"application\/ld+json\" class=\"yoast-schema-graph\">{\"@context\":\"https:\\\/\\\/schema.org\",\"@graph\":[{\"@type\":\"WebPage\",\"@id\":\"https:\\\/\\\/mabellevaisselle.com\\\/en\\\/product\\\/ensemble-de-bols-hermetiques\\\/\",\"url\":\"https:\\\/\\\/mabellevaisselle.com\\\/en\\\/product\\\/ensemble-de-bols-hermetiques\\\/\",\"name\":\"Ensemble de Bols Herm\u00e9tiques - Ma Belle Vaisselle\",\"isPartOf\":{\"@id\":\"https:\\\/\\\/mabellevaisselle.com\\\/en\\\/#website\"},\"primaryImageOfPage\":{\"@id\":\"https:\\\/\\\/mabellevaisselle.com\\\/en\\\/product\\\/ensemble-de-bols-hermetiques\\\/#primaryimage\"},\"image\":{\"@id\":\"https:\\\/\\\/mabellevaisselle.com\\\/en\\\/product\\\/ensemble-de-bols-hermetiques\\\/#primaryimage\"},\"thumbnailUrl\":\"https:\\\/\\\/mabellevaisselle.com\\\/wp-content\\\/uploads\\\/2025\\\/11\\\/WhatsApp-Image-2025-11-26-a-10.25.13_89953f7b.jpg\",\"datePublished\":\"2025-11-26T11:56:05+00:00\",\"dateModified\":\"2025-11-26T11:57:05+00:00\",\"description\":\"Ajoutez une touche d\u2019\u00e9l\u00e9gance \u00e0 votre cuisine avec cet ensemble de Bols Herm\u00e9tiques, d\u00e9cor\u00e9s de magnifiques motifs floraux et d\u2019oiseaux.\",\"breadcrumb\":{\"@id\":\"https:\\\/\\\/mabellevaisselle.com\\\/en\\\/product\\\/ensemble-de-bols-hermetiques\\\/#breadcrumb\"},\"inLanguage\":\"en-GB\",\"potentialAction\":[{\"@type\":\"ReadAction\",\"target\":[\"https:\\\/\\\/mabellevaisselle.com\\\/en\\\/product\\\/ensemble-de-bols-hermetiques\\\/\"]}]},{\"@type\":\"ImageObject\",\"inLanguage\":\"en-GB\",\"@id\":\"https:\\\/\\\/mabellevaisselle.com\\\/en\\\/product\\\/ensemble-de-bols-hermetiques\\\/#primaryimage\",\"url\":\"https:\\\/\\\/mabellevaisselle.com\\\/wp-content\\\/uploads\\\/2025\\\/11\\\/WhatsApp-Image-2025-11-26-a-10.25.13_89953f7b.jpg\",\"contentUrl\":\"https:\\\/\\\/mabellevaisselle.com\\\/wp-content\\\/uploads\\\/2025\\\/11\\\/WhatsApp-Image-2025-11-26-a-10.25.13_89953f7b.jpg\",\"width\":920,\"height\":1280,\"caption\":\"Tass super\"},{\"@type\":\"BreadcrumbList\",\"@id\":\"https:\\\/\\\/mabellevaisselle.com\\\/en\\\/product\\\/ensemble-de-bols-hermetiques\\\/#breadcrumb\",\"itemListElement\":[{\"@type\":\"ListItem\",\"position\":1,\"name\":\"Home\",\"item\":\"https:\\\/\\\/mabellevaisselle.com\\\/\"},{\"@type\":\"ListItem\",\"position\":2,\"name\":\"Produits\",\"item\":\"https:\\\/\\\/mabellevaisselle.com\\\/en\\\/products\\\/\"},{\"@type\":\"ListItem\",\"position\":3,\"name\":\"Ensemble de Bols Herm\u00e9tiques\"}]},{\"@type\":\"WebSite\",\"@id\":\"https:\\\/\\\/mabellevaisselle.com\\\/en\\\/#website\",\"url\":\"https:\\\/\\\/mabellevaisselle.com\\\/en\\\/\",\"name\":\"Ma Belle Vaisselle\",\"description\":\"\",\"publisher\":{\"@id\":\"https:\\\/\\\/mabellevaisselle.com\\\/en\\\/#organization\"},\"potentialAction\":[{\"@type\":\"SearchAction\",\"target\":{\"@type\":\"EntryPoint\",\"urlTemplate\":\"https:\\\/\\\/mabellevaisselle.com\\\/en\\\/?s={search_term_string}\"},\"query-input\":{\"@type\":\"PropertyValueSpecification\",\"valueRequired\":true,\"valueName\":\"search_term_string\"}}],\"inLanguage\":\"en-GB\"},{\"@type\":\"Organization\",\"@id\":\"https:\\\/\\\/mabellevaisselle.com\\\/en\\\/#organization\",\"name\":\"Ma Belle Vaisselle\",\"url\":\"https:\\\/\\\/mabellevaisselle.com\\\/en\\\/\",\"logo\":{\"@type\":\"ImageObject\",\"inLanguage\":\"en-GB\",\"@id\":\"https:\\\/\\\/mabellevaisselle.com\\\/en\\\/#\\\/schema\\\/logo\\\/image\\\/\",\"url\":\"https:\\\/\\\/mabellevaisselle.com\\\/wp-content\\\/uploads\\\/2025\\\/09\\\/WhatsApp_Image_2025-09-17_a_15.49.09_381cc5bc-removebg-preview.png\",\"contentUrl\":\"https:\\\/\\\/mabellevaisselle.com\\\/wp-content\\\/uploads\\\/2025\\\/09\\\/WhatsApp_Image_2025-09-17_a_15.49.09_381cc5bc-removebg-preview.png\",\"width\":500,\"height\":500,\"caption\":\"Ma Belle Vaisselle\"},\"image\":{\"@id\":\"https:\\\/\\\/mabellevaisselle.com\\\/en\\\/#\\\/schema\\\/logo\\\/image\\\/\"},\"sameAs\":[\"https:\\\/\\\/www.tiktok.com\\\/@mabellevaiselle?lang=en-GB&is_from_webapp=1&sender_device=mobile&sender_web_id=7468115581947741701\"]}]}<\/script>\n<!-- \/ Yoast SEO plugin. -->","yoast_head_json":{"title":"Ensemble de Bols Herm\u00e9tiques - Ma Belle Vaisselle","description":"Ajoutez une touche d\u2019\u00e9l\u00e9gance \u00e0 votre cuisine avec cet ensemble de Bols Herm\u00e9tiques, d\u00e9cor\u00e9s de magnifiques motifs floraux et d\u2019oiseaux.","robots":{"index":"index","follow":"follow","max-snippet":"max-snippet:-1","max-image-preview":"max-image-preview:large","max-video-preview":"max-video-preview:-1"},"canonical":"https:\/\/mabellevaisselle.com\/en\/product\/ensemble-de-bols-hermetiques\/","og_locale":"en_GB","og_type":"article","og_title":"Ensemble de Bols Herm\u00e9tiques - Ma Belle Vaisselle","og_description":"Ajoutez une touche d\u2019\u00e9l\u00e9gance \u00e0 votre cuisine avec cet ensemble de Bols Herm\u00e9tiques, d\u00e9cor\u00e9s de magnifiques motifs floraux et d\u2019oiseaux.","og_url":"https:\/\/mabellevaisselle.com\/en\/product\/ensemble-de-bols-hermetiques\/","og_site_name":"Ma Belle Vaisselle","article_modified_time":"2025-11-26T11:57:05+00:00","og_image":[{"width":920,"height":1280,"url":"https:\/\/mabellevaisselle.com\/wp-content\/uploads\/2025\/11\/WhatsApp-Image-2025-11-26-a-10.25.13_89953f7b.jpg","type":"image\/jpeg"}],"twitter_card":"summary_large_image","twitter_misc":{"Estimated reading time":"1 minute"},"schema":{"@context":"https:\/\/schema.org","@graph":[{"@type":"WebPage","@id":"https:\/\/mabellevaisselle.com\/en\/product\/ensemble-de-bols-hermetiques\/","url":"https:\/\/mabellevaisselle.com\/en\/product\/ensemble-de-bols-hermetiques\/","name":"Ensemble de Bols Herm\u00e9tiques - Ma Belle Vaisselle","isPartOf":{"@id":"https:\/\/mabellevaisselle.com\/en\/#website"},"primaryImageOfPage":{"@id":"https:\/\/mabellevaisselle.com\/en\/product\/ensemble-de-bols-hermetiques\/#primaryimage"},"image":{"@id":"https:\/\/mabellevaisselle.com\/en\/product\/ensemble-de-bols-hermetiques\/#primaryimage"},"thumbnailUrl":"https:\/\/mabellevaisselle.com\/wp-content\/uploads\/2025\/11\/WhatsApp-Image-2025-11-26-a-10.25.13_89953f7b.jpg","datePublished":"2025-11-26T11:56:05+00:00","dateModified":"2025-11-26T11:57:05+00:00","description":"Ajoutez une touche d\u2019\u00e9l\u00e9gance \u00e0 votre cuisine avec cet ensemble de Bols Herm\u00e9tiques, d\u00e9cor\u00e9s de magnifiques motifs floraux et d\u2019oiseaux.","breadcrumb":{"@id":"https:\/\/mabellevaisselle.com\/en\/product\/ensemble-de-bols-hermetiques\/#breadcrumb"},"inLanguage":"en-GB","potentialAction":[{"@type":"ReadAction","target":["https:\/\/mabellevaisselle.com\/en\/product\/ensemble-de-bols-hermetiques\/"]}]},{"@type":"ImageObject","inLanguage":"en-GB","@id":"https:\/\/mabellevaisselle.com\/en\/product\/ensemble-de-bols-hermetiques\/#primaryimage","url":"https:\/\/mabellevaisselle.com\/wp-content\/uploads\/2025\/11\/WhatsApp-Image-2025-11-26-a-10.25.13_89953f7b.jpg","contentUrl":"https:\/\/mabellevaisselle.com\/wp-content\/uploads\/2025\/11\/WhatsApp-Image-2025-11-26-a-10.25.13_89953f7b.jpg","width":920,"height":1280,"caption":"Tass super"},{"@type":"BreadcrumbList","@id":"https:\/\/mabellevaisselle.com\/en\/product\/ensemble-de-bols-hermetiques\/#breadcrumb","itemListElement":[{"@type":"ListItem","position":1,"name":"Home","item":"https:\/\/mabellevaisselle.com\/"},{"@type":"ListItem","position":2,"name":"Produits","item":"https:\/\/mabellevaisselle.com\/en\/products\/"},{"@type":"ListItem","position":3,"name":"Ensemble de Bols Herm\u00e9tiques"}]},{"@type":"WebSite","@id":"https:\/\/mabellevaisselle.com\/en\/#website","url":"https:\/\/mabellevaisselle.com\/en\/","name":"Ma Belle Vaisselle","description":"","publisher":{"@id":"https:\/\/mabellevaisselle.com\/en\/#organization"},"potentialAction":[{"@type":"SearchAction","target":{"@type":"EntryPoint","urlTemplate":"https:\/\/mabellevaisselle.com\/en\/?s={search_term_string}"},"query-input":{"@type":"PropertyValueSpecification","valueRequired":true,"valueName":"search_term_string"}}],"inLanguage":"en-GB"},{"@type":"Organization","@id":"https:\/\/mabellevaisselle.com\/en\/#organization","name":"Ma Belle Vaisselle","url":"https:\/\/mabellevaisselle.com\/en\/","logo":{"@type":"ImageObject","inLanguage":"en-GB","@id":"https:\/\/mabellevaisselle.com\/en\/#\/schema\/logo\/image\/","url":"https:\/\/mabellevaisselle.com\/wp-content\/uploads\/2025\/09\/WhatsApp_Image_2025-09-17_a_15.49.09_381cc5bc-removebg-preview.png","contentUrl":"https:\/\/mabellevaisselle.com\/wp-content\/uploads\/2025\/09\/WhatsApp_Image_2025-09-17_a_15.49.09_381cc5bc-removebg-preview.png","width":500,"height":500,"caption":"Ma Belle Vaisselle"},"image":{"@id":"https:\/\/mabellevaisselle.com\/en\/#\/schema\/logo\/image\/"},"sameAs":["https:\/\/www.tiktok.com\/@mabellevaiselle?lang=en-GB&is_from_webapp=1&sender_device=mobile&sender_web_id=7468115581947741701"]}]}},"_links":{"self":[{"href":"https:\/\/mabellevaisselle.com\/en\/wp-json\/wp\/v2\/product\/2296","targetHints":{"allow":["GET"]}}],"collection":[{"href":"https:\/\/mabellevaisselle.com\/en\/wp-json\/wp\/v2\/product"}],"about":[{"href":"https:\/\/mabellevaisselle.com\/en\/wp-json\/wp\/v2\/types\/product"}],"replies":[{"embeddable":true,"href":"https:\/\/mabellevaisselle.com\/en\/wp-json\/wp\/v2\/comments?post=2296"}],"wp:featuredmedia":[{"embeddable":true,"href":"https:\/\/mabellevaisselle.com\/en\/wp-json\/wp\/v2\/media\/2297"}],"wp:attachment":[{"href":"https:\/\/mabellevaisselle.com\/en\/wp-json\/wp\/v2\/media?parent=2296"}],"wp:term":[{"taxonomy":"product_brand","embeddable":true,"href":"https:\/\/mabellevaisselle.com\/en\/wp-json\/wp\/v2\/product_brand?post=2296"},{"taxonomy":"product_cat","embeddable":true,"href":"https:\/\/mabellevaisselle.com\/en\/wp-json\/wp\/v2\/product_cat?post=2296"},{"taxonomy":"product_tag","embeddable":true,"href":"https:\/\/mabellevaisselle.com\/en\/wp-json\/wp\/v2\/product_tag?post=2296"}],"curies":[{"name":"wp","href":"https:\/\/api.w.org\/{rel}","templated":true}]}}