{"id":2300,"date":"2025-11-26T12:04:34","date_gmt":"2025-11-26T12:04:34","guid":{"rendered":"https:\/\/mabellevaisselle.com\/?post_type=product&#038;p=2300"},"modified":"2025-11-26T12:04:34","modified_gmt":"2025-11-26T12:04:34","slug":"plat-de-service-premium","status":"publish","type":"product","link":"https:\/\/mabellevaisselle.com\/en\/product\/plat-de-service-premium\/","title":{"rendered":"Plat de Service Premium"},"content":{"rendered":"<h3><strong>\ud83c\udf7d\ufe0f <\/strong><strong>Caract\u00e9ristiques et Avantages :<\/strong><\/h3>\n<ul>\n<li><strong>Design floral haut de gamme<\/strong> : motifs color\u00e9s et soigneusement d\u00e9taill\u00e9s pour une apparence sophistiqu\u00e9e.<\/li>\n<li><strong>Finitions dor\u00e9es<\/strong> : contours et poign\u00e9e du couvercle en dor\u00e9 pour une allure chic et moderne.<\/li>\n<li><strong>Grande capacit\u00e9<\/strong> : id\u00e9al pour servir riz, sauces, plats chauds, salades ou desserts.<\/li>\n<li><strong>Couvercle pratique<\/strong> : garde vos repas chauds plus longtemps et prot\u00e8ge de la poussi\u00e8re.<\/li>\n<li><strong>Mat\u00e9riau de qualit\u00e9<\/strong> : durable, lisse et facile \u00e0 nettoyer.<\/li>\n<li><strong>Polyvalent<\/strong> : parfait pour les repas familiaux, les f\u00eates, r\u00e9ceptions et buffets.<\/li>\n<\/ul>","protected":false},"excerpt":{"rendered":"<p>\u00c9l\u00e9gant, pratique et raffin\u00e9, ce plat de service avec couvercle est l\u2019accessoire parfait pour sublimer vos repas. Son design floral d\u00e9licat, associ\u00e9 \u00e0 des bordures dor\u00e9es, apporte une touche de luxe \u00e0 votre table.<\/p>","protected":false},"featured_media":2301,"comment_status":"open","ping_status":"closed","template":"","meta":[],"product_brand":[],"product_cat":[36],"product_tag":[],"class_list":{"0":"post-2300","1":"product","2":"type-product","3":"status-publish","4":"has-post-thumbnail","6":"product_cat-tasses-super","8":"first","9":"instock","10":"taxable","11":"shipping-taxable","12":"purchasable","13":"product-type-simple"},"yoast_head":"<!-- This site is optimized with the Yoast SEO plugin v27.4 - https:\/\/yoast.com\/product\/yoast-seo-wordpress\/ -->\n<title>Plat de Service Premium - Ma Belle Vaisselle<\/title>\n<meta name=\"description\" content=\"\u00c9l\u00e9gant, pratique et raffin\u00e9, ce plat de service est l\u2019accessoire parfait pour sublimer vos repas. Son design floral d\u00e9licat, associ\u00e9 \u00e0 des bordures dor\u00e9es, apporte une touche de luxe \u00e0 votre table.\" \/>\n<meta name=\"robots\" content=\"index, follow, max-snippet:-1, max-image-preview:large, max-video-preview:-1\" \/>\n<link rel=\"canonical\" href=\"https:\/\/mabellevaisselle.com\/en\/product\/plat-de-service-premium\/\" \/>\n<meta property=\"og:locale\" content=\"en_GB\" \/>\n<meta property=\"og:type\" content=\"article\" \/>\n<meta property=\"og:title\" content=\"Plat de Service Premium - Ma Belle Vaisselle\" \/>\n<meta property=\"og:description\" content=\"\u00c9l\u00e9gant, pratique et raffin\u00e9, ce plat de service est l\u2019accessoire parfait pour sublimer vos repas. Son design floral d\u00e9licat, associ\u00e9 \u00e0 des bordures dor\u00e9es, apporte une touche de luxe \u00e0 votre table.\" \/>\n<meta property=\"og:url\" content=\"https:\/\/mabellevaisselle.com\/en\/product\/plat-de-service-premium\/\" \/>\n<meta property=\"og:site_name\" content=\"Ma Belle Vaisselle\" \/>\n<meta property=\"og:image\" content=\"https:\/\/mabellevaisselle.com\/wp-content\/uploads\/2025\/11\/WhatsApp-Image-2025-11-26-a-10.24.13_70ea70c4.jpg\" \/>\n\t<meta property=\"og:image:width\" content=\"1170\" \/>\n\t<meta property=\"og:image:height\" content=\"1215\" \/>\n\t<meta property=\"og:image:type\" content=\"image\/jpeg\" \/>\n<meta name=\"twitter:card\" content=\"summary_large_image\" \/>\n<meta name=\"twitter:label1\" content=\"Estimated reading time\" \/>\n\t<meta name=\"twitter:data1\" content=\"1 minute\" \/>\n<script type=\"application\/ld+json\" class=\"yoast-schema-graph\">{\"@context\":\"https:\\\/\\\/schema.org\",\"@graph\":[{\"@type\":\"WebPage\",\"@id\":\"https:\\\/\\\/mabellevaisselle.com\\\/en\\\/product\\\/plat-de-service-premium\\\/\",\"url\":\"https:\\\/\\\/mabellevaisselle.com\\\/en\\\/product\\\/plat-de-service-premium\\\/\",\"name\":\"Plat de Service Premium - Ma Belle Vaisselle\",\"isPartOf\":{\"@id\":\"https:\\\/\\\/mabellevaisselle.com\\\/en\\\/#website\"},\"primaryImageOfPage\":{\"@id\":\"https:\\\/\\\/mabellevaisselle.com\\\/en\\\/product\\\/plat-de-service-premium\\\/#primaryimage\"},\"image\":{\"@id\":\"https:\\\/\\\/mabellevaisselle.com\\\/en\\\/product\\\/plat-de-service-premium\\\/#primaryimage\"},\"thumbnailUrl\":\"https:\\\/\\\/mabellevaisselle.com\\\/wp-content\\\/uploads\\\/2025\\\/11\\\/WhatsApp-Image-2025-11-26-a-10.24.13_70ea70c4.jpg\",\"datePublished\":\"2025-11-26T12:04:34+00:00\",\"description\":\"\u00c9l\u00e9gant, pratique et raffin\u00e9, ce plat de service est l\u2019accessoire parfait pour sublimer vos repas. Son design floral d\u00e9licat, associ\u00e9 \u00e0 des bordures dor\u00e9es, apporte une touche de luxe \u00e0 votre table.\",\"breadcrumb\":{\"@id\":\"https:\\\/\\\/mabellevaisselle.com\\\/en\\\/product\\\/plat-de-service-premium\\\/#breadcrumb\"},\"inLanguage\":\"en-GB\",\"potentialAction\":[{\"@type\":\"ReadAction\",\"target\":[\"https:\\\/\\\/mabellevaisselle.com\\\/en\\\/product\\\/plat-de-service-premium\\\/\"]}]},{\"@type\":\"ImageObject\",\"inLanguage\":\"en-GB\",\"@id\":\"https:\\\/\\\/mabellevaisselle.com\\\/en\\\/product\\\/plat-de-service-premium\\\/#primaryimage\",\"url\":\"https:\\\/\\\/mabellevaisselle.com\\\/wp-content\\\/uploads\\\/2025\\\/11\\\/WhatsApp-Image-2025-11-26-a-10.24.13_70ea70c4.jpg\",\"contentUrl\":\"https:\\\/\\\/mabellevaisselle.com\\\/wp-content\\\/uploads\\\/2025\\\/11\\\/WhatsApp-Image-2025-11-26-a-10.24.13_70ea70c4.jpg\",\"width\":1170,\"height\":1215,\"caption\":\"Tass super\"},{\"@type\":\"BreadcrumbList\",\"@id\":\"https:\\\/\\\/mabellevaisselle.com\\\/en\\\/product\\\/plat-de-service-premium\\\/#breadcrumb\",\"itemListElement\":[{\"@type\":\"ListItem\",\"position\":1,\"name\":\"Home\",\"item\":\"https:\\\/\\\/mabellevaisselle.com\\\/\"},{\"@type\":\"ListItem\",\"position\":2,\"name\":\"Produits\",\"item\":\"https:\\\/\\\/mabellevaisselle.com\\\/en\\\/products\\\/\"},{\"@type\":\"ListItem\",\"position\":3,\"name\":\"Plat de Service Premium\"}]},{\"@type\":\"WebSite\",\"@id\":\"https:\\\/\\\/mabellevaisselle.com\\\/en\\\/#website\",\"url\":\"https:\\\/\\\/mabellevaisselle.com\\\/en\\\/\",\"name\":\"Ma Belle Vaisselle\",\"description\":\"\",\"publisher\":{\"@id\":\"https:\\\/\\\/mabellevaisselle.com\\\/en\\\/#organization\"},\"potentialAction\":[{\"@type\":\"SearchAction\",\"target\":{\"@type\":\"EntryPoint\",\"urlTemplate\":\"https:\\\/\\\/mabellevaisselle.com\\\/en\\\/?s={search_term_string}\"},\"query-input\":{\"@type\":\"PropertyValueSpecification\",\"valueRequired\":true,\"valueName\":\"search_term_string\"}}],\"inLanguage\":\"en-GB\"},{\"@type\":\"Organization\",\"@id\":\"https:\\\/\\\/mabellevaisselle.com\\\/en\\\/#organization\",\"name\":\"Ma Belle Vaisselle\",\"url\":\"https:\\\/\\\/mabellevaisselle.com\\\/en\\\/\",\"logo\":{\"@type\":\"ImageObject\",\"inLanguage\":\"en-GB\",\"@id\":\"https:\\\/\\\/mabellevaisselle.com\\\/en\\\/#\\\/schema\\\/logo\\\/image\\\/\",\"url\":\"https:\\\/\\\/mabellevaisselle.com\\\/wp-content\\\/uploads\\\/2025\\\/09\\\/WhatsApp_Image_2025-09-17_a_15.49.09_381cc5bc-removebg-preview.png\",\"contentUrl\":\"https:\\\/\\\/mabellevaisselle.com\\\/wp-content\\\/uploads\\\/2025\\\/09\\\/WhatsApp_Image_2025-09-17_a_15.49.09_381cc5bc-removebg-preview.png\",\"width\":500,\"height\":500,\"caption\":\"Ma Belle Vaisselle\"},\"image\":{\"@id\":\"https:\\\/\\\/mabellevaisselle.com\\\/en\\\/#\\\/schema\\\/logo\\\/image\\\/\"},\"sameAs\":[\"https:\\\/\\\/www.tiktok.com\\\/@mabellevaiselle?lang=en-GB&is_from_webapp=1&sender_device=mobile&sender_web_id=7468115581947741701\"]}]}<\/script>\n<!-- \/ Yoast SEO plugin. -->","yoast_head_json":{"title":"Plat de Service Premium - Ma Belle Vaisselle","description":"\u00c9l\u00e9gant, pratique et raffin\u00e9, ce plat de service est l\u2019accessoire parfait pour sublimer vos repas. Son design floral d\u00e9licat, associ\u00e9 \u00e0 des bordures dor\u00e9es, apporte une touche de luxe \u00e0 votre table.","robots":{"index":"index","follow":"follow","max-snippet":"max-snippet:-1","max-image-preview":"max-image-preview:large","max-video-preview":"max-video-preview:-1"},"canonical":"https:\/\/mabellevaisselle.com\/en\/product\/plat-de-service-premium\/","og_locale":"en_GB","og_type":"article","og_title":"Plat de Service Premium - Ma Belle Vaisselle","og_description":"\u00c9l\u00e9gant, pratique et raffin\u00e9, ce plat de service est l\u2019accessoire parfait pour sublimer vos repas. Son design floral d\u00e9licat, associ\u00e9 \u00e0 des bordures dor\u00e9es, apporte une touche de luxe \u00e0 votre table.","og_url":"https:\/\/mabellevaisselle.com\/en\/product\/plat-de-service-premium\/","og_site_name":"Ma Belle Vaisselle","og_image":[{"width":1170,"height":1215,"url":"https:\/\/mabellevaisselle.com\/wp-content\/uploads\/2025\/11\/WhatsApp-Image-2025-11-26-a-10.24.13_70ea70c4.jpg","type":"image\/jpeg"}],"twitter_card":"summary_large_image","twitter_misc":{"Estimated reading time":"1 minute"},"schema":{"@context":"https:\/\/schema.org","@graph":[{"@type":"WebPage","@id":"https:\/\/mabellevaisselle.com\/en\/product\/plat-de-service-premium\/","url":"https:\/\/mabellevaisselle.com\/en\/product\/plat-de-service-premium\/","name":"Plat de Service Premium - Ma Belle Vaisselle","isPartOf":{"@id":"https:\/\/mabellevaisselle.com\/en\/#website"},"primaryImageOfPage":{"@id":"https:\/\/mabellevaisselle.com\/en\/product\/plat-de-service-premium\/#primaryimage"},"image":{"@id":"https:\/\/mabellevaisselle.com\/en\/product\/plat-de-service-premium\/#primaryimage"},"thumbnailUrl":"https:\/\/mabellevaisselle.com\/wp-content\/uploads\/2025\/11\/WhatsApp-Image-2025-11-26-a-10.24.13_70ea70c4.jpg","datePublished":"2025-11-26T12:04:34+00:00","description":"\u00c9l\u00e9gant, pratique et raffin\u00e9, ce plat de service est l\u2019accessoire parfait pour sublimer vos repas. Son design floral d\u00e9licat, associ\u00e9 \u00e0 des bordures dor\u00e9es, apporte une touche de luxe \u00e0 votre table.","breadcrumb":{"@id":"https:\/\/mabellevaisselle.com\/en\/product\/plat-de-service-premium\/#breadcrumb"},"inLanguage":"en-GB","potentialAction":[{"@type":"ReadAction","target":["https:\/\/mabellevaisselle.com\/en\/product\/plat-de-service-premium\/"]}]},{"@type":"ImageObject","inLanguage":"en-GB","@id":"https:\/\/mabellevaisselle.com\/en\/product\/plat-de-service-premium\/#primaryimage","url":"https:\/\/mabellevaisselle.com\/wp-content\/uploads\/2025\/11\/WhatsApp-Image-2025-11-26-a-10.24.13_70ea70c4.jpg","contentUrl":"https:\/\/mabellevaisselle.com\/wp-content\/uploads\/2025\/11\/WhatsApp-Image-2025-11-26-a-10.24.13_70ea70c4.jpg","width":1170,"height":1215,"caption":"Tass super"},{"@type":"BreadcrumbList","@id":"https:\/\/mabellevaisselle.com\/en\/product\/plat-de-service-premium\/#breadcrumb","itemListElement":[{"@type":"ListItem","position":1,"name":"Home","item":"https:\/\/mabellevaisselle.com\/"},{"@type":"ListItem","position":2,"name":"Produits","item":"https:\/\/mabellevaisselle.com\/en\/products\/"},{"@type":"ListItem","position":3,"name":"Plat de Service Premium"}]},{"@type":"WebSite","@id":"https:\/\/mabellevaisselle.com\/en\/#website","url":"https:\/\/mabellevaisselle.com\/en\/","name":"Ma Belle Vaisselle","description":"","publisher":{"@id":"https:\/\/mabellevaisselle.com\/en\/#organization"},"potentialAction":[{"@type":"SearchAction","target":{"@type":"EntryPoint","urlTemplate":"https:\/\/mabellevaisselle.com\/en\/?s={search_term_string}"},"query-input":{"@type":"PropertyValueSpecification","valueRequired":true,"valueName":"search_term_string"}}],"inLanguage":"en-GB"},{"@type":"Organization","@id":"https:\/\/mabellevaisselle.com\/en\/#organization","name":"Ma Belle Vaisselle","url":"https:\/\/mabellevaisselle.com\/en\/","logo":{"@type":"ImageObject","inLanguage":"en-GB","@id":"https:\/\/mabellevaisselle.com\/en\/#\/schema\/logo\/image\/","url":"https:\/\/mabellevaisselle.com\/wp-content\/uploads\/2025\/09\/WhatsApp_Image_2025-09-17_a_15.49.09_381cc5bc-removebg-preview.png","contentUrl":"https:\/\/mabellevaisselle.com\/wp-content\/uploads\/2025\/09\/WhatsApp_Image_2025-09-17_a_15.49.09_381cc5bc-removebg-preview.png","width":500,"height":500,"caption":"Ma Belle Vaisselle"},"image":{"@id":"https:\/\/mabellevaisselle.com\/en\/#\/schema\/logo\/image\/"},"sameAs":["https:\/\/www.tiktok.com\/@mabellevaiselle?lang=en-GB&is_from_webapp=1&sender_device=mobile&sender_web_id=7468115581947741701"]}]}},"_links":{"self":[{"href":"https:\/\/mabellevaisselle.com\/en\/wp-json\/wp\/v2\/product\/2300","targetHints":{"allow":["GET"]}}],"collection":[{"href":"https:\/\/mabellevaisselle.com\/en\/wp-json\/wp\/v2\/product"}],"about":[{"href":"https:\/\/mabellevaisselle.com\/en\/wp-json\/wp\/v2\/types\/product"}],"replies":[{"embeddable":true,"href":"https:\/\/mabellevaisselle.com\/en\/wp-json\/wp\/v2\/comments?post=2300"}],"wp:featuredmedia":[{"embeddable":true,"href":"https:\/\/mabellevaisselle.com\/en\/wp-json\/wp\/v2\/media\/2301"}],"wp:attachment":[{"href":"https:\/\/mabellevaisselle.com\/en\/wp-json\/wp\/v2\/media?parent=2300"}],"wp:term":[{"taxonomy":"product_brand","embeddable":true,"href":"https:\/\/mabellevaisselle.com\/en\/wp-json\/wp\/v2\/product_brand?post=2300"},{"taxonomy":"product_cat","embeddable":true,"href":"https:\/\/mabellevaisselle.com\/en\/wp-json\/wp\/v2\/product_cat?post=2300"},{"taxonomy":"product_tag","embeddable":true,"href":"https:\/\/mabellevaisselle.com\/en\/wp-json\/wp\/v2\/product_tag?post=2300"}],"curies":[{"name":"wp","href":"https:\/\/api.w.org\/{rel}","templated":true}]}}