{"id":2304,"date":"2025-11-26T12:15:54","date_gmt":"2025-11-26T12:15:54","guid":{"rendered":"https:\/\/mabellevaisselle.com\/?post_type=product&#038;p=2304"},"modified":"2025-11-26T12:15:54","modified_gmt":"2025-11-26T12:15:54","slug":"collection-de-bols-fleuris-3-pieces","status":"publish","type":"product","link":"https:\/\/mabellevaisselle.com\/en\/product\/collection-de-bols-fleuris-3-pieces\/","title":{"rendered":"Collection de Bols Fleuris \u2013 3 Pi\u00e8ces"},"content":{"rendered":"<h4><strong>Caract\u00e9ristiques et Avantages :<\/strong><\/h4>\n<ul>\n<li><strong>3 tailles diff\u00e9rentes<\/strong> pour s\u2019adapter \u00e0 tous vos besoins (salades, fruits, repas, \u2026).<\/li>\n<li><strong>Beaux motifs floraux<\/strong> : couleurs vives, style doux et harmonieux.<\/li>\n<li><strong>Couvercles herm\u00e9tiques<\/strong> : prot\u00e8gent vos aliments et gardent la fra\u00eecheur.<\/li>\n<li><strong>Mat\u00e9riau solide et l\u00e9ger<\/strong> : facile \u00e0 utiliser, transporter et nettoyer.<\/li>\n<li><strong>Polyvalents<\/strong> : r\u00e9frig\u00e9rateur, pique-nique, rangement, service \u00e0 table, Buffet.<\/li>\n<\/ul>","protected":false},"excerpt":{"rendered":"<p>Ajoutez du style \u00e0 votre cuisine avec ce magnifique collection de 3 bols d\u00e9cor\u00e9s de jolis motifs floraux. Pratiques et esth\u00e9tiques, ils sont parfaits pour conserver vos aliments tout en apportant une touche de fra\u00eecheur \u00e0 votre table.<\/p>","protected":false},"featured_media":2306,"comment_status":"open","ping_status":"closed","template":"","meta":[],"product_brand":[],"product_cat":[36],"product_tag":[],"class_list":{"0":"post-2304","1":"product","2":"type-product","3":"status-publish","4":"has-post-thumbnail","6":"product_cat-tasses-super","8":"first","9":"instock","10":"taxable","11":"shipping-taxable","12":"purchasable","13":"product-type-simple"},"yoast_head":"<!-- This site is optimized with the Yoast SEO plugin v27.4 - https:\/\/yoast.com\/product\/yoast-seo-wordpress\/ -->\n<title>Collection de Bols Fleuris \u2013 3 Pi\u00e8ces - Ma Belle Vaisselle<\/title>\n<meta name=\"description\" content=\"Ajoutez du style \u00e0 votre cuisine avec ce magnifique collection de 3 bols d\u00e9cor\u00e9s de jolis motifs floraux. Pratiques et esth\u00e9tiques, et parfaits pour conserver vos aliments.\" \/>\n<meta name=\"robots\" content=\"index, follow, max-snippet:-1, max-image-preview:large, max-video-preview:-1\" \/>\n<link rel=\"canonical\" href=\"https:\/\/mabellevaisselle.com\/en\/product\/collection-de-bols-fleuris-3-pieces\/\" \/>\n<meta property=\"og:locale\" content=\"en_GB\" \/>\n<meta property=\"og:type\" content=\"article\" \/>\n<meta property=\"og:title\" content=\"Collection de Bols Fleuris \u2013 3 Pi\u00e8ces - Ma Belle Vaisselle\" \/>\n<meta property=\"og:description\" content=\"Ajoutez du style \u00e0 votre cuisine avec ce magnifique collection de 3 bols d\u00e9cor\u00e9s de jolis motifs floraux. Pratiques et esth\u00e9tiques, et parfaits pour conserver vos aliments.\" \/>\n<meta property=\"og:url\" content=\"https:\/\/mabellevaisselle.com\/en\/product\/collection-de-bols-fleuris-3-pieces\/\" \/>\n<meta property=\"og:site_name\" content=\"Ma Belle Vaisselle\" \/>\n<meta property=\"og:image\" content=\"https:\/\/mabellevaisselle.com\/wp-content\/uploads\/2025\/11\/WhatsApp-Image-2025-11-26-a-11.35.31_8491da87.jpg\" \/>\n\t<meta property=\"og:image:width\" content=\"1080\" \/>\n\t<meta property=\"og:image:height\" content=\"1064\" \/>\n\t<meta property=\"og:image:type\" content=\"image\/jpeg\" \/>\n<meta name=\"twitter:card\" content=\"summary_large_image\" \/>\n<meta name=\"twitter:label1\" content=\"Estimated reading time\" \/>\n\t<meta name=\"twitter:data1\" content=\"1 minute\" \/>\n<script type=\"application\/ld+json\" class=\"yoast-schema-graph\">{\"@context\":\"https:\\\/\\\/schema.org\",\"@graph\":[{\"@type\":\"WebPage\",\"@id\":\"https:\\\/\\\/mabellevaisselle.com\\\/en\\\/product\\\/collection-de-bols-fleuris-3-pieces\\\/\",\"url\":\"https:\\\/\\\/mabellevaisselle.com\\\/en\\\/product\\\/collection-de-bols-fleuris-3-pieces\\\/\",\"name\":\"Collection de Bols Fleuris \u2013 3 Pi\u00e8ces - Ma Belle Vaisselle\",\"isPartOf\":{\"@id\":\"https:\\\/\\\/mabellevaisselle.com\\\/en\\\/#website\"},\"primaryImageOfPage\":{\"@id\":\"https:\\\/\\\/mabellevaisselle.com\\\/en\\\/product\\\/collection-de-bols-fleuris-3-pieces\\\/#primaryimage\"},\"image\":{\"@id\":\"https:\\\/\\\/mabellevaisselle.com\\\/en\\\/product\\\/collection-de-bols-fleuris-3-pieces\\\/#primaryimage\"},\"thumbnailUrl\":\"https:\\\/\\\/mabellevaisselle.com\\\/wp-content\\\/uploads\\\/2025\\\/11\\\/WhatsApp-Image-2025-11-26-a-11.35.31_8491da87.jpg\",\"datePublished\":\"2025-11-26T12:15:54+00:00\",\"description\":\"Ajoutez du style \u00e0 votre cuisine avec ce magnifique collection de 3 bols d\u00e9cor\u00e9s de jolis motifs floraux. Pratiques et esth\u00e9tiques, et parfaits pour conserver vos aliments.\",\"breadcrumb\":{\"@id\":\"https:\\\/\\\/mabellevaisselle.com\\\/en\\\/product\\\/collection-de-bols-fleuris-3-pieces\\\/#breadcrumb\"},\"inLanguage\":\"en-GB\",\"potentialAction\":[{\"@type\":\"ReadAction\",\"target\":[\"https:\\\/\\\/mabellevaisselle.com\\\/en\\\/product\\\/collection-de-bols-fleuris-3-pieces\\\/\"]}]},{\"@type\":\"ImageObject\",\"inLanguage\":\"en-GB\",\"@id\":\"https:\\\/\\\/mabellevaisselle.com\\\/en\\\/product\\\/collection-de-bols-fleuris-3-pieces\\\/#primaryimage\",\"url\":\"https:\\\/\\\/mabellevaisselle.com\\\/wp-content\\\/uploads\\\/2025\\\/11\\\/WhatsApp-Image-2025-11-26-a-11.35.31_8491da87.jpg\",\"contentUrl\":\"https:\\\/\\\/mabellevaisselle.com\\\/wp-content\\\/uploads\\\/2025\\\/11\\\/WhatsApp-Image-2025-11-26-a-11.35.31_8491da87.jpg\",\"width\":1080,\"height\":1064,\"caption\":\"Tass Super\"},{\"@type\":\"BreadcrumbList\",\"@id\":\"https:\\\/\\\/mabellevaisselle.com\\\/en\\\/product\\\/collection-de-bols-fleuris-3-pieces\\\/#breadcrumb\",\"itemListElement\":[{\"@type\":\"ListItem\",\"position\":1,\"name\":\"Home\",\"item\":\"https:\\\/\\\/mabellevaisselle.com\\\/\"},{\"@type\":\"ListItem\",\"position\":2,\"name\":\"Produits\",\"item\":\"https:\\\/\\\/mabellevaisselle.com\\\/en\\\/products\\\/\"},{\"@type\":\"ListItem\",\"position\":3,\"name\":\"Collection de Bols Fleuris \u2013 3 Pi\u00e8ces\"}]},{\"@type\":\"WebSite\",\"@id\":\"https:\\\/\\\/mabellevaisselle.com\\\/en\\\/#website\",\"url\":\"https:\\\/\\\/mabellevaisselle.com\\\/en\\\/\",\"name\":\"Ma Belle Vaisselle\",\"description\":\"\",\"publisher\":{\"@id\":\"https:\\\/\\\/mabellevaisselle.com\\\/en\\\/#organization\"},\"potentialAction\":[{\"@type\":\"SearchAction\",\"target\":{\"@type\":\"EntryPoint\",\"urlTemplate\":\"https:\\\/\\\/mabellevaisselle.com\\\/en\\\/?s={search_term_string}\"},\"query-input\":{\"@type\":\"PropertyValueSpecification\",\"valueRequired\":true,\"valueName\":\"search_term_string\"}}],\"inLanguage\":\"en-GB\"},{\"@type\":\"Organization\",\"@id\":\"https:\\\/\\\/mabellevaisselle.com\\\/en\\\/#organization\",\"name\":\"Ma Belle Vaisselle\",\"url\":\"https:\\\/\\\/mabellevaisselle.com\\\/en\\\/\",\"logo\":{\"@type\":\"ImageObject\",\"inLanguage\":\"en-GB\",\"@id\":\"https:\\\/\\\/mabellevaisselle.com\\\/en\\\/#\\\/schema\\\/logo\\\/image\\\/\",\"url\":\"https:\\\/\\\/mabellevaisselle.com\\\/wp-content\\\/uploads\\\/2025\\\/09\\\/WhatsApp_Image_2025-09-17_a_15.49.09_381cc5bc-removebg-preview.png\",\"contentUrl\":\"https:\\\/\\\/mabellevaisselle.com\\\/wp-content\\\/uploads\\\/2025\\\/09\\\/WhatsApp_Image_2025-09-17_a_15.49.09_381cc5bc-removebg-preview.png\",\"width\":500,\"height\":500,\"caption\":\"Ma Belle Vaisselle\"},\"image\":{\"@id\":\"https:\\\/\\\/mabellevaisselle.com\\\/en\\\/#\\\/schema\\\/logo\\\/image\\\/\"},\"sameAs\":[\"https:\\\/\\\/www.tiktok.com\\\/@mabellevaiselle?lang=en-GB&is_from_webapp=1&sender_device=mobile&sender_web_id=7468115581947741701\"]}]}<\/script>\n<!-- \/ Yoast SEO plugin. -->","yoast_head_json":{"title":"Collection de Bols Fleuris \u2013 3 Pi\u00e8ces - Ma Belle Vaisselle","description":"Ajoutez du style \u00e0 votre cuisine avec ce magnifique collection de 3 bols d\u00e9cor\u00e9s de jolis motifs floraux. Pratiques et esth\u00e9tiques, et parfaits pour conserver vos aliments.","robots":{"index":"index","follow":"follow","max-snippet":"max-snippet:-1","max-image-preview":"max-image-preview:large","max-video-preview":"max-video-preview:-1"},"canonical":"https:\/\/mabellevaisselle.com\/en\/product\/collection-de-bols-fleuris-3-pieces\/","og_locale":"en_GB","og_type":"article","og_title":"Collection de Bols Fleuris \u2013 3 Pi\u00e8ces - Ma Belle Vaisselle","og_description":"Ajoutez du style \u00e0 votre cuisine avec ce magnifique collection de 3 bols d\u00e9cor\u00e9s de jolis motifs floraux. Pratiques et esth\u00e9tiques, et parfaits pour conserver vos aliments.","og_url":"https:\/\/mabellevaisselle.com\/en\/product\/collection-de-bols-fleuris-3-pieces\/","og_site_name":"Ma Belle Vaisselle","og_image":[{"width":1080,"height":1064,"url":"https:\/\/mabellevaisselle.com\/wp-content\/uploads\/2025\/11\/WhatsApp-Image-2025-11-26-a-11.35.31_8491da87.jpg","type":"image\/jpeg"}],"twitter_card":"summary_large_image","twitter_misc":{"Estimated reading time":"1 minute"},"schema":{"@context":"https:\/\/schema.org","@graph":[{"@type":"WebPage","@id":"https:\/\/mabellevaisselle.com\/en\/product\/collection-de-bols-fleuris-3-pieces\/","url":"https:\/\/mabellevaisselle.com\/en\/product\/collection-de-bols-fleuris-3-pieces\/","name":"Collection de Bols Fleuris \u2013 3 Pi\u00e8ces - Ma Belle Vaisselle","isPartOf":{"@id":"https:\/\/mabellevaisselle.com\/en\/#website"},"primaryImageOfPage":{"@id":"https:\/\/mabellevaisselle.com\/en\/product\/collection-de-bols-fleuris-3-pieces\/#primaryimage"},"image":{"@id":"https:\/\/mabellevaisselle.com\/en\/product\/collection-de-bols-fleuris-3-pieces\/#primaryimage"},"thumbnailUrl":"https:\/\/mabellevaisselle.com\/wp-content\/uploads\/2025\/11\/WhatsApp-Image-2025-11-26-a-11.35.31_8491da87.jpg","datePublished":"2025-11-26T12:15:54+00:00","description":"Ajoutez du style \u00e0 votre cuisine avec ce magnifique collection de 3 bols d\u00e9cor\u00e9s de jolis motifs floraux. Pratiques et esth\u00e9tiques, et parfaits pour conserver vos aliments.","breadcrumb":{"@id":"https:\/\/mabellevaisselle.com\/en\/product\/collection-de-bols-fleuris-3-pieces\/#breadcrumb"},"inLanguage":"en-GB","potentialAction":[{"@type":"ReadAction","target":["https:\/\/mabellevaisselle.com\/en\/product\/collection-de-bols-fleuris-3-pieces\/"]}]},{"@type":"ImageObject","inLanguage":"en-GB","@id":"https:\/\/mabellevaisselle.com\/en\/product\/collection-de-bols-fleuris-3-pieces\/#primaryimage","url":"https:\/\/mabellevaisselle.com\/wp-content\/uploads\/2025\/11\/WhatsApp-Image-2025-11-26-a-11.35.31_8491da87.jpg","contentUrl":"https:\/\/mabellevaisselle.com\/wp-content\/uploads\/2025\/11\/WhatsApp-Image-2025-11-26-a-11.35.31_8491da87.jpg","width":1080,"height":1064,"caption":"Tass Super"},{"@type":"BreadcrumbList","@id":"https:\/\/mabellevaisselle.com\/en\/product\/collection-de-bols-fleuris-3-pieces\/#breadcrumb","itemListElement":[{"@type":"ListItem","position":1,"name":"Home","item":"https:\/\/mabellevaisselle.com\/"},{"@type":"ListItem","position":2,"name":"Produits","item":"https:\/\/mabellevaisselle.com\/en\/products\/"},{"@type":"ListItem","position":3,"name":"Collection de Bols Fleuris \u2013 3 Pi\u00e8ces"}]},{"@type":"WebSite","@id":"https:\/\/mabellevaisselle.com\/en\/#website","url":"https:\/\/mabellevaisselle.com\/en\/","name":"Ma Belle Vaisselle","description":"","publisher":{"@id":"https:\/\/mabellevaisselle.com\/en\/#organization"},"potentialAction":[{"@type":"SearchAction","target":{"@type":"EntryPoint","urlTemplate":"https:\/\/mabellevaisselle.com\/en\/?s={search_term_string}"},"query-input":{"@type":"PropertyValueSpecification","valueRequired":true,"valueName":"search_term_string"}}],"inLanguage":"en-GB"},{"@type":"Organization","@id":"https:\/\/mabellevaisselle.com\/en\/#organization","name":"Ma Belle Vaisselle","url":"https:\/\/mabellevaisselle.com\/en\/","logo":{"@type":"ImageObject","inLanguage":"en-GB","@id":"https:\/\/mabellevaisselle.com\/en\/#\/schema\/logo\/image\/","url":"https:\/\/mabellevaisselle.com\/wp-content\/uploads\/2025\/09\/WhatsApp_Image_2025-09-17_a_15.49.09_381cc5bc-removebg-preview.png","contentUrl":"https:\/\/mabellevaisselle.com\/wp-content\/uploads\/2025\/09\/WhatsApp_Image_2025-09-17_a_15.49.09_381cc5bc-removebg-preview.png","width":500,"height":500,"caption":"Ma Belle Vaisselle"},"image":{"@id":"https:\/\/mabellevaisselle.com\/en\/#\/schema\/logo\/image\/"},"sameAs":["https:\/\/www.tiktok.com\/@mabellevaiselle?lang=en-GB&is_from_webapp=1&sender_device=mobile&sender_web_id=7468115581947741701"]}]}},"_links":{"self":[{"href":"https:\/\/mabellevaisselle.com\/en\/wp-json\/wp\/v2\/product\/2304","targetHints":{"allow":["GET"]}}],"collection":[{"href":"https:\/\/mabellevaisselle.com\/en\/wp-json\/wp\/v2\/product"}],"about":[{"href":"https:\/\/mabellevaisselle.com\/en\/wp-json\/wp\/v2\/types\/product"}],"replies":[{"embeddable":true,"href":"https:\/\/mabellevaisselle.com\/en\/wp-json\/wp\/v2\/comments?post=2304"}],"wp:featuredmedia":[{"embeddable":true,"href":"https:\/\/mabellevaisselle.com\/en\/wp-json\/wp\/v2\/media\/2306"}],"wp:attachment":[{"href":"https:\/\/mabellevaisselle.com\/en\/wp-json\/wp\/v2\/media?parent=2304"}],"wp:term":[{"taxonomy":"product_brand","embeddable":true,"href":"https:\/\/mabellevaisselle.com\/en\/wp-json\/wp\/v2\/product_brand?post=2304"},{"taxonomy":"product_cat","embeddable":true,"href":"https:\/\/mabellevaisselle.com\/en\/wp-json\/wp\/v2\/product_cat?post=2304"},{"taxonomy":"product_tag","embeddable":true,"href":"https:\/\/mabellevaisselle.com\/en\/wp-json\/wp\/v2\/product_tag?post=2304"}],"curies":[{"name":"wp","href":"https:\/\/api.w.org\/{rel}","templated":true}]}}